{"id":228540,"date":"2022-10-20T18:39:56","date_gmt":"2022-10-20T16:39:56","guid":{"rendered":"http:\/\/dev.claret.cat\/producte\/la-guerra-civil-espanola-en-euskadi-y-catalunya\/"},"modified":"2023-01-28T16:08:58","modified_gmt":"2023-01-28T15:08:58","slug":"la-guerra-civil-espanola-en-euskadi-y-catalunya-9788494298196","status":"publish","type":"product","link":"https:\/\/www.claret.cat\/es\/libro\/la-guerra-civil-espanola-en-euskadi-y-catalunya-9788494298196\/","title":{"rendered":"LA GUERRA CIVIL ESPA\u00d1OLA EN EUSKADI Y CATALUNYA"},"content":{"rendered":"<p>Este texto de gran calidad no es un resumen hist\u00f3rico al uso de la Guerra Civil espa\u00f1ola, sobre la que existe ya una muy amplia literatura. Miguel Romero no era un historiador profesional, sino un autor marxista revolucionario que cuestionaba la historia convencional e intentaba aproximarse a ella desde el punto de vista de los vencidos. Dejando al margen los t\u00f3picos y la ret\u00f3rica revolucionaria, el punto de partida metodol\u00f3gico de este trabajo le permite demostrar que la derrota de los revolucionarios en el campo republicano (particularmente en Catalunya en la primavera de 1937) allan\u00f3 el camino a la victoria de Franco.<\/p>\n","protected":false},"excerpt":{"rendered":"<p>MIGUEL ROMERO<\/p>\n","protected":false},"featured_media":228541,"template":"","meta":{"_acf_changed":false,"om_disable_all_campaigns":false,"rs_blank_template":"","rs_page_bg_color":"","slide_template_v7":"","inline_featured_image":false,"_monsterinsights_skip_tracking":false,"_monsterinsights_sitenote_active":false,"_monsterinsights_sitenote_note":"","_monsterinsights_sitenote_category":0},"product_brand":[],"product_cat":[85],"product_tag":[],"class_list":{"0":"post-228540","1":"product","2":"type-product","3":"status-publish","4":"has-post-thumbnail","6":"product_cat-historia","8":"first","9":"instock","10":"taxable","11":"shipping-taxable","12":"purchasable","13":"product-type-simple"},"acf":{"autor":"MIGUEL ROMERO","codart":"849429819","libros-coleccion":"","ediciones":"1","encuadernacion":"R\u00fastica","fecha_de_publicacion":"01\/09\/2016","novedad":"0","paginas":"135","subtitulo":"CONTRASTES Y CONVERGENCIAS","orden":"999","portada":"0","idioma":"spa"},"aioseo_notices":[],"_links":{"self":[{"href":"https:\/\/www.claret.cat\/es\/wp-json\/wp\/v2\/product\/228540","targetHints":{"allow":["GET"]}}],"collection":[{"href":"https:\/\/www.claret.cat\/es\/wp-json\/wp\/v2\/product"}],"about":[{"href":"https:\/\/www.claret.cat\/es\/wp-json\/wp\/v2\/types\/product"}],"wp:featuredmedia":[{"embeddable":true,"href":"https:\/\/www.claret.cat\/es\/wp-json\/wp\/v2\/media\/228541"}],"wp:attachment":[{"href":"https:\/\/www.claret.cat\/es\/wp-json\/wp\/v2\/media?parent=228540"}],"wp:term":[{"taxonomy":"product_brand","embeddable":true,"href":"https:\/\/www.claret.cat\/es\/wp-json\/wp\/v2\/product_brand?post=228540"},{"taxonomy":"product_cat","embeddable":true,"href":"https:\/\/www.claret.cat\/es\/wp-json\/wp\/v2\/product_cat?post=228540"},{"taxonomy":"product_tag","embeddable":true,"href":"https:\/\/www.claret.cat\/es\/wp-json\/wp\/v2\/product_tag?post=228540"}],"curies":[{"name":"wp","href":"https:\/\/api.w.org\/{rel}","templated":true}]}}