{"id":22856,"date":"2022-10-02T09:54:57","date_gmt":"2022-10-02T07:54:57","guid":{"rendered":"http:\/\/dev.claret.cat\/producte\/exercicis-espirituals\/"},"modified":"2026-03-13T14:00:25","modified_gmt":"2026-03-13T13:00:25","slug":"exercicis-espirituals-9788415518600","status":"publish","type":"product","link":"https:\/\/www.claret.cat\/es\/libro\/exercicis-espirituals-9788415518600\/","title":{"rendered":"EXERCICIS ESPIRITUALS"},"content":{"rendered":"<p>A trav\u00e9s dels Exercicis espirituals, Ignasi de Loiola sotmet la reflexi\u00f3 religiosa a una feina met\u00f2dica. L\u2019obra proporciona eines, perfectament estructurades, per a un rec\u00e9s \u00edntim d&#8217;una a quatre setmanes. Es tracta d\u2019una proposta pedag\u00f2gica espiritual amb la intenci\u00f3 d\u2019elaborar t\u00e8cnicament una interlocuci\u00f3 amb D\u00e9u.<br \/>No \u00e9s \u00fanicament una lectura, sin\u00f3 una acci\u00f3, un drama: el \u00abdrama de la vocaci\u00f3\u00bb i el \u00abdrama de l\u2019elecci\u00f3\u00bb; els Exercicis traslladen a l\u2019exercitant la feina espiritual i personal de disposar-se a una relaci\u00f3 gratu\u00efta amb D\u00e9u. Els tres eixos que centren l\u2019experi\u00e8ncia dels Exercicis s\u00f3n la centralitat de Crist, l\u2019auscultaci\u00f3 dels moviments interns de l\u2019exercitant i la refer\u00e8ncia al m\u00f3n.<br \/>Els Exercicis espirituals mostren els elements imprescindibles per agafar consciencia dels dilemes i les accions humanes partint de la constataci\u00f3 que la mesura de totes les coses no la t\u00e9 el jo hum\u00e0 sin\u00f3 l\u2019horitz\u00f3 div\u00ed. Els Exercicis espirituals afavoreixen una experi\u00e8ncia m\u00edstica integradora en la mesura que descobreixen la sacralitat del m\u00f3n i la seva diafanitat.<br \/>Aquesta edici\u00f3, amb el text castell\u00e0 original acarat a la traducci\u00f3 catalana revisada de Ramon M. Torell\u00f3, compta amb una introducci\u00f3 de Josep M. Rambla i amb annexos de Xavier Melloni i Roland Barthes.<\/p>\n","protected":false},"excerpt":{"rendered":"<p>IGNASI DE LOIOLA<\/p>\n","protected":false},"featured_media":71148,"template":"","meta":{"_acf_changed":false,"om_disable_all_campaigns":false,"rs_blank_template":"","rs_page_bg_color":"","slide_template_v7":"","inline_featured_image":false,"_monsterinsights_skip_tracking":false,"_monsterinsights_sitenote_active":false,"_monsterinsights_sitenote_note":"","_monsterinsights_sitenote_category":0},"product_brand":[],"product_cat":[244,494,542,92],"product_tag":[],"class_list":{"0":"post-22856","1":"product","2":"type-product","3":"status-publish","4":"has-post-thumbnail","6":"product_cat-ignaciana","7":"product_cat-ignaciana-espiritualidad-1_espiritualidad","8":"product_cat-vida-religiosa-1_espiritualidad-spa","9":"product_cat-vida-religiosa","11":"first","12":"instock","13":"taxable","14":"shipping-taxable","15":"purchasable","16":"product-type-simple"},"acf":{"autor":"IGNASI DE LOIOLA","codart":"841551860","libros-coleccion":"Sagrats i Cl\u00e0ssics","ediciones":"1","encuadernacion":"R\u00fastica","fecha_de_publicacion":"01\/11\/2017","novedad":"1","paginas":"407","subtitulo":"","orden":"0","portada":"0","idioma":"cat","editorial":[{"ID":6258,"post_author":"3","post_date":"2022-07-28 17:48:20","post_date_gmt":"2022-07-28 15:48:20","post_content":"","post_title":"FRAGMENTA EDITORIAL","post_excerpt":"","post_status":"publish","comment_status":"closed","ping_status":"closed","post_password":"","post_name":"fragmenta-editorial","to_ping":"","pinged":"","post_modified":"2022-07-28 17:48:20","post_modified_gmt":"2022-07-28 15:48:20","post_content_filtered":"","post_parent":0,"guid":"http:\/\/dev.claret.cat\/editorial\/fragmenta-editorial\/","menu_order":0,"post_type":"editorial","post_mime_type":"","comment_count":"0","filter":"raw"}],"autores-libros":[{"ID":157796,"post_author":"3","post_date":"2022-10-14 15:31:42","post_date_gmt":"2022-10-14 13:31:42","post_content":"","post_title":"IGNASI DE LOIOLA","post_excerpt":"","post_status":"publish","comment_status":"closed","ping_status":"closed","post_password":"","post_name":"ignasi-de-loiola","to_ping":"","pinged":"","post_modified":"2022-10-14 15:31:42","post_modified_gmt":"2022-10-14 13:31:42","post_content_filtered":"","post_parent":0,"guid":"http:\/\/dev.claret.cat\/autor\/ignasi-de-loiola\/","menu_order":0,"post_type":"autor","post_mime_type":"","comment_count":"0","filter":"raw"}],"booktrailer":"","resenas":""},"aioseo_notices":[],"_links":{"self":[{"href":"https:\/\/www.claret.cat\/es\/wp-json\/wp\/v2\/product\/22856","targetHints":{"allow":["GET"]}}],"collection":[{"href":"https:\/\/www.claret.cat\/es\/wp-json\/wp\/v2\/product"}],"about":[{"href":"https:\/\/www.claret.cat\/es\/wp-json\/wp\/v2\/types\/product"}],"wp:featuredmedia":[{"embeddable":true,"href":"https:\/\/www.claret.cat\/es\/wp-json\/wp\/v2\/media\/71148"}],"wp:attachment":[{"href":"https:\/\/www.claret.cat\/es\/wp-json\/wp\/v2\/media?parent=22856"}],"wp:term":[{"taxonomy":"product_brand","embeddable":true,"href":"https:\/\/www.claret.cat\/es\/wp-json\/wp\/v2\/product_brand?post=22856"},{"taxonomy":"product_cat","embeddable":true,"href":"https:\/\/www.claret.cat\/es\/wp-json\/wp\/v2\/product_cat?post=22856"},{"taxonomy":"product_tag","embeddable":true,"href":"https:\/\/www.claret.cat\/es\/wp-json\/wp\/v2\/product_tag?post=22856"}],"curies":[{"name":"wp","href":"https:\/\/api.w.org\/{rel}","templated":true}]}}