{"id":228591,"date":"2022-10-20T18:41:06","date_gmt":"2022-10-20T16:41:06","guid":{"rendered":"http:\/\/dev.claret.cat\/producte\/harry-potter-i-el-llegat-maleit-2\/"},"modified":"2025-12-16T13:22:57","modified_gmt":"2025-12-16T12:22:57","slug":"harry-potter-i-el-llegat-maleit-9788416367757","status":"publish","type":"product","link":"https:\/\/www.claret.cat\/es\/libro\/harry-potter-i-el-llegat-maleit-9788416367757\/","title":{"rendered":"HARRY POTTER I EL LLEGAT MALE\u00cfT"},"content":{"rendered":"<p>Basada en una nova hist\u00f2ria original de J.K. Rowling, John Tiffany i Jack Thorne, una nova obra de teatre de Jack Thorne, Harry Potter i el llegat male\u00eft \u00e9s la vuitena hist\u00f2ria en la s\u00e8rie de Harry Potter i la primera hist\u00f2ria oficial de Harry Potter que s&#8217;ha portat al teatre. L&#8217; estrena mundial de l&#8217;obra tindr\u00e0 lloc al West End de Londres el 30 de juliol de 2016. Ser Harry Potter no ha sigut mai senzill, i continua sense ser-ho ara que \u00e9s un empleat carregat de feina a la Conselleria d&#8217;Afers M\u00e0gics, marit i pare de tres fills en edat escolar. Mentre el Harry ha de conviure amb un passat que es resisteix a quedar enrere, el seu fill petit, l&#8217;Albus, intenta alliberar-se del pes d&#8217;un llegat familiar que no ha volgut mai. Per\u00f2 de cop el passat i el present es conjuguen de manera sinistra, i pare i fill descobreixen una veritat desagradable: a vegades el mal sorgeix als llocs m\u00e9s inesperats.<\/p>\n","protected":false},"excerpt":{"rendered":"<p>ROWLING, J.K.<\/p>\n","protected":false},"featured_media":1070823,"template":"","meta":{"_acf_changed":false,"om_disable_all_campaigns":false,"rs_blank_template":"","rs_page_bg_color":"","slide_template_v7":"","inline_featured_image":false,"_monsterinsights_skip_tracking":false,"_monsterinsights_sitenote_active":false,"_monsterinsights_sitenote_note":"","_monsterinsights_sitenote_category":0},"product_brand":[],"product_cat":[86,352],"product_tag":[],"class_list":{"0":"post-228591","1":"product","2":"type-product","3":"status-publish","4":"has-post-thumbnail","6":"product_cat-infantil","7":"product_cat-infantil-3_infantil-juvenil-spa","9":"first","10":"outofstock","11":"taxable","12":"shipping-taxable","13":"purchasable","14":"product-type-simple"},"acf":{"autor":"ROWLING, J.K.","codart":"841636775","libros-coleccion":"","ediciones":"1","encuadernacion":"Carton\u00e9","fecha_de_publicacion":"01\/09\/2016","novedad":"0","paginas":"470","subtitulo":"PARTS U I DOS","orden":"999","portada":"0","idioma":"cat","editorial":[{"ID":6223,"post_author":"3","post_date":"2022-07-28 17:47:32","post_date_gmt":"2022-07-28 15:47:32","post_content":"","post_title":"EDITORIAL EMP\u00daRIES","post_excerpt":"","post_status":"publish","comment_status":"closed","ping_status":"closed","post_password":"","post_name":"editorial-empuries","to_ping":"","pinged":"","post_modified":"2022-07-28 17:47:32","post_modified_gmt":"2022-07-28 15:47:32","post_content_filtered":"","post_parent":0,"guid":"http:\/\/dev.claret.cat\/editorial\/editorial-empuries\/","menu_order":0,"post_type":"editorial","post_mime_type":"","comment_count":"0","filter":"raw"}],"autores-libros":[{"ID":5560,"post_author":"3","post_date":"2022-07-28 17:26:36","post_date_gmt":"2022-07-28 15:26:36","post_content":"","post_title":"J.K. ROWLING","post_excerpt":"","post_status":"publish","comment_status":"closed","ping_status":"closed","post_password":"","post_name":"j-k-rowling-2","to_ping":"","pinged":"","post_modified":"2022-07-28 17:26:36","post_modified_gmt":"2022-07-28 15:26:36","post_content_filtered":"","post_parent":0,"guid":"http:\/\/dev.claret.cat\/autor\/j-k-rowling-2\/","menu_order":0,"post_type":"autor","post_mime_type":"","comment_count":"0","filter":"raw"}],"booktrailer":"","resenas":""},"aioseo_notices":[],"_links":{"self":[{"href":"https:\/\/www.claret.cat\/es\/wp-json\/wp\/v2\/product\/228591","targetHints":{"allow":["GET"]}}],"collection":[{"href":"https:\/\/www.claret.cat\/es\/wp-json\/wp\/v2\/product"}],"about":[{"href":"https:\/\/www.claret.cat\/es\/wp-json\/wp\/v2\/types\/product"}],"wp:featuredmedia":[{"embeddable":true,"href":"https:\/\/www.claret.cat\/es\/wp-json\/wp\/v2\/media\/1070823"}],"wp:attachment":[{"href":"https:\/\/www.claret.cat\/es\/wp-json\/wp\/v2\/media?parent=228591"}],"wp:term":[{"taxonomy":"product_brand","embeddable":true,"href":"https:\/\/www.claret.cat\/es\/wp-json\/wp\/v2\/product_brand?post=228591"},{"taxonomy":"product_cat","embeddable":true,"href":"https:\/\/www.claret.cat\/es\/wp-json\/wp\/v2\/product_cat?post=228591"},{"taxonomy":"product_tag","embeddable":true,"href":"https:\/\/www.claret.cat\/es\/wp-json\/wp\/v2\/product_tag?post=228591"}],"curies":[{"name":"wp","href":"https:\/\/api.w.org\/{rel}","templated":true}]}}