{"id":22862,"date":"2022-10-02T09:55:02","date_gmt":"2022-10-02T07:55:02","guid":{"rendered":"http:\/\/dev.claret.cat\/producte\/el-sise-sentit\/"},"modified":"2023-01-28T04:18:00","modified_gmt":"2023-01-28T03:18:00","slug":"el-sise-sentit-9788415518624","status":"publish","type":"product","link":"https:\/\/www.claret.cat\/es\/libro\/el-sise-sentit-9788415518624\/","title":{"rendered":"EL SIS\u00c8 SENTIT"},"content":{"rendered":"<p>El llibre explica que, a m\u00e9s dels cinc sentits, en devem tenir un altre que no es veu ni se sent, que no fa olor ni t\u00e9 gust, i que tampoc no es pot tocar: el sis\u00e8 sentit! \u00c9s aquell que ens fa veure el que no es veu a primera vista. \u00c9s aquell que ens ajuda a sentir amb tot el cos el que passa dins nostre.<\/p>\n","protected":false},"excerpt":{"rendered":"<p>DE AHUMADA BATLLE, LAIA<\/p>\n","protected":false},"featured_media":328270,"template":"","meta":{"_acf_changed":false,"om_disable_all_campaigns":false,"rs_blank_template":"","rs_page_bg_color":"","slide_template_v7":"","inline_featured_image":false,"_monsterinsights_skip_tracking":false,"_monsterinsights_sitenote_active":false,"_monsterinsights_sitenote_note":"","_monsterinsights_sitenote_category":0},"product_brand":[],"product_cat":[86,352],"product_tag":[],"class_list":{"0":"post-22862","1":"product","2":"type-product","3":"status-publish","4":"has-post-thumbnail","6":"product_cat-infantil","7":"product_cat-infantil-3_infantil-juvenil-spa","9":"first","10":"instock","11":"taxable","12":"shipping-taxable","13":"purchasable","14":"product-type-simple"},"acf":{"autor":"DE AHUMADA BATLLE, LAIA","codart":"841551862","libros-coleccion":"Petit Fragmenta","ediciones":"1","encuadernacion":"Carton\u00e9","fecha_de_publicacion":"01\/03\/2017","novedad":"1","paginas":"36","subtitulo":"","orden":"0","portada":"0","idioma":"cat","editorial":[{"ID":6258,"post_author":"3","post_date":"2022-07-28 17:48:20","post_date_gmt":"2022-07-28 15:48:20","post_content":"","post_title":"FRAGMENTA EDITORIAL","post_excerpt":"","post_status":"publish","comment_status":"closed","ping_status":"closed","post_password":"","post_name":"fragmenta-editorial","to_ping":"","pinged":"","post_modified":"2022-07-28 17:48:20","post_modified_gmt":"2022-07-28 15:48:20","post_content_filtered":"","post_parent":0,"guid":"http:\/\/dev.claret.cat\/editorial\/fragmenta-editorial\/","menu_order":0,"post_type":"editorial","post_mime_type":"","comment_count":"0","filter":"raw"}],"autores-libros":[{"ID":161832,"post_author":"3","post_date":"2022-10-14 17:26:13","post_date_gmt":"2022-10-14 15:26:13","post_content":"","post_title":"LAIA DE AHUMADA BATLLE","post_excerpt":"","post_status":"publish","comment_status":"closed","ping_status":"closed","post_password":"","post_name":"laia-de-ahumada-batlle","to_ping":"","pinged":"","post_modified":"2022-10-14 17:26:13","post_modified_gmt":"2022-10-14 15:26:13","post_content_filtered":"","post_parent":0,"guid":"http:\/\/dev.claret.cat\/autor\/laia-de-ahumada-batlle\/","menu_order":0,"post_type":"autor","post_mime_type":"","comment_count":"0","filter":"raw"}]},"aioseo_notices":[],"_links":{"self":[{"href":"https:\/\/www.claret.cat\/es\/wp-json\/wp\/v2\/product\/22862","targetHints":{"allow":["GET"]}}],"collection":[{"href":"https:\/\/www.claret.cat\/es\/wp-json\/wp\/v2\/product"}],"about":[{"href":"https:\/\/www.claret.cat\/es\/wp-json\/wp\/v2\/types\/product"}],"wp:featuredmedia":[{"embeddable":true,"href":"https:\/\/www.claret.cat\/es\/wp-json\/wp\/v2\/media\/328270"}],"wp:attachment":[{"href":"https:\/\/www.claret.cat\/es\/wp-json\/wp\/v2\/media?parent=22862"}],"wp:term":[{"taxonomy":"product_brand","embeddable":true,"href":"https:\/\/www.claret.cat\/es\/wp-json\/wp\/v2\/product_brand?post=22862"},{"taxonomy":"product_cat","embeddable":true,"href":"https:\/\/www.claret.cat\/es\/wp-json\/wp\/v2\/product_cat?post=22862"},{"taxonomy":"product_tag","embeddable":true,"href":"https:\/\/www.claret.cat\/es\/wp-json\/wp\/v2\/product_tag?post=22862"}],"curies":[{"name":"wp","href":"https:\/\/api.w.org\/{rel}","templated":true}]}}