{"id":22874,"date":"2022-10-02T09:55:14","date_gmt":"2022-10-02T07:55:14","guid":{"rendered":"http:\/\/dev.claret.cat\/producte\/el-monestir-interior\/"},"modified":"2023-10-03T13:10:33","modified_gmt":"2023-10-03T11:10:33","slug":"el-monestir-interior-9788415518686","status":"publish","type":"product","link":"https:\/\/www.claret.cat\/es\/libro\/el-monestir-interior-9788415518686\/","title":{"rendered":"EL MONESTIR INTERIOR"},"content":{"rendered":"<p>Hi ha una profunda relaci\u00f3 entre el lloc i la persona. No sempre ho coneixem ni sempre resulta clar, per\u00f2 hi \u00e9s. Aix\u00ed passa particularment quan ens apropem a l&#8217;espai de la recerca espiritual.<br \/> El concepte de monestir interior fa refer\u00e8ncia a una s\u00e8rie d&#8217;espais i de pr\u00e0ctiques que van molt m\u00e9s enll\u00e0 d&#8217;una idea un\u00edvoca i que insinuen, ben al contrari, un univers ple de resson\u00e0ncies, connotacions i significats. Un univers que bascula entre el lloc i la persona.<br \/> En moments i tradicions molt diverses, homes i dones han buscat sovint llocs on trobar-se a si mateixos. En algunes d&#8217;aquestes tradicions, aquests llocs de especial indagaci\u00f3 i treball interior han rebut el nom de monestir. Es tracta sens dubte d&#8217;un espai f\u00edsic, per\u00f2 sobretot es tracta d&#8217;un lloc creat i definit per l&#8217;\u00fas que se&#8217;n fa. El lloc neix d&#8217;una pr\u00e0ctica. \u00bfDe quin espai es parlem? \u00bfA l&#8217;interior de quin espai tenen lloc les pr\u00e0ctiques mon\u00e0stiques? \u00bfOn van els qui se cerquen a si mateixos? El monestir, tot i ser sovint un espai exteriorment visible, en darrera inst\u00e0ncia oculta sempre un on interior i rec\u00f2ndit, de dif\u00edcil acc\u00e9s. Els quatre cap\u00edtols d&#8217;aquesta obra parlen concretament d&#8217;aquest acc\u00e9s i emprenen cadascun la tasca de trobar-ne les portes.<\/p>\n","protected":false},"excerpt":{"rendered":"<p>CIRLOT VALENZUELA, VICTORIA \/ GAR\u00cd AGUILERA, BLANCA \/ RAININI, MARCO \/ TAUSIET <\/p>\n","protected":false},"featured_media":72802,"template":"","meta":{"_acf_changed":false,"om_disable_all_campaigns":false,"rs_blank_template":"","rs_page_bg_color":"","slide_template_v7":"","inline_featured_image":false,"_monsterinsights_skip_tracking":false,"_monsterinsights_sitenote_active":false,"_monsterinsights_sitenote_note":"","_monsterinsights_sitenote_category":0},"product_brand":[],"product_cat":[345,79,544,94,542,92],"product_tag":[],"class_list":{"0":"post-22874","1":"product","2":"type-product","3":"status-publish","4":"has-post-thumbnail","6":"product_cat-espiritualidad","7":"product_cat-espiritualitat","8":"product_cat-religiones","9":"product_cat-religions","10":"product_cat-vida-religiosa-1_espiritualidad-spa","11":"product_cat-vida-religiosa","13":"first","14":"instock","15":"taxable","16":"shipping-taxable","17":"purchasable","18":"product-type-simple"},"acf":{"autor":"CIRLOT VALENZUELA, VICTORIA \/ GAR\u00cd AGUILERA, BLANCA \/ RAININI, MARCO \/ TAUSIET ","codart":"841551868","libros-coleccion":"Assaig","ediciones":"1","encuadernacion":"R\u00fastica","fecha_de_publicacion":"01\/02\/2017","novedad":"1","paginas":"135","subtitulo":"","orden":"0","portada":"0","idioma":"cat","editorial":[{"ID":6258,"post_author":"3","post_date":"2022-07-28 17:48:20","post_date_gmt":"2022-07-28 15:48:20","post_content":"","post_title":"FRAGMENTA EDITORIAL","post_excerpt":"","post_status":"publish","comment_status":"closed","ping_status":"closed","post_password":"","post_name":"fragmenta-editorial","to_ping":"","pinged":"","post_modified":"2022-07-28 17:48:20","post_modified_gmt":"2022-07-28 15:48:20","post_content_filtered":"","post_parent":0,"guid":"http:\/\/dev.claret.cat\/editorial\/fragmenta-editorial\/","menu_order":0,"post_type":"editorial","post_mime_type":"","comment_count":"0","filter":"raw"}],"autores-libros":[{"ID":171076,"post_author":"3","post_date":"2022-10-14 22:40:29","post_date_gmt":"2022-10-14 20:40:29","post_content":"","post_title":"VICTORIA CIRLOT VALENZUELA","post_excerpt":"","post_status":"publish","comment_status":"closed","ping_status":"closed","post_password":"","post_name":"victoria-cirlot-valenzuela","to_ping":"","pinged":"","post_modified":"2022-10-14 22:40:29","post_modified_gmt":"2022-10-14 20:40:29","post_content_filtered":"","post_parent":0,"guid":"http:\/\/dev.claret.cat\/autor\/victoria-cirlot-valenzuela\/","menu_order":0,"post_type":"autor","post_mime_type":"","comment_count":"0","filter":"raw"},{"ID":151753,"post_author":"3","post_date":"2022-10-14 14:43:21","post_date_gmt":"2022-10-14 12:43:21","post_content":"","post_title":"BLANCA GAR\u00cd AGUILERA","post_excerpt":"","post_status":"publish","comment_status":"closed","ping_status":"closed","post_password":"","post_name":"blanca-gari-aguilera","to_ping":"","pinged":"","post_modified":"2022-10-14 14:43:21","post_modified_gmt":"2022-10-14 12:43:21","post_content_filtered":"","post_parent":0,"guid":"http:\/\/dev.claret.cat\/autor\/blanca-gari-aguilera\/","menu_order":0,"post_type":"autor","post_mime_type":"","comment_count":"0","filter":"raw"},{"ID":163421,"post_author":"3","post_date":"2022-10-14 17:38:54","post_date_gmt":"2022-10-14 15:38:54","post_content":"","post_title":"MARCO RAININI","post_excerpt":"","post_status":"publish","comment_status":"closed","ping_status":"closed","post_password":"","post_name":"marco-rainini","to_ping":"","pinged":"","post_modified":"2022-10-14 17:38:54","post_modified_gmt":"2022-10-14 15:38:54","post_content_filtered":"","post_parent":0,"guid":"http:\/\/dev.claret.cat\/autor\/marco-rainini\/","menu_order":0,"post_type":"autor","post_mime_type":"","comment_count":"0","filter":"raw"},{"ID":170158,"post_author":"3","post_date":"2022-10-14 22:33:03","post_date_gmt":"2022-10-14 20:33:03","post_content":"","post_title":"TAUSIET","post_excerpt":"","post_status":"publish","comment_status":"closed","ping_status":"closed","post_password":"","post_name":"tausiet","to_ping":"","pinged":"","post_modified":"2022-10-14 22:33:03","post_modified_gmt":"2022-10-14 20:33:03","post_content_filtered":"","post_parent":0,"guid":"http:\/\/dev.claret.cat\/autor\/tausiet\/","menu_order":0,"post_type":"autor","post_mime_type":"","comment_count":"0","filter":"raw"}]},"aioseo_notices":[],"_links":{"self":[{"href":"https:\/\/www.claret.cat\/es\/wp-json\/wp\/v2\/product\/22874","targetHints":{"allow":["GET"]}}],"collection":[{"href":"https:\/\/www.claret.cat\/es\/wp-json\/wp\/v2\/product"}],"about":[{"href":"https:\/\/www.claret.cat\/es\/wp-json\/wp\/v2\/types\/product"}],"wp:featuredmedia":[{"embeddable":true,"href":"https:\/\/www.claret.cat\/es\/wp-json\/wp\/v2\/media\/72802"}],"wp:attachment":[{"href":"https:\/\/www.claret.cat\/es\/wp-json\/wp\/v2\/media?parent=22874"}],"wp:term":[{"taxonomy":"product_brand","embeddable":true,"href":"https:\/\/www.claret.cat\/es\/wp-json\/wp\/v2\/product_brand?post=22874"},{"taxonomy":"product_cat","embeddable":true,"href":"https:\/\/www.claret.cat\/es\/wp-json\/wp\/v2\/product_cat?post=22874"},{"taxonomy":"product_tag","embeddable":true,"href":"https:\/\/www.claret.cat\/es\/wp-json\/wp\/v2\/product_tag?post=22874"}],"curies":[{"name":"wp","href":"https:\/\/api.w.org\/{rel}","templated":true}]}}