{"id":22877,"date":"2022-10-02T09:55:17","date_gmt":"2022-10-02T07:55:17","guid":{"rendered":"http:\/\/dev.claret.cat\/producte\/el-monasterio-interior\/"},"modified":"2025-09-08T18:10:24","modified_gmt":"2025-09-08T16:10:24","slug":"el-monasterio-interior-9788415518693","status":"publish","type":"product","link":"https:\/\/www.claret.cat\/es\/libro\/el-monasterio-interior-9788415518693\/","title":{"rendered":"EL MONASTERIO INTERIOR"},"content":{"rendered":"<p>Existe una profunda relaci\u00f3n entre el lugar y la persona. No siempre lo conocemos ni siempre es claro, pero existe. Esto es especialmente as\u00ed cuando nos acercamos al lugar de la indagaci\u00f3n espiritual.<\/p>\n<p> El concepto de monasterio interior se refiere a una relaci\u00f3n de espacios y de pr\u00e1cticas que van mucho m\u00e1s all\u00e1 de un concepto monos\u00e9mico y que insin\u00faan, contrariamente, un universo rico en ecos, connotaciones y significados. Un universo que bascula entre el lugar y la persona.<\/p>\n<p> En tradiciones y momentos muy distintos, hombres y mujeres han buscado frecuentementes lugares donde encontrarse a s\u00ed mismos. En algunas de estas tradiciones, a esos sitios de particular indagaci\u00f3n y trabajo interior se les ha dado el nombre de monasterio. Se trata sin duda de un lugar, pero se trata sobre todo de un espacio creado y definido por su uso. El lugar nace de una pr\u00e1ctica. \u00bfDe qu\u00e9 espacio se trata? \u00bfEn el interior de d\u00f3nde acontecen las pr\u00e1cticas mon\u00e1sticas? \u00bfD\u00f3nde van quienes se buscan a s\u00ed mismos? El monasterio, todav\u00eda siendo a menudo un espacio exteriormente visible, en \u00faltima instancia oculta siempre un d\u00f3nde interior y rec\u00f3ndito, de complicado acceso. Los cuatro cap\u00edtulos de esta obra hablan precisamente de ese acceso y emprenden uno a uno la tarea de encontrar sus entradas.<\/p>\n","protected":false},"excerpt":{"rendered":"<p>CIRLOT VALENZUELA, VICTORIA \/ GAR\u00cd AGUILERA, BLANCA \/ RAININI, MARCO \/ TAUSIET <\/p>\n","protected":false},"featured_media":72800,"template":"","meta":{"_acf_changed":false,"om_disable_all_campaigns":false,"rs_blank_template":"","rs_page_bg_color":"","slide_template_v7":"","inline_featured_image":false,"_monsterinsights_skip_tracking":false,"_monsterinsights_sitenote_active":false,"_monsterinsights_sitenote_note":"","_monsterinsights_sitenote_category":0},"product_brand":[],"product_cat":[345,79,95,545,92,542],"product_tag":[],"class_list":{"0":"post-22877","1":"product","2":"type-product","3":"status-publish","4":"has-post-thumbnail","6":"product_cat-espiritualidad","7":"product_cat-espiritualitat","8":"product_cat-santoral","9":"product_cat-santoral-1_espiritualidad-spa","10":"product_cat-vida-religiosa","11":"product_cat-vida-religiosa-1_espiritualidad-spa","13":"first","14":"instock","15":"taxable","16":"shipping-taxable","17":"purchasable","18":"product-type-simple"},"acf":{"autor":"CIRLOT VALENZUELA, VICTORIA \/ GAR\u00cd AGUILERA, BLANCA \/ RAININI, MARCO \/ TAUSIET ","codart":"841551869","libros-coleccion":"SUSHI BOOKS","ediciones":"1","encuadernacion":"R\u00fastica","fecha_de_publicacion":"01\/02\/2017","novedad":"1","paginas":"138","subtitulo":"","orden":"0","portada":"0","idioma":"spa","editorial":[{"ID":6258,"post_author":"3","post_date":"2022-07-28 17:48:20","post_date_gmt":"2022-07-28 15:48:20","post_content":"","post_title":"FRAGMENTA EDITORIAL","post_excerpt":"","post_status":"publish","comment_status":"closed","ping_status":"closed","post_password":"","post_name":"fragmenta-editorial","to_ping":"","pinged":"","post_modified":"2022-07-28 17:48:20","post_modified_gmt":"2022-07-28 15:48:20","post_content_filtered":"","post_parent":0,"guid":"http:\/\/dev.claret.cat\/editorial\/fragmenta-editorial\/","menu_order":0,"post_type":"editorial","post_mime_type":"","comment_count":"0","filter":"raw"}],"autores-libros":[{"ID":151753,"post_author":"3","post_date":"2022-10-14 14:43:21","post_date_gmt":"2022-10-14 12:43:21","post_content":"","post_title":"BLANCA GAR\u00cd AGUILERA","post_excerpt":"","post_status":"publish","comment_status":"closed","ping_status":"closed","post_password":"","post_name":"blanca-gari-aguilera","to_ping":"","pinged":"","post_modified":"2022-10-14 14:43:21","post_modified_gmt":"2022-10-14 12:43:21","post_content_filtered":"","post_parent":0,"guid":"http:\/\/dev.claret.cat\/autor\/blanca-gari-aguilera\/","menu_order":0,"post_type":"autor","post_mime_type":"","comment_count":"0","filter":"raw"},{"ID":163421,"post_author":"3","post_date":"2022-10-14 17:38:54","post_date_gmt":"2022-10-14 15:38:54","post_content":"","post_title":"MARCO RAININI","post_excerpt":"","post_status":"publish","comment_status":"closed","ping_status":"closed","post_password":"","post_name":"marco-rainini","to_ping":"","pinged":"","post_modified":"2022-10-14 17:38:54","post_modified_gmt":"2022-10-14 15:38:54","post_content_filtered":"","post_parent":0,"guid":"http:\/\/dev.claret.cat\/autor\/marco-rainini\/","menu_order":0,"post_type":"autor","post_mime_type":"","comment_count":"0","filter":"raw"},{"ID":170158,"post_author":"3","post_date":"2022-10-14 22:33:03","post_date_gmt":"2022-10-14 20:33:03","post_content":"","post_title":"TAUSIET","post_excerpt":"","post_status":"publish","comment_status":"closed","ping_status":"closed","post_password":"","post_name":"tausiet","to_ping":"","pinged":"","post_modified":"2022-10-14 22:33:03","post_modified_gmt":"2022-10-14 20:33:03","post_content_filtered":"","post_parent":0,"guid":"http:\/\/dev.claret.cat\/autor\/tausiet\/","menu_order":0,"post_type":"autor","post_mime_type":"","comment_count":"0","filter":"raw"},{"ID":171076,"post_author":"3","post_date":"2022-10-14 22:40:29","post_date_gmt":"2022-10-14 20:40:29","post_content":"","post_title":"VICTORIA CIRLOT VALENZUELA","post_excerpt":"","post_status":"publish","comment_status":"closed","ping_status":"closed","post_password":"","post_name":"victoria-cirlot-valenzuela","to_ping":"","pinged":"","post_modified":"2022-10-14 22:40:29","post_modified_gmt":"2022-10-14 20:40:29","post_content_filtered":"","post_parent":0,"guid":"http:\/\/dev.claret.cat\/autor\/victoria-cirlot-valenzuela\/","menu_order":0,"post_type":"autor","post_mime_type":"","comment_count":"0","filter":"raw"}],"booktrailer":"","resenas":""},"aioseo_notices":[],"_links":{"self":[{"href":"https:\/\/www.claret.cat\/es\/wp-json\/wp\/v2\/product\/22877","targetHints":{"allow":["GET"]}}],"collection":[{"href":"https:\/\/www.claret.cat\/es\/wp-json\/wp\/v2\/product"}],"about":[{"href":"https:\/\/www.claret.cat\/es\/wp-json\/wp\/v2\/types\/product"}],"wp:featuredmedia":[{"embeddable":true,"href":"https:\/\/www.claret.cat\/es\/wp-json\/wp\/v2\/media\/72800"}],"wp:attachment":[{"href":"https:\/\/www.claret.cat\/es\/wp-json\/wp\/v2\/media?parent=22877"}],"wp:term":[{"taxonomy":"product_brand","embeddable":true,"href":"https:\/\/www.claret.cat\/es\/wp-json\/wp\/v2\/product_brand?post=22877"},{"taxonomy":"product_cat","embeddable":true,"href":"https:\/\/www.claret.cat\/es\/wp-json\/wp\/v2\/product_cat?post=22877"},{"taxonomy":"product_tag","embeddable":true,"href":"https:\/\/www.claret.cat\/es\/wp-json\/wp\/v2\/product_tag?post=22877"}],"curies":[{"name":"wp","href":"https:\/\/api.w.org\/{rel}","templated":true}]}}