{"id":228813,"date":"2022-10-20T18:46:23","date_gmt":"2022-10-20T16:46:23","guid":{"rendered":"http:\/\/dev.claret.cat\/producte\/per-que-lart-es-ple-de-gent-despullada\/"},"modified":"2023-01-28T10:27:50","modified_gmt":"2023-01-28T09:27:50","slug":"per-que-lart-es-ple-de-gent-despullada-9788494509551","status":"publish","type":"product","link":"https:\/\/www.claret.cat\/es\/libro\/per-que-lart-es-ple-de-gent-despullada-9788494509551\/","title":{"rendered":"PER QU\u00c8 L&#8217;ART \u00c9S PLE DE GENT DESPULLADA?"},"content":{"rendered":"<p>Per qu\u00e8 l&#8217;art \u00e9s ple de gent despullada?<br \/> Per qu\u00e8 l&#8217;art \u00e9s tan car?<br \/> I per qu\u00e8 la gent s&#8217;interessa tant en l&#8217;art?<\/p>\n<p> Els artistes es fan preguntes quan creen obres d&#8217;art. I nosaltres, grans i menuts, ens fem preguntes quan les contemplem. L&#8217;art ens incita a observar i ens provoca sensacions.<br \/> Aquest llibre s&#8217;introdueix en la ment dels infants, els planteja les preguntes que ells es farien i els anima a explorar l&#8217;art i a trobar respostes d&#8217;una manera interessant i divertida. Provocador i did\u00e0ctic a parts iguals, s&#8217;endinsa en el perqu\u00e8 i el com de q\u00fcestions que comprenen des de les pintures rupestres fins al cubisme, des del Renaixement fins a l&#8217;art contemporani, des del paper de l&#8217;art en el passat fins al seu valor en l&#8217;actualitat.<\/p>\n","protected":false},"excerpt":{"rendered":"<p>HODGE, SUSIE<\/p>\n","protected":false},"featured_media":228814,"template":"","meta":{"_acf_changed":false,"om_disable_all_campaigns":false,"rs_blank_template":"","rs_page_bg_color":"","slide_template_v7":"","inline_featured_image":false,"_monsterinsights_skip_tracking":false,"_monsterinsights_sitenote_active":false,"_monsterinsights_sitenote_note":"","_monsterinsights_sitenote_category":0},"product_brand":[],"product_cat":[86],"product_tag":[],"class_list":{"0":"post-228813","1":"product","2":"type-product","3":"status-publish","4":"has-post-thumbnail","6":"product_cat-infantil","8":"first","9":"instock","10":"taxable","11":"shipping-taxable","12":"purchasable","13":"product-type-simple"},"acf":{"autor":"HODGE, SUSIE","codart":"849450955","libros-coleccion":"","ediciones":"1","encuadernacion":"Carton\u00e9","fecha_de_publicacion":"01\/09\/2016","novedad":"0","paginas":"96","subtitulo":"","orden":"999","portada":"0","idioma":"cat","editorial":[{"ID":6286,"post_author":"3","post_date":"2022-07-28 17:48:56","post_date_gmt":"2022-07-28 15:48:56","post_content":"","post_title":"Librooks Barcelona","post_excerpt":"","post_status":"publish","comment_status":"closed","ping_status":"closed","post_password":"","post_name":"librooks-barcelona","to_ping":"","pinged":"","post_modified":"2022-07-28 17:48:56","post_modified_gmt":"2022-07-28 15:48:56","post_content_filtered":"","post_parent":0,"guid":"http:\/\/dev.claret.cat\/editorial\/librooks-barcelona\/","menu_order":0,"post_type":"editorial","post_mime_type":"","comment_count":"0","filter":"raw"}],"autores-libros":[{"ID":169996,"post_author":"3","post_date":"2022-10-14 22:31:42","post_date_gmt":"2022-10-14 20:31:42","post_content":"","post_title":"SUSIE HODGE","post_excerpt":"","post_status":"publish","comment_status":"closed","ping_status":"closed","post_password":"","post_name":"susie-hodge","to_ping":"","pinged":"","post_modified":"2022-10-14 22:31:42","post_modified_gmt":"2022-10-14 20:31:42","post_content_filtered":"","post_parent":0,"guid":"http:\/\/dev.claret.cat\/autor\/susie-hodge\/","menu_order":0,"post_type":"autor","post_mime_type":"","comment_count":"0","filter":"raw"}]},"aioseo_notices":[],"_links":{"self":[{"href":"https:\/\/www.claret.cat\/es\/wp-json\/wp\/v2\/product\/228813","targetHints":{"allow":["GET"]}}],"collection":[{"href":"https:\/\/www.claret.cat\/es\/wp-json\/wp\/v2\/product"}],"about":[{"href":"https:\/\/www.claret.cat\/es\/wp-json\/wp\/v2\/types\/product"}],"wp:featuredmedia":[{"embeddable":true,"href":"https:\/\/www.claret.cat\/es\/wp-json\/wp\/v2\/media\/228814"}],"wp:attachment":[{"href":"https:\/\/www.claret.cat\/es\/wp-json\/wp\/v2\/media?parent=228813"}],"wp:term":[{"taxonomy":"product_brand","embeddable":true,"href":"https:\/\/www.claret.cat\/es\/wp-json\/wp\/v2\/product_brand?post=228813"},{"taxonomy":"product_cat","embeddable":true,"href":"https:\/\/www.claret.cat\/es\/wp-json\/wp\/v2\/product_cat?post=228813"},{"taxonomy":"product_tag","embeddable":true,"href":"https:\/\/www.claret.cat\/es\/wp-json\/wp\/v2\/product_tag?post=228813"}],"curies":[{"name":"wp","href":"https:\/\/api.w.org\/{rel}","templated":true}]}}