{"id":228816,"date":"2022-10-20T18:46:28","date_gmt":"2022-10-20T16:46:28","guid":{"rendered":"http:\/\/dev.claret.cat\/producte\/por-que-el-arte-esta-lleno-de-gente-desnuda\/"},"modified":"2025-01-13T13:30:49","modified_gmt":"2025-01-13T12:30:49","slug":"por-que-el-arte-esta-lleno-de-gente-desnuda-9788494509568","status":"publish","type":"product","link":"https:\/\/www.claret.cat\/es\/libro\/por-que-el-arte-esta-lleno-de-gente-desnuda-9788494509568\/","title":{"rendered":"\u00bfPOR QU\u00c9 EL ARTE EST\u00c1 LLENO DE GENTE DESNUDA?"},"content":{"rendered":"<p>\u00bfPor qu\u00e9 el arte est\u00e1 lleno de gente desnuda?<br \/> \u00bfPor qu\u00e9 el arte es tan caro?<br \/> \u00bfY por qu\u00e9 la gente se interesa tanto por el arte?<br \/> Los artistas se hacen preguntas cuando crean obras de arte. Y nosotros, adultos y ni\u00f1os, nos hacemos preguntas cuando los contemplamos. El arte nos incita a observar y nos provoca sensaciones.<br \/> Este libro se introduce en la mente de los ni\u00f1os, plantea las preguntas que ellos se har\u00edan y los anima a explorar el arte y a encontrar respuestas de una manera interesante y divertida. Provocador y did\u00e1ctico a partes iguales, aborda el porqu\u00e9 y el c\u00f3mo de asuntos que van desde las pinturas rupestres al cubismo, desde el Renacimiento al arte contempor\u00e1neo, desde el papel del arte en el pasado hasta su valor en la actualidad.<\/p>\n","protected":false},"excerpt":{"rendered":"<p>HODGE, SUSIE<\/p>\n","protected":false},"featured_media":228817,"template":"","meta":{"_acf_changed":false,"om_disable_all_campaigns":false,"rs_blank_template":"","rs_page_bg_color":"","slide_template_v7":"","inline_featured_image":false,"_monsterinsights_skip_tracking":false,"_monsterinsights_sitenote_active":false,"_monsterinsights_sitenote_note":"","_monsterinsights_sitenote_category":0},"product_brand":[],"product_cat":[86,352],"product_tag":[],"class_list":{"0":"post-228816","1":"product","2":"type-product","3":"status-publish","4":"has-post-thumbnail","6":"product_cat-infantil","7":"product_cat-infantil-3_infantil-juvenil-spa","9":"first","10":"instock","11":"taxable","12":"shipping-taxable","13":"purchasable","14":"product-type-simple"},"acf":{"autor":"HODGE, SUSIE","codart":"849450956","libros-coleccion":"","ediciones":"1","encuadernacion":"Carton\u00e9","fecha_de_publicacion":"01\/09\/2016","novedad":"0","paginas":"96","subtitulo":"","orden":"999","portada":"0","idioma":"spa","editorial":[{"ID":6286,"post_author":"3","post_date":"2022-07-28 17:48:56","post_date_gmt":"2022-07-28 15:48:56","post_content":"","post_title":"Librooks Barcelona","post_excerpt":"","post_status":"publish","comment_status":"closed","ping_status":"closed","post_password":"","post_name":"librooks-barcelona","to_ping":"","pinged":"","post_modified":"2022-07-28 17:48:56","post_modified_gmt":"2022-07-28 15:48:56","post_content_filtered":"","post_parent":0,"guid":"http:\/\/dev.claret.cat\/editorial\/librooks-barcelona\/","menu_order":0,"post_type":"editorial","post_mime_type":"","comment_count":"0","filter":"raw"}],"autores-libros":[{"ID":169996,"post_author":"3","post_date":"2022-10-14 22:31:42","post_date_gmt":"2022-10-14 20:31:42","post_content":"","post_title":"SUSIE HODGE","post_excerpt":"","post_status":"publish","comment_status":"closed","ping_status":"closed","post_password":"","post_name":"susie-hodge","to_ping":"","pinged":"","post_modified":"2022-10-14 22:31:42","post_modified_gmt":"2022-10-14 20:31:42","post_content_filtered":"","post_parent":0,"guid":"http:\/\/dev.claret.cat\/autor\/susie-hodge\/","menu_order":0,"post_type":"autor","post_mime_type":"","comment_count":"0","filter":"raw"}]},"aioseo_notices":[],"_links":{"self":[{"href":"https:\/\/www.claret.cat\/es\/wp-json\/wp\/v2\/product\/228816","targetHints":{"allow":["GET"]}}],"collection":[{"href":"https:\/\/www.claret.cat\/es\/wp-json\/wp\/v2\/product"}],"about":[{"href":"https:\/\/www.claret.cat\/es\/wp-json\/wp\/v2\/types\/product"}],"wp:featuredmedia":[{"embeddable":true,"href":"https:\/\/www.claret.cat\/es\/wp-json\/wp\/v2\/media\/228817"}],"wp:attachment":[{"href":"https:\/\/www.claret.cat\/es\/wp-json\/wp\/v2\/media?parent=228816"}],"wp:term":[{"taxonomy":"product_brand","embeddable":true,"href":"https:\/\/www.claret.cat\/es\/wp-json\/wp\/v2\/product_brand?post=228816"},{"taxonomy":"product_cat","embeddable":true,"href":"https:\/\/www.claret.cat\/es\/wp-json\/wp\/v2\/product_cat?post=228816"},{"taxonomy":"product_tag","embeddable":true,"href":"https:\/\/www.claret.cat\/es\/wp-json\/wp\/v2\/product_tag?post=228816"}],"curies":[{"name":"wp","href":"https:\/\/api.w.org\/{rel}","templated":true}]}}