{"id":228828,"date":"2022-10-20T18:46:46","date_gmt":"2022-10-20T16:46:46","guid":{"rendered":"http:\/\/dev.claret.cat\/producte\/el-llibre-de-merli\/"},"modified":"2025-05-08T12:55:06","modified_gmt":"2025-05-08T10:55:06","slug":"el-llibre-de-merli-9788416430369","status":"publish","type":"product","link":"https:\/\/www.claret.cat\/es\/libro\/el-llibre-de-merli-9788416430369\/","title":{"rendered":"EL LLIBRE DE MERL\u00cd"},"content":{"rendered":"<p>Un llibre interactiu, original i \u00fanic on es recullen les frases i les  situacions m\u00e9s emotives, aix\u00ed com les ensenyances aparegudes a la s\u00e8rie de televisi\u00f3 de TV3 Merl\u00ed, i mitjan\u00e7ant el qual els lectors  aprendran filosofia i arribaran a con\u00e8ixer-se millor a s\u00ed mateixos responent les preguntes que formula el professor.Aquest llibre no et canviar\u00e0 la vida.Aquest llibre no cont\u00e9 veritats absolutes&#8230; Ni grans mentides.Aquest llibre t&#8221;obrir\u00e0 els ulls i t&#8221;alliberar\u00e0 dels prejudicis (encara en tenies???).Aquest llibre far\u00e0 que et mengis l&#8221;olla, que t&#8221;emprenyis, que et  replantegis tot el que pensaves que era inamovible&#8230; En definitiva, far\u00e0 que siguis molt m\u00e9s que un simple b\u00edpede.Si en Merl\u00ed et fa trempar&#8230; Aquest llibre tamb\u00e9!Del creador i guionista de la s\u00e8rie de televisi\u00f3 H\u00e9ctor Lozano. Amb la col\u00b7laboraci\u00f3 de Rebecca Beltr\u00e1n.<\/p>\n","protected":false},"excerpt":{"rendered":"<p>LOZANO, HECTOR\/BELTRAN, REBECCA<\/p>\n","protected":false},"featured_media":228829,"template":"","meta":{"_acf_changed":false,"om_disable_all_campaigns":false,"rs_blank_template":"","rs_page_bg_color":"","slide_template_v7":"","inline_featured_image":false,"_monsterinsights_skip_tracking":false,"_monsterinsights_sitenote_active":false,"_monsterinsights_sitenote_note":"","_monsterinsights_sitenote_category":0},"product_brand":[],"product_cat":[352,86,105,555],"product_tag":[],"class_list":{"0":"post-228828","1":"product","2":"type-product","3":"status-publish","4":"has-post-thumbnail","6":"product_cat-infantil-3_infantil-juvenil-spa","7":"product_cat-infantil","8":"product_cat-regal","9":"product_cat-regalo","11":"first","12":"instock","13":"taxable","14":"shipping-taxable","15":"purchasable","16":"product-type-simple"},"acf":{"autor":"LOZANO, HECTOR\/BELTRAN, REBECCA","codart":"841643036","libros-coleccion":"","ediciones":"1","encuadernacion":"R\u00fastica","fecha_de_publicacion":"01\/09\/2016","novedad":"0","paginas":"320","subtitulo":"FILOSOFIA I MERLINADES QUE ET FARAN TREMPAR","orden":"999","portada":"0","idioma":"cat","editorial":[{"ID":6350,"post_author":"3","post_date":"2022-07-28 17:50:18","post_date_gmt":"2022-07-28 15:50:18","post_content":"","post_title":"ROSA DELS VENTS","post_excerpt":"","post_status":"publish","comment_status":"closed","ping_status":"closed","post_password":"","post_name":"rosa-dels-vents","to_ping":"","pinged":"","post_modified":"2022-07-28 17:50:18","post_modified_gmt":"2022-07-28 15:50:18","post_content_filtered":"","post_parent":0,"guid":"http:\/\/dev.claret.cat\/editorial\/rosa-dels-vents\/","menu_order":0,"post_type":"editorial","post_mime_type":"","comment_count":"0","filter":"raw"}],"autores-libros":[{"ID":157428,"post_author":"3","post_date":"2022-10-14 15:28:45","post_date_gmt":"2022-10-14 13:28:45","post_content":"","post_title":"HECTOR LOZANO","post_excerpt":"","post_status":"publish","comment_status":"closed","ping_status":"closed","post_password":"","post_name":"hector-lozano","to_ping":"","pinged":"","post_modified":"2022-10-14 15:28:45","post_modified_gmt":"2022-10-14 13:28:45","post_content_filtered":"","post_parent":0,"guid":"http:\/\/dev.claret.cat\/autor\/hector-lozano\/","menu_order":0,"post_type":"autor","post_mime_type":"","comment_count":"0","filter":"raw"},{"ID":167899,"post_author":"3","post_date":"2022-10-14 18:14:54","post_date_gmt":"2022-10-14 16:14:54","post_content":"","post_title":"REBECCA BELTR\u00c1N","post_excerpt":"","post_status":"publish","comment_status":"closed","ping_status":"closed","post_password":"","post_name":"rebecca-beltran","to_ping":"","pinged":"","post_modified":"2022-10-14 18:14:54","post_modified_gmt":"2022-10-14 16:14:54","post_content_filtered":"","post_parent":0,"guid":"http:\/\/dev.claret.cat\/autor\/rebecca-beltran\/","menu_order":0,"post_type":"autor","post_mime_type":"","comment_count":"0","filter":"raw"}],"booktrailer":"","resenas":""},"aioseo_notices":[],"_links":{"self":[{"href":"https:\/\/www.claret.cat\/es\/wp-json\/wp\/v2\/product\/228828","targetHints":{"allow":["GET"]}}],"collection":[{"href":"https:\/\/www.claret.cat\/es\/wp-json\/wp\/v2\/product"}],"about":[{"href":"https:\/\/www.claret.cat\/es\/wp-json\/wp\/v2\/types\/product"}],"wp:featuredmedia":[{"embeddable":true,"href":"https:\/\/www.claret.cat\/es\/wp-json\/wp\/v2\/media\/228829"}],"wp:attachment":[{"href":"https:\/\/www.claret.cat\/es\/wp-json\/wp\/v2\/media?parent=228828"}],"wp:term":[{"taxonomy":"product_brand","embeddable":true,"href":"https:\/\/www.claret.cat\/es\/wp-json\/wp\/v2\/product_brand?post=228828"},{"taxonomy":"product_cat","embeddable":true,"href":"https:\/\/www.claret.cat\/es\/wp-json\/wp\/v2\/product_cat?post=228828"},{"taxonomy":"product_tag","embeddable":true,"href":"https:\/\/www.claret.cat\/es\/wp-json\/wp\/v2\/product_tag?post=228828"}],"curies":[{"name":"wp","href":"https:\/\/api.w.org\/{rel}","templated":true}]}}