{"id":228900,"date":"2022-10-20T18:48:37","date_gmt":"2022-10-20T16:48:37","guid":{"rendered":"http:\/\/dev.claret.cat\/producte\/contrapunto\/"},"modified":"2023-01-28T20:34:15","modified_gmt":"2023-01-28T19:34:15","slug":"contrapunto-9788435009355","status":"publish","type":"product","link":"https:\/\/www.claret.cat\/es\/libro\/contrapunto-9788435009355\/","title":{"rendered":"CONTRAPUNTO"},"content":{"rendered":"<p>Inglaterra, en los anos veinte. La Primera Guerra Mundial era una pesadilla lejana, y que se supon\u00eda no volver\u00eda jam\u00e1s. El futuro, por tanto, un mundo para conquistar y disfrutar. Un entorno de felicidad al alcance de la mano. Naturalmente, era una ilusi\u00f3n. Y no solo por las decadas que vendr\u00edan, sino porque el nutrido elenco de personajes de Contrapunto vive en un continuo torbellino emocional y moral. La trama de la novela es al mismo tiempo un fresco de la sociedad inglesa, un caleidoscopico retrato del alma humana y una pintura ir\u00f3nica, y a menudo feroz, del mundo intelectual. Varios de sus protagonistas estan basados en escritores de la epoca (D.H Lawrence, Katherine Mansfield, el mismo Aldous Huxley), y hacia el final de la novela dos muertes anudan la trama. No obstante, lo inolvidable de este libro esta en otro lado. Es una historia coral, y lo que cuenta es el encuentro y desencuentro de los personajes, las discusiones pol\u00edticas y literarias, las angustias amorosas y existenciales, las reflexiones sobre el matrimonio, la infidelidad y la soledad. La escritura de Huxley brilla con una inteligencia que deslumbra; la prosa es de una fluidez y precisi\u00f3n sorprendentes. Contrapunto es su obra maestra. Cuando se publico en 1928, se la considero magistral y escandalosa; desde entonces es un cl\u00e1sico. Con toda justicia.<\/p>\n","protected":false},"excerpt":{"rendered":"<p>HUXLEY, ALDOUS<\/p>\n","protected":false},"featured_media":228901,"template":"","meta":{"_acf_changed":false,"om_disable_all_campaigns":false,"rs_blank_template":"","rs_page_bg_color":"","slide_template_v7":"","inline_featured_image":false,"_monsterinsights_skip_tracking":false,"_monsterinsights_sitenote_active":false,"_monsterinsights_sitenote_note":"","_monsterinsights_sitenote_category":0},"product_brand":[],"product_cat":[87],"product_tag":[],"class_list":{"0":"post-228900","1":"product","2":"type-product","3":"status-publish","4":"has-post-thumbnail","6":"product_cat-literatura","8":"first","9":"instock","10":"taxable","11":"shipping-taxable","12":"purchasable","13":"product-type-simple"},"acf":{"autor":"HUXLEY, ALDOUS","codart":"843500935","libros-coleccion":"","ediciones":"1","encuadernacion":"Carpeta","fecha_de_publicacion":"01\/09\/2016","novedad":"0","paginas":"0","subtitulo":"","orden":"999","portada":"0","idioma":"spa","editorial":[{"ID":147773,"post_author":"3","post_date":"2022-10-14 11:53:07","post_date_gmt":"2022-10-14 09:53:07","post_content":"","post_title":"EDHASA","post_excerpt":"","post_status":"publish","comment_status":"closed","ping_status":"closed","post_password":"","post_name":"edhasa","to_ping":"","pinged":"","post_modified":"2022-10-14 11:53:07","post_modified_gmt":"2022-10-14 09:53:07","post_content_filtered":"","post_parent":0,"guid":"http:\/\/dev.claret.cat\/editorial\/edhasa\/","menu_order":0,"post_type":"editorial","post_mime_type":"","comment_count":"0","filter":"raw"}],"autores-libros":[{"ID":149539,"post_author":"3","post_date":"2022-10-14 14:25:42","post_date_gmt":"2022-10-14 12:25:42","post_content":"","post_title":"ALDOUS HUXLEY","post_excerpt":"","post_status":"publish","comment_status":"closed","ping_status":"closed","post_password":"","post_name":"aldous-huxley","to_ping":"","pinged":"","post_modified":"2022-10-14 14:25:42","post_modified_gmt":"2022-10-14 12:25:42","post_content_filtered":"","post_parent":0,"guid":"http:\/\/dev.claret.cat\/autor\/aldous-huxley\/","menu_order":0,"post_type":"autor","post_mime_type":"","comment_count":"0","filter":"raw"}]},"aioseo_notices":[],"_links":{"self":[{"href":"https:\/\/www.claret.cat\/es\/wp-json\/wp\/v2\/product\/228900","targetHints":{"allow":["GET"]}}],"collection":[{"href":"https:\/\/www.claret.cat\/es\/wp-json\/wp\/v2\/product"}],"about":[{"href":"https:\/\/www.claret.cat\/es\/wp-json\/wp\/v2\/types\/product"}],"wp:featuredmedia":[{"embeddable":true,"href":"https:\/\/www.claret.cat\/es\/wp-json\/wp\/v2\/media\/228901"}],"wp:attachment":[{"href":"https:\/\/www.claret.cat\/es\/wp-json\/wp\/v2\/media?parent=228900"}],"wp:term":[{"taxonomy":"product_brand","embeddable":true,"href":"https:\/\/www.claret.cat\/es\/wp-json\/wp\/v2\/product_brand?post=228900"},{"taxonomy":"product_cat","embeddable":true,"href":"https:\/\/www.claret.cat\/es\/wp-json\/wp\/v2\/product_cat?post=228900"},{"taxonomy":"product_tag","embeddable":true,"href":"https:\/\/www.claret.cat\/es\/wp-json\/wp\/v2\/product_tag?post=228900"}],"curies":[{"name":"wp","href":"https:\/\/api.w.org\/{rel}","templated":true}]}}