{"id":228918,"date":"2022-10-20T18:49:03","date_gmt":"2022-10-20T16:49:03","guid":{"rendered":"http:\/\/dev.claret.cat\/producte\/padres-e-hijos-2\/"},"modified":"2025-02-04T18:21:57","modified_gmt":"2025-02-04T17:21:57","slug":"padres-e-hijos-9788490567197","status":"publish","type":"product","link":"https:\/\/www.claret.cat\/es\/libro\/padres-e-hijos-9788490567197\/","title":{"rendered":"PADRES E HIJOS"},"content":{"rendered":"<p>El v\u00ednculo entre padres e hijos es para toda la vida. Y es intenso siempre, tanto para el amor como para<br \/> los conflictos. Es esta relaci\u00f3n familiar e \u00edntima la que examinan Demi\u00e1n y Jorge Bucay, no solo como psicoterapeutas,<br \/> sino como hijo (que tambi\u00e9n es padre) y como padre (que tambi\u00e9n es abuelo). Gracias a la sabidur\u00eda de la experiencia y<br \/> a la sensibilidad \u00fanica de sus autores, este libro lleno de buenos consejos y divertidas an\u00e9cdotas es una luminosa gu\u00eda<br \/> para adentrarse en el fascinante laberinto de las relaciones paternofiliales.<\/p>\n","protected":false},"excerpt":{"rendered":"<p>BUCAY , DEMIAN \/ BUCAY , JORGE<\/p>\n","protected":false},"featured_media":228919,"template":"","meta":{"_acf_changed":false,"om_disable_all_campaigns":false,"rs_blank_template":"","rs_page_bg_color":"","slide_template_v7":"","inline_featured_image":false,"_monsterinsights_skip_tracking":false,"_monsterinsights_sitenote_active":false,"_monsterinsights_sitenote_note":"","_monsterinsights_sitenote_category":0},"product_brand":[],"product_cat":[100,550],"product_tag":[],"class_list":{"0":"post-228918","1":"product","2":"type-product","3":"status-publish","4":"has-post-thumbnail","6":"product_cat-escola-de-pares","7":"product_cat-escuela-de-padres-3_infantil-juvenil-spa-spa","9":"first","10":"instock","11":"taxable","12":"shipping-taxable","13":"purchasable","14":"product-type-simple"},"acf":{"autor":"BUCAY , DEMIAN \/ BUCAY , JORGE","codart":"849056719","libros-coleccion":"","ediciones":"1","encuadernacion":"R\u00fastica","fecha_de_publicacion":"01\/09\/2016","novedad":"0","paginas":"254","subtitulo":"HERRAMIENTAS PARA CUIDAR UN V\u00cdNCULO FUNDAMENTAL","orden":"999","portada":"0","idioma":"spa","editorial":[{"ID":8268,"post_author":"3","post_date":"2022-09-30 09:21:37","post_date_gmt":"2022-09-30 07:21:37","post_content":"","post_title":"RBA LIBROS SA.","post_excerpt":"","post_status":"publish","comment_status":"closed","ping_status":"closed","post_password":"","post_name":"rba-libros-sa","to_ping":"","pinged":"","post_modified":"2022-09-30 09:21:37","post_modified_gmt":"2022-09-30 07:21:37","post_content_filtered":"","post_parent":0,"guid":"http:\/\/dev.claret.cat\/editorial\/rba-libros-sa\/","menu_order":0,"post_type":"editorial","post_mime_type":"","comment_count":"0","filter":"raw"}],"autores-libros":[{"ID":421832,"post_author":"3","post_date":"2023-05-16 07:06:29","post_date_gmt":"2023-05-16 05:06:29","post_content":"","post_title":"DEMIAN BUCAY","post_excerpt":"","post_status":"publish","comment_status":"closed","ping_status":"closed","post_password":"","post_name":"demian-bucay","to_ping":"","pinged":"","post_modified":"2023-05-16 07:06:29","post_modified_gmt":"2023-05-16 05:06:29","post_content_filtered":"","post_parent":0,"guid":"https:\/\/www.claret.cat\/autor\/demian-bucay\/","menu_order":0,"post_type":"autor","post_mime_type":"","comment_count":"0","filter":"raw"},{"ID":160056,"post_author":"3","post_date":"2022-10-14 15:49:56","post_date_gmt":"2022-10-14 13:49:56","post_content":"","post_title":"JORGE BUCAY","post_excerpt":"","post_status":"publish","comment_status":"closed","ping_status":"closed","post_password":"","post_name":"jorge-bucay","to_ping":"","pinged":"","post_modified":"2022-10-14 15:49:56","post_modified_gmt":"2022-10-14 13:49:56","post_content_filtered":"","post_parent":0,"guid":"http:\/\/dev.claret.cat\/autor\/jorge-bucay\/","menu_order":0,"post_type":"autor","post_mime_type":"","comment_count":"0","filter":"raw"}]},"aioseo_notices":[],"_links":{"self":[{"href":"https:\/\/www.claret.cat\/es\/wp-json\/wp\/v2\/product\/228918","targetHints":{"allow":["GET"]}}],"collection":[{"href":"https:\/\/www.claret.cat\/es\/wp-json\/wp\/v2\/product"}],"about":[{"href":"https:\/\/www.claret.cat\/es\/wp-json\/wp\/v2\/types\/product"}],"wp:featuredmedia":[{"embeddable":true,"href":"https:\/\/www.claret.cat\/es\/wp-json\/wp\/v2\/media\/228919"}],"wp:attachment":[{"href":"https:\/\/www.claret.cat\/es\/wp-json\/wp\/v2\/media?parent=228918"}],"wp:term":[{"taxonomy":"product_brand","embeddable":true,"href":"https:\/\/www.claret.cat\/es\/wp-json\/wp\/v2\/product_brand?post=228918"},{"taxonomy":"product_cat","embeddable":true,"href":"https:\/\/www.claret.cat\/es\/wp-json\/wp\/v2\/product_cat?post=228918"},{"taxonomy":"product_tag","embeddable":true,"href":"https:\/\/www.claret.cat\/es\/wp-json\/wp\/v2\/product_tag?post=228918"}],"curies":[{"name":"wp","href":"https:\/\/api.w.org\/{rel}","templated":true}]}}