{"id":228951,"date":"2022-10-20T18:49:49","date_gmt":"2022-10-20T16:49:49","guid":{"rendered":"http:\/\/dev.claret.cat\/producte\/yo-no-soy-mi-cerebro\/"},"modified":"2024-12-05T18:40:22","modified_gmt":"2024-12-05T17:40:22","slug":"yo-no-soy-mi-cerebro-9788494495076","status":"publish","type":"product","link":"https:\/\/www.claret.cat\/es\/libro\/yo-no-soy-mi-cerebro-9788494495076\/","title":{"rendered":"YO NO SOY MI CEREBRO"},"content":{"rendered":"<p>Si en su primer libro Gabriel nos explicaba c\u00f3mo podemos conocer lo real y exactamente qu\u00e9 podemos considerar por real, en este segundo trabajo el fil\u00f3sofo alem\u00e1n -m\u00e1ximo representante de la escuela filos\u00f3fica del Nuevo Realismo- utiliza a Plat\u00f3n, Schopenhauer y Kant, pero tambi\u00e9n a &#8216;The Walking Dead&#8217;, &#8216;Dr. Who&#8217; y &#8216;Fargo&#8217;, para luchar contra el neurocentrismo, la limitaci\u00f3n de la consciencia y la reflexi\u00f3n humana a las meras capacidades neuronales. En cierta manera Markus Gabriel libera al sujeto del determinismo cientificista, a favor de una \u00e9tica de la responsabilidad en la reflexi\u00f3n. El yo no es s\u00f3lo su cerebro, va mucho m\u00e1s all\u00e1.<\/p>\n","protected":false},"excerpt":{"rendered":"<p>GABRIEL, MARKUS<\/p>\n","protected":false},"featured_media":228952,"template":"","meta":{"_acf_changed":false,"om_disable_all_campaigns":false,"rs_blank_template":"","rs_page_bg_color":"","slide_template_v7":"","inline_featured_image":false,"_monsterinsights_skip_tracking":false,"_monsterinsights_sitenote_active":false,"_monsterinsights_sitenote_note":"","_monsterinsights_sitenote_category":0},"product_brand":[],"product_cat":[83,349],"product_tag":[],"class_list":{"0":"post-228951","1":"product","2":"type-product","3":"status-publish","4":"has-post-thumbnail","6":"product_cat-filosofia","7":"product_cat-filosofia-2_humanidades","9":"first","10":"instock","11":"taxable","12":"shipping-taxable","13":"purchasable","14":"product-type-simple"},"acf":{"autor":"GABRIEL, MARKUS","codart":"849449507","libros-coleccion":"Ensayo","ediciones":"1","encuadernacion":"R\u00fastica","fecha_de_publicacion":"01\/09\/2016","novedad":"1","paginas":"320","subtitulo":"FILOSOF\u00cdA DE LA MENTE PARA EL SIGLO XXI","orden":"0","portada":"0","idioma":"spa","editorial":[{"ID":148646,"post_author":"3","post_date":"2022-10-14 11:59:52","post_date_gmt":"2022-10-14 09:59:52","post_content":"","post_title":"PASADO Y PRESENTE","post_excerpt":"","post_status":"publish","comment_status":"closed","ping_status":"closed","post_password":"","post_name":"pasado-y-presente","to_ping":"","pinged":"","post_modified":"2022-10-14 11:59:52","post_modified_gmt":"2022-10-14 09:59:52","post_content_filtered":"","post_parent":0,"guid":"http:\/\/dev.claret.cat\/editorial\/pasado-y-presente\/","menu_order":0,"post_type":"editorial","post_mime_type":"","comment_count":"0","filter":"raw"}],"autores-libros":[{"ID":164098,"post_author":"3","post_date":"2022-10-14 17:44:20","post_date_gmt":"2022-10-14 15:44:20","post_content":"","post_title":"MARKUS GABRIEL","post_excerpt":"","post_status":"publish","comment_status":"closed","ping_status":"closed","post_password":"","post_name":"markus-gabriel","to_ping":"","pinged":"","post_modified":"2022-10-14 17:44:20","post_modified_gmt":"2022-10-14 15:44:20","post_content_filtered":"","post_parent":0,"guid":"http:\/\/dev.claret.cat\/autor\/markus-gabriel\/","menu_order":0,"post_type":"autor","post_mime_type":"","comment_count":"0","filter":"raw"}]},"aioseo_notices":[],"_links":{"self":[{"href":"https:\/\/www.claret.cat\/es\/wp-json\/wp\/v2\/product\/228951","targetHints":{"allow":["GET"]}}],"collection":[{"href":"https:\/\/www.claret.cat\/es\/wp-json\/wp\/v2\/product"}],"about":[{"href":"https:\/\/www.claret.cat\/es\/wp-json\/wp\/v2\/types\/product"}],"wp:featuredmedia":[{"embeddable":true,"href":"https:\/\/www.claret.cat\/es\/wp-json\/wp\/v2\/media\/228952"}],"wp:attachment":[{"href":"https:\/\/www.claret.cat\/es\/wp-json\/wp\/v2\/media?parent=228951"}],"wp:term":[{"taxonomy":"product_brand","embeddable":true,"href":"https:\/\/www.claret.cat\/es\/wp-json\/wp\/v2\/product_brand?post=228951"},{"taxonomy":"product_cat","embeddable":true,"href":"https:\/\/www.claret.cat\/es\/wp-json\/wp\/v2\/product_cat?post=228951"},{"taxonomy":"product_tag","embeddable":true,"href":"https:\/\/www.claret.cat\/es\/wp-json\/wp\/v2\/product_tag?post=228951"}],"curies":[{"name":"wp","href":"https:\/\/api.w.org\/{rel}","templated":true}]}}