{"id":228987,"date":"2022-10-20T18:50:41","date_gmt":"2022-10-20T16:50:41","guid":{"rendered":"http:\/\/dev.claret.cat\/producte\/aprendiz-de-guardian\/"},"modified":"2023-01-28T16:06:52","modified_gmt":"2023-01-28T15:06:52","slug":"aprendiz-de-guardian-9788416387847","status":"publish","type":"product","link":"https:\/\/www.claret.cat\/es\/libro\/aprendiz-de-guardian-9788416387847\/","title":{"rendered":"APRENDIZ DE GUARDIAN"},"content":{"rendered":"<p>Siempre le hab\u00edan dado miedo los guardianes con sus capuchas oscuras y sus andares sombr\u00edos. Los aldeanos cre\u00edan que los guardianes practicaban una magia capaz de volverlos invisibles para la gente corriente. Y ahora, a sus quince a\u00f1os, Will, que siempre hab\u00eda sido peque\u00f1o para su edad, ha sido elegido como aprendiz de guardi\u00e1n. Lo que a\u00fan no comprende es que los guardianes son los protectores del reino. Han sido entrenados para la batalla. Y como Will est\u00e1 a punto de descubrir, hay una gran batalla en camino. Morgarath, el exiliado, el Se\u00f1or de las Monta\u00f1as de la Lluvia y la Noche, est\u00e1 reuniendo fuerzas para atacar el reino. Esta vez, no le negar\u00e1n lo que es suyo\u2026<\/p>\n","protected":false},"excerpt":{"rendered":"<p>FLANAGAN,JOHN<\/p>\n","protected":false},"featured_media":228988,"template":"","meta":{"_acf_changed":false,"om_disable_all_campaigns":false,"rs_blank_template":"","rs_page_bg_color":"","slide_template_v7":"","inline_featured_image":false,"_monsterinsights_skip_tracking":false,"_monsterinsights_sitenote_active":false,"_monsterinsights_sitenote_note":"","_monsterinsights_sitenote_category":0},"product_brand":[],"product_cat":[86],"product_tag":[],"class_list":{"0":"post-228987","1":"product","2":"type-product","3":"status-publish","4":"has-post-thumbnail","6":"product_cat-infantil","8":"first","9":"instock","10":"taxable","11":"shipping-taxable","12":"purchasable","13":"product-type-simple"},"acf":{"autor":"FLANAGAN,JOHN","codart":"841638784","libros-coleccion":"SUSHI BOOKS","ediciones":"1","encuadernacion":"Carpeta","fecha_de_publicacion":"01\/09\/2016","novedad":"1","paginas":"308","subtitulo":"","orden":"0","portada":"0","idioma":"spa","autores-libros":[{"ID":159638,"post_author":"3","post_date":"2022-10-14 15:46:29","post_date_gmt":"2022-10-14 13:46:29","post_content":"","post_title":"JOHN FLANAGAN","post_excerpt":"","post_status":"publish","comment_status":"closed","ping_status":"closed","post_password":"","post_name":"john-flanagan","to_ping":"","pinged":"","post_modified":"2022-10-14 15:46:29","post_modified_gmt":"2022-10-14 13:46:29","post_content_filtered":"","post_parent":0,"guid":"http:\/\/dev.claret.cat\/autor\/john-flanagan\/","menu_order":0,"post_type":"autor","post_mime_type":"","comment_count":"0","filter":"raw"}]},"aioseo_notices":[],"_links":{"self":[{"href":"https:\/\/www.claret.cat\/es\/wp-json\/wp\/v2\/product\/228987","targetHints":{"allow":["GET"]}}],"collection":[{"href":"https:\/\/www.claret.cat\/es\/wp-json\/wp\/v2\/product"}],"about":[{"href":"https:\/\/www.claret.cat\/es\/wp-json\/wp\/v2\/types\/product"}],"wp:featuredmedia":[{"embeddable":true,"href":"https:\/\/www.claret.cat\/es\/wp-json\/wp\/v2\/media\/228988"}],"wp:attachment":[{"href":"https:\/\/www.claret.cat\/es\/wp-json\/wp\/v2\/media?parent=228987"}],"wp:term":[{"taxonomy":"product_brand","embeddable":true,"href":"https:\/\/www.claret.cat\/es\/wp-json\/wp\/v2\/product_brand?post=228987"},{"taxonomy":"product_cat","embeddable":true,"href":"https:\/\/www.claret.cat\/es\/wp-json\/wp\/v2\/product_cat?post=228987"},{"taxonomy":"product_tag","embeddable":true,"href":"https:\/\/www.claret.cat\/es\/wp-json\/wp\/v2\/product_tag?post=228987"}],"curies":[{"name":"wp","href":"https:\/\/api.w.org\/{rel}","templated":true}]}}