{"id":229086,"date":"2022-10-20T18:53:01","date_gmt":"2022-10-20T16:53:01","guid":{"rendered":"http:\/\/dev.claret.cat\/producte\/dejame-que-te-cuente-2\/"},"modified":"2025-02-04T18:32:09","modified_gmt":"2025-02-04T17:32:09","slug":"dejame-que-te-cuente-9788492966783","status":"publish","type":"product","link":"https:\/\/www.claret.cat\/es\/libro\/dejame-que-te-cuente-9788492966783\/","title":{"rendered":"D\u00c9JAME QUE TE CUENTE"},"content":{"rendered":"<p>Los bestsellers de Jorge Bucay, D\u00e9jame que te cuente y Cuentos para pensar, en bolsillo. Demi\u00e1n es un<br \/> muchacho curioso e inquieto que desea saber m\u00e1s sobre s\u00ed mismo. Esta b\u00fasqueda le conduce hasta Jorge, el Gordo, un<br \/> psicoanalista muy peculiar que cada d\u00eda le explica un cuento. Son cuentos cl\u00e1sicos, modernos o populares, reinventados<br \/> para ayudar a su joven amigo a resolver sus dudas, historias que a todos nos pueden servir para entendernos mejor a<br \/> nosotros mismos, nuestras relaciones y nuestros miedos.<\/p>\n","protected":false},"excerpt":{"rendered":"<p>BUCAY , JORGE<\/p>\n","protected":false},"featured_media":229087,"template":"","meta":{"_acf_changed":false,"om_disable_all_campaigns":false,"rs_blank_template":"","rs_page_bg_color":"","slide_template_v7":"","inline_featured_image":false,"_monsterinsights_skip_tracking":false,"_monsterinsights_sitenote_active":false,"_monsterinsights_sitenote_note":"","_monsterinsights_sitenote_category":0},"product_brand":[],"product_cat":[353,87,81,347],"product_tag":[],"class_list":{"0":"post-229086","1":"product","2":"type-product","3":"status-publish","4":"has-post-thumbnail","6":"product_cat-literatura-2_humanidades","7":"product_cat-literatura","8":"product_cat-psicologia","9":"product_cat-psicologia-2_humanidades","11":"first","12":"instock","13":"taxable","14":"shipping-taxable","15":"purchasable","16":"product-type-simple"},"acf":{"autor":"BUCAY , JORGE","codart":"849296678","libros-coleccion":"","ediciones":"1","encuadernacion":"R\u00fastica","fecha_de_publicacion":"01\/09\/2016","novedad":"0","paginas":"284","subtitulo":"(ED. BOLSILLO)","orden":"999","portada":"0","idioma":"spa","editorial":[{"ID":8268,"post_author":"3","post_date":"2022-09-30 09:21:37","post_date_gmt":"2022-09-30 07:21:37","post_content":"","post_title":"RBA LIBROS SA.","post_excerpt":"","post_status":"publish","comment_status":"closed","ping_status":"closed","post_password":"","post_name":"rba-libros-sa","to_ping":"","pinged":"","post_modified":"2022-09-30 09:21:37","post_modified_gmt":"2022-09-30 07:21:37","post_content_filtered":"","post_parent":0,"guid":"http:\/\/dev.claret.cat\/editorial\/rba-libros-sa\/","menu_order":0,"post_type":"editorial","post_mime_type":"","comment_count":"0","filter":"raw"}],"autores-libros":[{"ID":160056,"post_author":"3","post_date":"2022-10-14 15:49:56","post_date_gmt":"2022-10-14 13:49:56","post_content":"","post_title":"JORGE BUCAY","post_excerpt":"","post_status":"publish","comment_status":"closed","ping_status":"closed","post_password":"","post_name":"jorge-bucay","to_ping":"","pinged":"","post_modified":"2022-10-14 15:49:56","post_modified_gmt":"2022-10-14 13:49:56","post_content_filtered":"","post_parent":0,"guid":"http:\/\/dev.claret.cat\/autor\/jorge-bucay\/","menu_order":0,"post_type":"autor","post_mime_type":"","comment_count":"0","filter":"raw"}]},"aioseo_notices":[],"_links":{"self":[{"href":"https:\/\/www.claret.cat\/es\/wp-json\/wp\/v2\/product\/229086","targetHints":{"allow":["GET"]}}],"collection":[{"href":"https:\/\/www.claret.cat\/es\/wp-json\/wp\/v2\/product"}],"about":[{"href":"https:\/\/www.claret.cat\/es\/wp-json\/wp\/v2\/types\/product"}],"wp:featuredmedia":[{"embeddable":true,"href":"https:\/\/www.claret.cat\/es\/wp-json\/wp\/v2\/media\/229087"}],"wp:attachment":[{"href":"https:\/\/www.claret.cat\/es\/wp-json\/wp\/v2\/media?parent=229086"}],"wp:term":[{"taxonomy":"product_brand","embeddable":true,"href":"https:\/\/www.claret.cat\/es\/wp-json\/wp\/v2\/product_brand?post=229086"},{"taxonomy":"product_cat","embeddable":true,"href":"https:\/\/www.claret.cat\/es\/wp-json\/wp\/v2\/product_cat?post=229086"},{"taxonomy":"product_tag","embeddable":true,"href":"https:\/\/www.claret.cat\/es\/wp-json\/wp\/v2\/product_tag?post=229086"}],"curies":[{"name":"wp","href":"https:\/\/api.w.org\/{rel}","templated":true}]}}