{"id":229092,"date":"2022-10-20T18:53:09","date_gmt":"2022-10-20T16:53:09","guid":{"rendered":"http:\/\/dev.claret.cat\/producte\/la-dama-de-zagreb\/"},"modified":"2025-02-04T18:38:53","modified_gmt":"2025-02-04T17:38:53","slug":"la-dama-de-zagreb-9788490566640","status":"publish","type":"product","link":"https:\/\/www.claret.cat\/es\/libro\/la-dama-de-zagreb-9788490566640\/","title":{"rendered":"LA DAMA DE ZAGREB"},"content":{"rendered":"<p>\u00abEl hecho es que resulta f\u00e1cil reconocer a un hombre malvado a simple vista: tiene el mismo aspecto que<br \/> ustedes o yo\u00bb. \u00a0 A pesar de su odio hacia los nazis, a Bernie Gunther no le queda m\u00e1s remedio que cumplir los deseos de<br \/> altos mandos como Josef Goebbels. Siguiendo las \u00f3rdenes del ministro de Propaganda, Gunther tiene que viajar a la<br \/> peligrosa Yugoslavia y a una Suiza enga\u00f1osamente neutral. Pero esta misi\u00f3n es diferente a las dem\u00e1s. Esta vez est\u00e1 en<br \/> juego el amor de una mujer.<\/p>\n","protected":false},"excerpt":{"rendered":"<p>KERR , PHILIP<\/p>\n","protected":false},"featured_media":229093,"template":"","meta":{"_acf_changed":false,"om_disable_all_campaigns":false,"rs_blank_template":"","rs_page_bg_color":"","slide_template_v7":"","inline_featured_image":false,"_monsterinsights_skip_tracking":false,"_monsterinsights_sitenote_active":false,"_monsterinsights_sitenote_note":"","_monsterinsights_sitenote_category":0},"product_brand":[],"product_cat":[87,353],"product_tag":[],"class_list":{"0":"post-229092","1":"product","2":"type-product","3":"status-publish","4":"has-post-thumbnail","6":"product_cat-literatura","7":"product_cat-literatura-2_humanidades","9":"first","10":"instock","11":"taxable","12":"shipping-taxable","13":"purchasable","14":"product-type-simple"},"acf":{"autor":"KERR , PHILIP","codart":"849056664","libros-coleccion":"","ediciones":"1","encuadernacion":"R\u00fastica","fecha_de_publicacion":"01\/09\/2016","novedad":"0","paginas":"450","subtitulo":"","orden":"999","portada":"0","idioma":"spa","editorial":[{"ID":8268,"post_author":"3","post_date":"2022-09-30 09:21:37","post_date_gmt":"2022-09-30 07:21:37","post_content":"","post_title":"RBA LIBROS SA.","post_excerpt":"","post_status":"publish","comment_status":"closed","ping_status":"closed","post_password":"","post_name":"rba-libros-sa","to_ping":"","pinged":"","post_modified":"2022-09-30 09:21:37","post_modified_gmt":"2022-09-30 07:21:37","post_content_filtered":"","post_parent":0,"guid":"http:\/\/dev.claret.cat\/editorial\/rba-libros-sa\/","menu_order":0,"post_type":"editorial","post_mime_type":"","comment_count":"0","filter":"raw"}],"autores-libros":[{"ID":167171,"post_author":"3","post_date":"2022-10-14 18:09:06","post_date_gmt":"2022-10-14 16:09:06","post_content":"","post_title":"PHILIP KERR","post_excerpt":"","post_status":"publish","comment_status":"closed","ping_status":"closed","post_password":"","post_name":"philip-kerr","to_ping":"","pinged":"","post_modified":"2022-10-14 18:09:06","post_modified_gmt":"2022-10-14 16:09:06","post_content_filtered":"","post_parent":0,"guid":"http:\/\/dev.claret.cat\/autor\/philip-kerr\/","menu_order":0,"post_type":"autor","post_mime_type":"","comment_count":"0","filter":"raw"}]},"aioseo_notices":[],"_links":{"self":[{"href":"https:\/\/www.claret.cat\/es\/wp-json\/wp\/v2\/product\/229092","targetHints":{"allow":["GET"]}}],"collection":[{"href":"https:\/\/www.claret.cat\/es\/wp-json\/wp\/v2\/product"}],"about":[{"href":"https:\/\/www.claret.cat\/es\/wp-json\/wp\/v2\/types\/product"}],"wp:featuredmedia":[{"embeddable":true,"href":"https:\/\/www.claret.cat\/es\/wp-json\/wp\/v2\/media\/229093"}],"wp:attachment":[{"href":"https:\/\/www.claret.cat\/es\/wp-json\/wp\/v2\/media?parent=229092"}],"wp:term":[{"taxonomy":"product_brand","embeddable":true,"href":"https:\/\/www.claret.cat\/es\/wp-json\/wp\/v2\/product_brand?post=229092"},{"taxonomy":"product_cat","embeddable":true,"href":"https:\/\/www.claret.cat\/es\/wp-json\/wp\/v2\/product_cat?post=229092"},{"taxonomy":"product_tag","embeddable":true,"href":"https:\/\/www.claret.cat\/es\/wp-json\/wp\/v2\/product_tag?post=229092"}],"curies":[{"name":"wp","href":"https:\/\/api.w.org\/{rel}","templated":true}]}}