{"id":229161,"date":"2022-10-20T18:54:47","date_gmt":"2022-10-20T16:54:47","guid":{"rendered":"http:\/\/dev.claret.cat\/producte\/caca-de-dinosaurio\/"},"modified":"2025-05-05T19:05:42","modified_gmt":"2025-05-05T17:05:42","slug":"caca-de-dinosaurio-9788469605905","status":"publish","type":"product","link":"https:\/\/www.claret.cat\/es\/libro\/caca-de-dinosaurio-9788469605905\/","title":{"rendered":"\u00a1CACA DE DINOSAURIO!"},"content":{"rendered":"<p>Para motivar al ni\u00f1o a usar el orinal o a ir \u00e9l solito al ba\u00f1o, \u00a1un divertido \u00e1lbum con solapas donde ir\u00e1 descubriendo cacas y m\u00e1s cacas de dinosaurio! \u00bfCu\u00e1l ser\u00e1 la m\u00e1s grande de todas? Aunque, cuando se trata de cacas&#8230;, \u00a1no solo importa el tama\u00f1o!<\/p>\n","protected":false},"excerpt":{"rendered":"<p>FOX, DIANE \/ FOX, CHRISTYAN<\/p>\n","protected":false},"featured_media":1019958,"template":"","meta":{"_acf_changed":false,"om_disable_all_campaigns":false,"rs_blank_template":"","rs_page_bg_color":"","slide_template_v7":"","inline_featured_image":false,"_monsterinsights_skip_tracking":false,"_monsterinsights_sitenote_active":false,"_monsterinsights_sitenote_note":"","_monsterinsights_sitenote_category":0},"product_brand":[],"product_cat":[86,352],"product_tag":[],"class_list":{"0":"post-229161","1":"product","2":"type-product","3":"status-publish","4":"has-post-thumbnail","6":"product_cat-infantil","7":"product_cat-infantil-3_infantil-juvenil-spa","9":"first","10":"outofstock","11":"taxable","12":"shipping-taxable","13":"purchasable","14":"product-type-simple"},"acf":{"autor":"FOX, DIANE \/ FOX, CHRISTYAN","codart":"846960590","libros-coleccion":"","ediciones":"1","encuadernacion":"Carton\u00e9","fecha_de_publicacion":"01\/09\/2016","novedad":"0","paginas":"32","subtitulo":"","orden":"999","portada":"0","idioma":"spa","editorial":[{"ID":147936,"post_author":"3","post_date":"2022-10-14 11:54:22","post_date_gmt":"2022-10-14 09:54:22","post_content":"","post_title":"Editorial Bru\u00f1o","post_excerpt":"","post_status":"publish","comment_status":"closed","ping_status":"closed","post_password":"","post_name":"editorial-bruno","to_ping":"","pinged":"","post_modified":"2022-10-14 11:54:22","post_modified_gmt":"2022-10-14 09:54:22","post_content_filtered":"","post_parent":0,"guid":"http:\/\/dev.claret.cat\/editorial\/editorial-bruno\/","menu_order":0,"post_type":"editorial","post_mime_type":"","comment_count":"0","filter":"raw"}],"booktrailer":"","resenas":"","autores-libros":[{"ID":421870,"post_author":"3","post_date":"2023-05-16 07:07:14","post_date_gmt":"2023-05-16 05:07:14","post_content":"","post_title":"DIANE FOX","post_excerpt":"","post_status":"publish","comment_status":"closed","ping_status":"closed","post_password":"","post_name":"diane-fox","to_ping":"","pinged":"","post_modified":"2023-05-16 07:07:14","post_modified_gmt":"2023-05-16 05:07:14","post_content_filtered":"","post_parent":0,"guid":"https:\/\/www.claret.cat\/autor\/diane-fox\/","menu_order":0,"post_type":"autor","post_mime_type":"","comment_count":"0","filter":"raw"},{"ID":421389,"post_author":"3","post_date":"2023-05-16 06:57:06","post_date_gmt":"2023-05-16 04:57:06","post_content":"","post_title":"CHRISTYAN FOX","post_excerpt":"","post_status":"publish","comment_status":"closed","ping_status":"closed","post_password":"","post_name":"christyan-fox","to_ping":"","pinged":"","post_modified":"2023-05-16 06:57:06","post_modified_gmt":"2023-05-16 04:57:06","post_content_filtered":"","post_parent":0,"guid":"https:\/\/www.claret.cat\/autor\/christyan-fox\/","menu_order":0,"post_type":"autor","post_mime_type":"","comment_count":"0","filter":"raw"}]},"aioseo_notices":[],"_links":{"self":[{"href":"https:\/\/www.claret.cat\/es\/wp-json\/wp\/v2\/product\/229161","targetHints":{"allow":["GET"]}}],"collection":[{"href":"https:\/\/www.claret.cat\/es\/wp-json\/wp\/v2\/product"}],"about":[{"href":"https:\/\/www.claret.cat\/es\/wp-json\/wp\/v2\/types\/product"}],"wp:featuredmedia":[{"embeddable":true,"href":"https:\/\/www.claret.cat\/es\/wp-json\/wp\/v2\/media\/1019958"}],"wp:attachment":[{"href":"https:\/\/www.claret.cat\/es\/wp-json\/wp\/v2\/media?parent=229161"}],"wp:term":[{"taxonomy":"product_brand","embeddable":true,"href":"https:\/\/www.claret.cat\/es\/wp-json\/wp\/v2\/product_brand?post=229161"},{"taxonomy":"product_cat","embeddable":true,"href":"https:\/\/www.claret.cat\/es\/wp-json\/wp\/v2\/product_cat?post=229161"},{"taxonomy":"product_tag","embeddable":true,"href":"https:\/\/www.claret.cat\/es\/wp-json\/wp\/v2\/product_tag?post=229161"}],"curies":[{"name":"wp","href":"https:\/\/api.w.org\/{rel}","templated":true}]}}