{"id":229245,"date":"2022-10-20T18:56:49","date_gmt":"2022-10-20T16:56:49","guid":{"rendered":"http:\/\/dev.claret.cat\/producte\/minigaleria-amigos-en-el-jardin\/"},"modified":"2024-04-11T11:11:32","modified_gmt":"2024-04-11T09:11:32","slug":"minigaleria-amigos-en-el-jardin-9789876374552","status":"publish","type":"product","link":"https:\/\/www.claret.cat\/es\/libro\/minigaleria-amigos-en-el-jardin-9789876374552\/","title":{"rendered":"MINIGALER\u00cdA &#8211; AMIGOS EN EL JARD\u00cdN"},"content":{"rendered":"<p>El libro de tela acompa\u00f1ar\u00e1 al beb\u00e9 en todo momento, convirti\u00e9ndose en un aliado a la hora de jugar y de dormir.<br \/>\u00a1Mi primer libro de tela! Este libro desplegable con extraordinarias ilustraciones de animales, en blanco y negro y l\u00ednea gruesa, est\u00e1 pensado para estimular el desarrollo visual de los beb\u00e9s.<\/p>\n","protected":false},"excerpt":{"rendered":"<p>SAJNANI, SURYA<\/p>\n","protected":false},"featured_media":229246,"template":"","meta":{"_acf_changed":false,"om_disable_all_campaigns":false,"rs_blank_template":"","rs_page_bg_color":"","slide_template_v7":"","inline_featured_image":false,"_monsterinsights_skip_tracking":false,"_monsterinsights_sitenote_active":false,"_monsterinsights_sitenote_note":"","_monsterinsights_sitenote_category":0},"product_brand":[],"product_cat":[90,540],"product_tag":[],"class_list":{"0":"post-229245","1":"product","2":"type-product","3":"status-publish","4":"has-post-thumbnail","6":"product_cat-altres","7":"product_cat-otros","9":"first","10":"instock","11":"taxable","12":"shipping-taxable","13":"purchasable","14":"product-type-simple"},"acf":{"autor":"SAJNANI, SURYA","codart":"987637455","libros-coleccion":"SUSHI BOOKS","ediciones":"1","encuadernacion":"Carpeta","fecha_de_publicacion":"01\/09\/2016","novedad":"1","paginas":"8","subtitulo":"","orden":"0","portada":"0","idioma":"spa","editorial":[{"ID":8224,"post_author":"3","post_date":"2022-09-30 09:21:12","post_date_gmt":"2022-09-30 07:21:12","post_content":"","post_title":"CATAPULTA EDICIONES","post_excerpt":"","post_status":"publish","comment_status":"closed","ping_status":"closed","post_password":"","post_name":"catapulta-ediciones","to_ping":"","pinged":"","post_modified":"2022-09-30 09:21:12","post_modified_gmt":"2022-09-30 07:21:12","post_content_filtered":"","post_parent":0,"guid":"http:\/\/dev.claret.cat\/editorial\/catapulta-ediciones\/","menu_order":0,"post_type":"editorial","post_mime_type":"","comment_count":"0","filter":"raw"}],"autores-libros":[{"ID":169916,"post_author":"3","post_date":"2022-10-14 22:31:03","post_date_gmt":"2022-10-14 20:31:03","post_content":"","post_title":"SURYA SAJNANI","post_excerpt":"","post_status":"publish","comment_status":"closed","ping_status":"closed","post_password":"","post_name":"surya-sajnani","to_ping":"","pinged":"","post_modified":"2022-10-14 22:31:03","post_modified_gmt":"2022-10-14 20:31:03","post_content_filtered":"","post_parent":0,"guid":"http:\/\/dev.claret.cat\/autor\/surya-sajnani\/","menu_order":0,"post_type":"autor","post_mime_type":"","comment_count":"0","filter":"raw"}]},"aioseo_notices":[],"_links":{"self":[{"href":"https:\/\/www.claret.cat\/es\/wp-json\/wp\/v2\/product\/229245","targetHints":{"allow":["GET"]}}],"collection":[{"href":"https:\/\/www.claret.cat\/es\/wp-json\/wp\/v2\/product"}],"about":[{"href":"https:\/\/www.claret.cat\/es\/wp-json\/wp\/v2\/types\/product"}],"wp:featuredmedia":[{"embeddable":true,"href":"https:\/\/www.claret.cat\/es\/wp-json\/wp\/v2\/media\/229246"}],"wp:attachment":[{"href":"https:\/\/www.claret.cat\/es\/wp-json\/wp\/v2\/media?parent=229245"}],"wp:term":[{"taxonomy":"product_brand","embeddable":true,"href":"https:\/\/www.claret.cat\/es\/wp-json\/wp\/v2\/product_brand?post=229245"},{"taxonomy":"product_cat","embeddable":true,"href":"https:\/\/www.claret.cat\/es\/wp-json\/wp\/v2\/product_cat?post=229245"},{"taxonomy":"product_tag","embeddable":true,"href":"https:\/\/www.claret.cat\/es\/wp-json\/wp\/v2\/product_tag?post=229245"}],"curies":[{"name":"wp","href":"https:\/\/api.w.org\/{rel}","templated":true}]}}