{"id":229305,"date":"2022-10-20T18:58:16","date_gmt":"2022-10-20T16:58:16","guid":{"rendered":"http:\/\/dev.claret.cat\/producte\/extranos-2\/"},"modified":"2023-01-28T13:53:46","modified_gmt":"2023-01-28T12:53:46","slug":"extranos-9788490436677","status":"publish","type":"product","link":"https:\/\/www.claret.cat\/es\/libro\/extranos-9788490436677\/","title":{"rendered":"EXTRA\u00d1OS"},"content":{"rendered":"<p>El nuevo fen\u00f3meno juvenil, con el ritmo de La chica del tren y  la acci\u00f3n de la \u00abTrilog\u00eda Divergente\u00bb. Una novela trepidante de  intrigas, traiciones y secretos en el que una peque\u00f1a decisi\u00f3n va a cambiarlo todo&#8230;Un thriller que se meter\u00e1 dentro de tus pensamientos.\u00abConduce hacia el norte.\u00bbCuando Cassie desaparece dejando tras de s\u00ed una serie de cr\u00edpticos  mensajes, Wylie tiene que superar sus miedos y hacer lo que mejor se le  da: salvar a su amiga de s\u00ed misma. Acompa\u00f1ada de Jasper, el chico que  las ha distanciado, Wylie se lanza a la desesperada a una misi\u00f3n de rescate, que pronto se revelar\u00e1 sumamente peligrosa.Cuanto m\u00e1s se adentran en los frondosos bosques de Maine, m\u00e1s tiene que  esforzarse Wylie por apaciguar la creciente sensaci\u00f3n de que algo va muy  mal. \u00bfY si Cassie les estuviera ocultando alg\u00fan detalle? \u00bfY si encontrarla fuera solo el principio de algo mucho m\u00e1s misterioso?  Cuantas m\u00e1s preguntas se haga Wylie, m\u00e1s desear\u00e1 no haber salido de su  casa&#8230; Pero tambi\u00e9n descubrir\u00e1 que es m\u00e1s fuerte de lo que jam\u00e1s hab\u00eda imaginado.Cuando no puedes confiar en nadie, solo te queda tu instinto.Cr\u00edticas y opini\u00f3n de los lectores:<br \/>\u00abUn thriller fascinante que te tendr\u00e1 intrigado hasta la \u00faltima p\u00e1gina.\u00bb<br \/>Sara Shepard, autora de  Peque\u00f1as mentirosas\u00abUna novela trepidante, conmovedora y profundamente irresistible, con un final de infarto.\u00bb<br \/>Julianna Baggott, autora de la trilog\u00eda \u00abLa C\u00fapula\u00bb\u00abUna novela impactante llena de intrigas, traiciones y secretos escondidos.\u00bb\u00abIncre\u00edblemente bueno. Una trama original, con acci\u00f3n y suspense: este libro lo tiene todo.\u00bb\u00abImposible dejar de leerlo.\u00bb\u00abUn inicio fant\u00e1stico para una saga de misterio.\u00bb<\/p>\n","protected":false},"excerpt":{"rendered":"<p>MCCREIGH, KIMBERLY<\/p>\n","protected":false},"featured_media":229306,"template":"","meta":{"_acf_changed":false,"om_disable_all_campaigns":false,"rs_blank_template":"","rs_page_bg_color":"","slide_template_v7":"","inline_featured_image":false,"_monsterinsights_skip_tracking":false,"_monsterinsights_sitenote_active":false,"_monsterinsights_sitenote_note":"","_monsterinsights_sitenote_category":0},"product_brand":[],"product_cat":[86],"product_tag":[],"class_list":{"0":"post-229305","1":"product","2":"type-product","3":"status-publish","4":"has-post-thumbnail","6":"product_cat-infantil","8":"first","9":"instock","10":"taxable","11":"shipping-taxable","12":"purchasable","13":"product-type-simple"},"acf":{"autor":"MCCREIGH, KIMBERLY","codart":"849043667","libros-coleccion":"","ediciones":"1","encuadernacion":"R\u00fastica","fecha_de_publicacion":"01\/09\/2016","novedad":"0","paginas":"317","subtitulo":"","orden":"999","portada":"0","idioma":"spa","editorial":[{"ID":148544,"post_author":"3","post_date":"2022-10-14 11:59:04","post_date_gmt":"2022-10-14 09:59:04","post_content":"","post_title":"MONTENA, S.A.,EDICIONES","post_excerpt":"","post_status":"publish","comment_status":"closed","ping_status":"closed","post_password":"","post_name":"montena-s-a-ediciones","to_ping":"","pinged":"","post_modified":"2022-10-14 11:59:04","post_modified_gmt":"2022-10-14 09:59:04","post_content_filtered":"","post_parent":0,"guid":"http:\/\/dev.claret.cat\/editorial\/montena-s-a-ediciones\/","menu_order":0,"post_type":"editorial","post_mime_type":"","comment_count":"0","filter":"raw"}]},"aioseo_notices":[],"_links":{"self":[{"href":"https:\/\/www.claret.cat\/es\/wp-json\/wp\/v2\/product\/229305","targetHints":{"allow":["GET"]}}],"collection":[{"href":"https:\/\/www.claret.cat\/es\/wp-json\/wp\/v2\/product"}],"about":[{"href":"https:\/\/www.claret.cat\/es\/wp-json\/wp\/v2\/types\/product"}],"wp:featuredmedia":[{"embeddable":true,"href":"https:\/\/www.claret.cat\/es\/wp-json\/wp\/v2\/media\/229306"}],"wp:attachment":[{"href":"https:\/\/www.claret.cat\/es\/wp-json\/wp\/v2\/media?parent=229305"}],"wp:term":[{"taxonomy":"product_brand","embeddable":true,"href":"https:\/\/www.claret.cat\/es\/wp-json\/wp\/v2\/product_brand?post=229305"},{"taxonomy":"product_cat","embeddable":true,"href":"https:\/\/www.claret.cat\/es\/wp-json\/wp\/v2\/product_cat?post=229305"},{"taxonomy":"product_tag","embeddable":true,"href":"https:\/\/www.claret.cat\/es\/wp-json\/wp\/v2\/product_tag?post=229305"}],"curies":[{"name":"wp","href":"https:\/\/api.w.org\/{rel}","templated":true}]}}