{"id":229323,"date":"2022-10-20T18:58:41","date_gmt":"2022-10-20T16:58:41","guid":{"rendered":"http:\/\/dev.claret.cat\/producte\/no-tendreis-mi-odio\/"},"modified":"2026-05-09T10:10:19","modified_gmt":"2026-05-09T08:10:19","slug":"no-tendreis-mi-odio-9788499425368","status":"publish","type":"product","link":"https:\/\/www.claret.cat\/es\/libro\/no-tendreis-mi-odio-9788499425368\/","title":{"rendered":"NO TENDR\u00c9IS MI ODIO"},"content":{"rendered":"<p>La noche del 13 de noviembre de 2015 Antoine, un joven periodista, se queda en casa con el peque\u00f1o Melvil, de diecisiete meses, para que su mujer, H\u00e9l\u00e8ne, pueda ir al concierto de los Eagles of Death Metal en la sala Bataclan de Par\u00eds.Tras enterarse de los atentados, y con el miedo en el cuerpo, Antoine recorre hospitales y comisar\u00edas de polic\u00eda. Sus peores temores se confirman: H\u00e9l\u00e8ne es una de las v\u00edctimas mortales. Lo primero es identificar el cuerpo; luego viene el papeleo, los psic\u00f3logos, los polic\u00edas, la familia y los amigos. \u00bfC\u00f3mo seguir viviendo? \u00bfQu\u00e9 decirle a Melvil cuando reclama a su madre?Pero la vida se empe\u00f1a en continuar. En la guarder\u00eda, las madres llevan cada d\u00eda papillas caseras para Melvil ?que solo come potitos industriales? y a casa llegan cartas de apoyo de todos los rincones del mundo. Entretanto, Antoine intenta adaptarse a su nueva realidad: ba\u00f1ar a Melvil, alimentarle, mimarle, ir a la tumba de H\u00e9l\u00e8ne, imaginar c\u00f3mo ser\u00e1 su relaci\u00f3n con su hijo a partir de entonces?<\/p>\n","protected":false},"excerpt":{"rendered":"<p>LEIRIS, ANTOINE<\/p>\n","protected":false},"featured_media":1100354,"template":"","meta":{"_acf_changed":false,"om_disable_all_campaigns":false,"rs_blank_template":"","rs_page_bg_color":"","slide_template_v7":"","inline_featured_image":false,"_monsterinsights_skip_tracking":false,"_monsterinsights_sitenote_active":false,"_monsterinsights_sitenote_note":"","_monsterinsights_sitenote_category":0},"product_brand":[],"product_cat":[87,353],"product_tag":[],"class_list":{"0":"post-229323","1":"product","2":"type-product","3":"status-publish","4":"has-post-thumbnail","6":"product_cat-literatura","7":"product_cat-literatura-2_humanidades","9":"first","10":"instock","11":"taxable","12":"shipping-taxable","13":"purchasable","14":"product-type-simple"},"acf":{"autor":"LEIRIS, ANTOINE","codart":"849942536","libros-coleccion":"","ediciones":"1","encuadernacion":"R\u00fastica","fecha_de_publicacion":"01\/09\/2016","novedad":"0","paginas":"112","subtitulo":"","orden":"999","portada":"0","idioma":"spa","editorial":[{"ID":6327,"post_author":"3","post_date":"2022-07-28 17:49:48","post_date_gmt":"2022-07-28 15:49:48","post_content":"","post_title":"PENINSULA","post_excerpt":"","post_status":"publish","comment_status":"closed","ping_status":"closed","post_password":"","post_name":"peninsula","to_ping":"","pinged":"","post_modified":"2022-07-28 17:49:48","post_modified_gmt":"2022-07-28 15:49:48","post_content_filtered":"","post_parent":0,"guid":"http:\/\/dev.claret.cat\/editorial\/peninsula\/","menu_order":0,"post_type":"editorial","post_mime_type":"","comment_count":"0","filter":"raw"}],"autores-libros":[{"ID":150787,"post_author":"3","post_date":"2022-10-14 14:35:44","post_date_gmt":"2022-10-14 12:35:44","post_content":"","post_title":"ANTOINE LEIRIS","post_excerpt":"","post_status":"publish","comment_status":"closed","ping_status":"closed","post_password":"","post_name":"antoine-leiris","to_ping":"","pinged":"","post_modified":"2022-10-14 14:35:44","post_modified_gmt":"2022-10-14 12:35:44","post_content_filtered":"","post_parent":0,"guid":"http:\/\/dev.claret.cat\/autor\/antoine-leiris\/","menu_order":0,"post_type":"autor","post_mime_type":"","comment_count":"0","filter":"raw"}],"booktrailer":"","resenas":""},"aioseo_notices":[],"_links":{"self":[{"href":"https:\/\/www.claret.cat\/es\/wp-json\/wp\/v2\/product\/229323","targetHints":{"allow":["GET"]}}],"collection":[{"href":"https:\/\/www.claret.cat\/es\/wp-json\/wp\/v2\/product"}],"about":[{"href":"https:\/\/www.claret.cat\/es\/wp-json\/wp\/v2\/types\/product"}],"wp:featuredmedia":[{"embeddable":true,"href":"https:\/\/www.claret.cat\/es\/wp-json\/wp\/v2\/media\/1100354"}],"wp:attachment":[{"href":"https:\/\/www.claret.cat\/es\/wp-json\/wp\/v2\/media?parent=229323"}],"wp:term":[{"taxonomy":"product_brand","embeddable":true,"href":"https:\/\/www.claret.cat\/es\/wp-json\/wp\/v2\/product_brand?post=229323"},{"taxonomy":"product_cat","embeddable":true,"href":"https:\/\/www.claret.cat\/es\/wp-json\/wp\/v2\/product_cat?post=229323"},{"taxonomy":"product_tag","embeddable":true,"href":"https:\/\/www.claret.cat\/es\/wp-json\/wp\/v2\/product_tag?post=229323"}],"curies":[{"name":"wp","href":"https:\/\/api.w.org\/{rel}","templated":true}]}}