{"id":229335,"date":"2022-10-20T18:58:58","date_gmt":"2022-10-20T16:58:58","guid":{"rendered":"http:\/\/dev.claret.cat\/producte\/els-papers-daspern\/"},"modified":"2025-02-04T18:38:23","modified_gmt":"2025-02-04T17:38:23","slug":"els-papers-daspern-9788416853014","status":"publish","type":"product","link":"https:\/\/www.claret.cat\/es\/libro\/els-papers-daspern-9788416853014\/","title":{"rendered":"ELS PAPERS D&#8217;ASPERN"},"content":{"rendered":"<p>Un jove editor es despla\u00e7a fins a una Ven\u00e8cia decadent amb la finalitat d\u2019obtenir documents in\u00e8dits del difunt poeta americ\u00e0 Jeffrey Aspern. Encobrint tant la seva vertadera identitat com les seves intencions reals, el protagonista aconsegueix instal\u00b7lar-se al palazzo de Juliana Bordereau, un antic amor de l\u2019escriptor que conserva valuosos tresors literaris originals. L\u2019estudi\u00f3s s\u2019introdueix en un ambient buit i fred, impregnat per una vella esplendor ara inexistent, on la solit\u00e0ria i misteriosa centen\u00e0ria, tot i viure acompanyada de la seva neboda, es mant\u00e9 reclosa en la incomunicaci\u00f3. Lluny de poder accedir f\u00e0cilment als papers d\u2019Aspern, l\u2019esperit curi\u00f3s amb tend\u00e8ncia obsessiva del protagonista buscar\u00e0 possibles vies d\u2019acc\u00e9s per realitzar el seu objectiu i convertir\u00e0 la recerca en el m\u00f2bil de la seva vida.<\/p>\n","protected":false},"excerpt":{"rendered":"<p>JAMES HENRY<\/p>\n","protected":false},"featured_media":229336,"template":"","meta":{"_acf_changed":false,"om_disable_all_campaigns":false,"rs_blank_template":"","rs_page_bg_color":"","slide_template_v7":"","inline_featured_image":false,"_monsterinsights_skip_tracking":false,"_monsterinsights_sitenote_active":false,"_monsterinsights_sitenote_note":"","_monsterinsights_sitenote_category":0},"product_brand":[],"product_cat":[87,353],"product_tag":[],"class_list":{"0":"post-229335","1":"product","2":"type-product","3":"status-publish","4":"has-post-thumbnail","6":"product_cat-literatura","7":"product_cat-literatura-2_humanidades","9":"first","10":"instock","11":"taxable","12":"shipping-taxable","13":"purchasable","14":"product-type-simple"},"acf":{"autor":"JAMES HENRY","codart":"841685301","libros-coleccion":"","ediciones":"1","encuadernacion":"Carpeta","fecha_de_publicacion":"01\/09\/2016","novedad":"0","paginas":"134","subtitulo":"","orden":"999","portada":"0","idioma":"cat","editorial":[{"ID":8268,"post_author":"3","post_date":"2022-09-30 09:21:37","post_date_gmt":"2022-09-30 07:21:37","post_content":"","post_title":"RBA LIBROS SA.","post_excerpt":"","post_status":"publish","comment_status":"closed","ping_status":"closed","post_password":"","post_name":"rba-libros-sa","to_ping":"","pinged":"","post_modified":"2022-09-30 09:21:37","post_modified_gmt":"2022-09-30 07:21:37","post_content_filtered":"","post_parent":0,"guid":"http:\/\/dev.claret.cat\/editorial\/rba-libros-sa\/","menu_order":0,"post_type":"editorial","post_mime_type":"","comment_count":"0","filter":"raw"}],"autores-libros":[{"ID":158413,"post_author":"3","post_date":"2022-10-14 15:36:39","post_date_gmt":"2022-10-14 13:36:39","post_content":"","post_title":"JAMES HENRY","post_excerpt":"","post_status":"publish","comment_status":"closed","ping_status":"closed","post_password":"","post_name":"james-henry","to_ping":"","pinged":"","post_modified":"2022-10-14 15:36:39","post_modified_gmt":"2022-10-14 13:36:39","post_content_filtered":"","post_parent":0,"guid":"http:\/\/dev.claret.cat\/autor\/james-henry\/","menu_order":0,"post_type":"autor","post_mime_type":"","comment_count":"0","filter":"raw"}]},"aioseo_notices":[],"_links":{"self":[{"href":"https:\/\/www.claret.cat\/es\/wp-json\/wp\/v2\/product\/229335","targetHints":{"allow":["GET"]}}],"collection":[{"href":"https:\/\/www.claret.cat\/es\/wp-json\/wp\/v2\/product"}],"about":[{"href":"https:\/\/www.claret.cat\/es\/wp-json\/wp\/v2\/types\/product"}],"wp:featuredmedia":[{"embeddable":true,"href":"https:\/\/www.claret.cat\/es\/wp-json\/wp\/v2\/media\/229336"}],"wp:attachment":[{"href":"https:\/\/www.claret.cat\/es\/wp-json\/wp\/v2\/media?parent=229335"}],"wp:term":[{"taxonomy":"product_brand","embeddable":true,"href":"https:\/\/www.claret.cat\/es\/wp-json\/wp\/v2\/product_brand?post=229335"},{"taxonomy":"product_cat","embeddable":true,"href":"https:\/\/www.claret.cat\/es\/wp-json\/wp\/v2\/product_cat?post=229335"},{"taxonomy":"product_tag","embeddable":true,"href":"https:\/\/www.claret.cat\/es\/wp-json\/wp\/v2\/product_tag?post=229335"}],"curies":[{"name":"wp","href":"https:\/\/api.w.org\/{rel}","templated":true}]}}