{"id":229380,"date":"2022-10-20T19:00:02","date_gmt":"2022-10-20T17:00:02","guid":{"rendered":"http:\/\/dev.claret.cat\/producte\/el-comisario-bordelli\/"},"modified":"2023-01-28T16:31:43","modified_gmt":"2023-01-28T15:31:43","slug":"el-comisario-bordelli-9788416634132","status":"publish","type":"product","link":"https:\/\/www.claret.cat\/es\/libro\/el-comisario-bordelli-9788416634132\/","title":{"rendered":"EL COMISARIO BORDELLI"},"content":{"rendered":"<p>Florencia, verano de 1963. El comisario Bordelli soporta el caloren una ciudad desierta por las vacaciones. La banal rutina veraniega se ve interrumpida por la aparici\u00f3n del cuerpo sin vida de una anciana se\u00f1ora en su villa del siglo XVII. Las circunstancias de la muerte y la autopsia realizada por Diotivede, el forense de confianza y amigo de Bordelli, inducen a pensar que se trata de un crimen. El comisario, poco amante de las reglas y m\u00e1s partidario de seguir su propio c\u00f3digo \u00e9tico, inicia una investigaci\u00f3n que le va poniendo en contacto con los familiares y<br \/> personas que sol\u00edan frecuentar a la v\u00edctima.<br \/> \u00abLa creaci\u00f3n m\u00e1s feliz de Vichi es Bordelli, un h\u00e9roe aut\u00e9ntico y absolutamente inolvidable .\u00bb ANDREA CAMILLERI<\/p>\n","protected":false},"excerpt":{"rendered":"<p>VICHI, MARCO<\/p>\n","protected":false},"featured_media":229381,"template":"","meta":{"_acf_changed":false,"om_disable_all_campaigns":false,"rs_blank_template":"","rs_page_bg_color":"","slide_template_v7":"","inline_featured_image":false,"_monsterinsights_skip_tracking":false,"_monsterinsights_sitenote_active":false,"_monsterinsights_sitenote_note":"","_monsterinsights_sitenote_category":0},"product_brand":[],"product_cat":[87],"product_tag":[],"class_list":{"0":"post-229380","1":"product","2":"type-product","3":"status-publish","4":"has-post-thumbnail","6":"product_cat-literatura","8":"first","9":"instock","10":"taxable","11":"shipping-taxable","12":"purchasable","13":"product-type-simple"},"acf":{"autor":"VICHI, MARCO","codart":"841663413","libros-coleccion":"","ediciones":"1","encuadernacion":"R\u00fastica","fecha_de_publicacion":"01\/09\/2016","novedad":"0","paginas":"250","subtitulo":"","orden":"999","portada":"0","idioma":"spa","editorial":[{"ID":6188,"post_author":"3","post_date":"2022-07-28 17:46:47","post_date_gmt":"2022-07-28 15:46:47","post_content":"","post_title":"Duomo ediciones","post_excerpt":"","post_status":"publish","comment_status":"closed","ping_status":"closed","post_password":"","post_name":"duomo-ediciones","to_ping":"","pinged":"","post_modified":"2022-07-28 17:46:47","post_modified_gmt":"2022-07-28 15:46:47","post_content_filtered":"","post_parent":0,"guid":"http:\/\/dev.claret.cat\/editorial\/duomo-ediciones\/","menu_order":0,"post_type":"editorial","post_mime_type":"","comment_count":"0","filter":"raw"}]},"aioseo_notices":[],"_links":{"self":[{"href":"https:\/\/www.claret.cat\/es\/wp-json\/wp\/v2\/product\/229380","targetHints":{"allow":["GET"]}}],"collection":[{"href":"https:\/\/www.claret.cat\/es\/wp-json\/wp\/v2\/product"}],"about":[{"href":"https:\/\/www.claret.cat\/es\/wp-json\/wp\/v2\/types\/product"}],"wp:featuredmedia":[{"embeddable":true,"href":"https:\/\/www.claret.cat\/es\/wp-json\/wp\/v2\/media\/229381"}],"wp:attachment":[{"href":"https:\/\/www.claret.cat\/es\/wp-json\/wp\/v2\/media?parent=229380"}],"wp:term":[{"taxonomy":"product_brand","embeddable":true,"href":"https:\/\/www.claret.cat\/es\/wp-json\/wp\/v2\/product_brand?post=229380"},{"taxonomy":"product_cat","embeddable":true,"href":"https:\/\/www.claret.cat\/es\/wp-json\/wp\/v2\/product_cat?post=229380"},{"taxonomy":"product_tag","embeddable":true,"href":"https:\/\/www.claret.cat\/es\/wp-json\/wp\/v2\/product_tag?post=229380"}],"curies":[{"name":"wp","href":"https:\/\/api.w.org\/{rel}","templated":true}]}}