{"id":229407,"date":"2022-10-20T19:00:41","date_gmt":"2022-10-20T17:00:41","guid":{"rendered":"http:\/\/dev.claret.cat\/producte\/mandalas-rosetones\/"},"modified":"2023-01-28T17:23:57","modified_gmt":"2023-01-28T16:23:57","slug":"mandalas-rosetones-9788416641390","status":"publish","type":"product","link":"https:\/\/www.claret.cat\/es\/libro\/mandalas-rosetones-9788416641390\/","title":{"rendered":"MANDALAS &amp; ROSETONES"},"content":{"rendered":"<p>M\u00e1s de 60 mandalas y rosetones para colorear seg\u00fan tu parecer. Rotuladores, pinturas, pasteles&#8230; sorpr\u00e9ndete con diferentes t\u00e9cnicas y deja volar tu imaginaci\u00f3n y la creatividad. Con el paso de las p\u00e1ginas, tu Art Book para colorear se transforma en un original libro de arte!<\/p>\n<p> Escoge tus m\u00e1s bellas creaciones y convi\u00e9rtelas en decorativos cuadros para colgar o regalar.<\/p>\n","protected":false},"excerpt":{"rendered":"<p>LAROUSSE EDITORIAL<\/p>\n","protected":false},"featured_media":229408,"template":"","meta":{"_acf_changed":false,"om_disable_all_campaigns":false,"rs_blank_template":"","rs_page_bg_color":"","slide_template_v7":"","inline_featured_image":false,"_monsterinsights_skip_tracking":false,"_monsterinsights_sitenote_active":false,"_monsterinsights_sitenote_note":"","_monsterinsights_sitenote_category":0},"product_brand":[],"product_cat":[101],"product_tag":[],"class_list":{"0":"post-229407","1":"product","2":"type-product","3":"status-publish","4":"has-post-thumbnail","6":"product_cat-manualitats","8":"first","9":"instock","10":"taxable","11":"shipping-taxable","12":"purchasable","13":"product-type-simple"},"acf":{"autor":"LAROUSSE EDITORIAL","codart":"841664139","libros-coleccion":"","ediciones":"1","encuadernacion":"R\u00fastica","fecha_de_publicacion":"01\/09\/2016","novedad":"0","paginas":"64","subtitulo":"","orden":"999","portada":"0","idioma":"spa","editorial":[{"ID":148398,"post_author":"3","post_date":"2022-10-14 11:57:56","post_date_gmt":"2022-10-14 09:57:56","post_content":"","post_title":"Larousse","post_excerpt":"","post_status":"publish","comment_status":"closed","ping_status":"closed","post_password":"","post_name":"larousse","to_ping":"","pinged":"","post_modified":"2022-10-14 11:57:56","post_modified_gmt":"2022-10-14 09:57:56","post_content_filtered":"","post_parent":0,"guid":"http:\/\/dev.claret.cat\/editorial\/larousse\/","menu_order":0,"post_type":"editorial","post_mime_type":"","comment_count":"0","filter":"raw"}],"autores-libros":[{"ID":5711,"post_author":"3","post_date":"2022-07-28 17:29:50","post_date_gmt":"2022-07-28 15:29:50","post_content":"","post_title":"LAROUSSE EDITORIAL","post_excerpt":"","post_status":"publish","comment_status":"closed","ping_status":"closed","post_password":"","post_name":"larousse-editorial","to_ping":"","pinged":"","post_modified":"2022-07-28 17:29:50","post_modified_gmt":"2022-07-28 15:29:50","post_content_filtered":"","post_parent":0,"guid":"http:\/\/dev.claret.cat\/autor\/larousse-editorial\/","menu_order":0,"post_type":"autor","post_mime_type":"","comment_count":"0","filter":"raw"}]},"aioseo_notices":[],"_links":{"self":[{"href":"https:\/\/www.claret.cat\/es\/wp-json\/wp\/v2\/product\/229407","targetHints":{"allow":["GET"]}}],"collection":[{"href":"https:\/\/www.claret.cat\/es\/wp-json\/wp\/v2\/product"}],"about":[{"href":"https:\/\/www.claret.cat\/es\/wp-json\/wp\/v2\/types\/product"}],"wp:featuredmedia":[{"embeddable":true,"href":"https:\/\/www.claret.cat\/es\/wp-json\/wp\/v2\/media\/229408"}],"wp:attachment":[{"href":"https:\/\/www.claret.cat\/es\/wp-json\/wp\/v2\/media?parent=229407"}],"wp:term":[{"taxonomy":"product_brand","embeddable":true,"href":"https:\/\/www.claret.cat\/es\/wp-json\/wp\/v2\/product_brand?post=229407"},{"taxonomy":"product_cat","embeddable":true,"href":"https:\/\/www.claret.cat\/es\/wp-json\/wp\/v2\/product_cat?post=229407"},{"taxonomy":"product_tag","embeddable":true,"href":"https:\/\/www.claret.cat\/es\/wp-json\/wp\/v2\/product_tag?post=229407"}],"curies":[{"name":"wp","href":"https:\/\/api.w.org\/{rel}","templated":true}]}}