{"id":229449,"date":"2022-10-20T19:01:43","date_gmt":"2022-10-20T17:01:43","guid":{"rendered":"http:\/\/dev.claret.cat\/producte\/la-linea-del-tiempo\/"},"modified":"2023-01-28T13:00:36","modified_gmt":"2023-01-28T12:00:36","slug":"la-linea-del-tiempo-9788416690053","status":"publish","type":"product","link":"https:\/\/www.claret.cat\/es\/libro\/la-linea-del-tiempo-9788416690053\/","title":{"rendered":"LA L\u00cdNEA DEL TIEMPO"},"content":{"rendered":"<p>Desde el Big Bang a la amenaza del cambio de clim\u00e1tico, este libro muestra a los primeros habitantes de la planeta, las grandes civilizaciones y los artistas, cient\u00edficos, exploradores y l\u00edderes de todos las \u00e9pocas; te ense\u00f1a c\u00f3mo es vivir en un castillo, en una yurta o en un rascacielos, y har\u00e1 volar tu imaginaci\u00f3n porque tambi\u00e9n habla de dragones, criaturas mitol\u00f3gicas y personajes ficticios, adem\u00e1s de inventos y viajes que cambiaron el curso de la humanidad.<\/p>\n<p>En sus brillantes y divertidas ilustraciones, Peter Goes plantea conexiones y paralelismos inesperados. D\u00e9jate sorprender por sus miles de detalles que te har\u00e1n conocer y recordar la historia de nuestro mundo.<\/p>\n","protected":false},"excerpt":{"rendered":"<p>GOES, PETER<\/p>\n","protected":false},"featured_media":229450,"template":"","meta":{"_acf_changed":false,"om_disable_all_campaigns":false,"rs_blank_template":"","rs_page_bg_color":"","slide_template_v7":"","inline_featured_image":false,"_monsterinsights_skip_tracking":false,"_monsterinsights_sitenote_active":false,"_monsterinsights_sitenote_note":"","_monsterinsights_sitenote_category":0},"product_brand":[],"product_cat":[86,105],"product_tag":[],"class_list":{"0":"post-229449","1":"product","2":"type-product","3":"status-publish","4":"has-post-thumbnail","6":"product_cat-infantil","7":"product_cat-regal","9":"first","10":"instock","11":"taxable","12":"shipping-taxable","13":"purchasable","14":"product-type-simple"},"acf":{"autor":"GOES, PETER","codart":"841669005","libros-coleccion":"","ediciones":"1","encuadernacion":"Carton\u00e9","fecha_de_publicacion":"01\/09\/2016","novedad":"0","paginas":"80","subtitulo":"UN VIAJE ILUSTRADO POR LA HISTORIA","orden":"999","portada":"0","idioma":"spa","autores-libros":[{"ID":167096,"post_author":"3","post_date":"2022-10-14 18:08:30","post_date_gmt":"2022-10-14 16:08:30","post_content":"","post_title":"PETER GOES","post_excerpt":"","post_status":"publish","comment_status":"closed","ping_status":"closed","post_password":"","post_name":"peter-goes","to_ping":"","pinged":"","post_modified":"2022-10-14 18:08:30","post_modified_gmt":"2022-10-14 16:08:30","post_content_filtered":"","post_parent":0,"guid":"http:\/\/dev.claret.cat\/autor\/peter-goes\/","menu_order":0,"post_type":"autor","post_mime_type":"","comment_count":"0","filter":"raw"}]},"aioseo_notices":[],"_links":{"self":[{"href":"https:\/\/www.claret.cat\/es\/wp-json\/wp\/v2\/product\/229449","targetHints":{"allow":["GET"]}}],"collection":[{"href":"https:\/\/www.claret.cat\/es\/wp-json\/wp\/v2\/product"}],"about":[{"href":"https:\/\/www.claret.cat\/es\/wp-json\/wp\/v2\/types\/product"}],"wp:featuredmedia":[{"embeddable":true,"href":"https:\/\/www.claret.cat\/es\/wp-json\/wp\/v2\/media\/229450"}],"wp:attachment":[{"href":"https:\/\/www.claret.cat\/es\/wp-json\/wp\/v2\/media?parent=229449"}],"wp:term":[{"taxonomy":"product_brand","embeddable":true,"href":"https:\/\/www.claret.cat\/es\/wp-json\/wp\/v2\/product_brand?post=229449"},{"taxonomy":"product_cat","embeddable":true,"href":"https:\/\/www.claret.cat\/es\/wp-json\/wp\/v2\/product_cat?post=229449"},{"taxonomy":"product_tag","embeddable":true,"href":"https:\/\/www.claret.cat\/es\/wp-json\/wp\/v2\/product_tag?post=229449"}],"curies":[{"name":"wp","href":"https:\/\/api.w.org\/{rel}","templated":true}]}}