{"id":229464,"date":"2022-10-20T19:02:05","date_gmt":"2022-10-20T17:02:05","guid":{"rendered":"http:\/\/dev.claret.cat\/producte\/van-los-perros-al-cielo\/"},"modified":"2023-01-28T21:33:11","modified_gmt":"2023-01-28T20:33:11","slug":"van-los-perros-al-cielo-9788420484501","status":"publish","type":"product","link":"https:\/\/www.claret.cat\/es\/libro\/van-los-perros-al-cielo-9788420484501\/","title":{"rendered":"\u00bfVAN LOS PERROS AL CIELO?"},"content":{"rendered":"<p>Un libro ilustrado y escrito con lenguaje sencillo y cercano, desde  una perspectiva neutra y sin cargas ideol\u00f3gicas,  que ayudar\u00e1 a los  ni\u00f1os a resolver sus dudas sobre religi\u00f3n y espiritualidad, para que aprendan a pensar por s\u00ed mismos y disfruten del aprendizaje. \u00bfCu\u00e1ntas religiones hay? \u00bfSon importantes? \u00bfQu\u00e9 es ser ateo? \u00bfMe puedo reencarnar en tigre? \u00bfQu\u00e9 es la muerte? \u00bfCu\u00e1nto dura la eternidad?Si preguntas estas cosas a tus padres y te miran con cara rara, huyen  despavoridos o simplemente se hacen un l\u00edo, no te preocupes. Hay  interrogantes que a todos nos cuesta responder sin haberlo pensado mucho antes.En este libro, Javier S\u00e1daba contesta a estas preguntas de manera  divertida, pero en serio. Para que lo entiendas bien, decidas por  ti  mismo y descubras mil curiosidades, personajes y maneras de pensar.<\/p>\n","protected":false},"excerpt":{"rendered":"<p>SADABA, JAVIER<\/p>\n","protected":false},"featured_media":229465,"template":"","meta":{"_acf_changed":false,"om_disable_all_campaigns":false,"rs_blank_template":"","rs_page_bg_color":"","slide_template_v7":"","inline_featured_image":false,"_monsterinsights_skip_tracking":false,"_monsterinsights_sitenote_active":false,"_monsterinsights_sitenote_note":"","_monsterinsights_sitenote_category":0},"product_brand":[],"product_cat":[94],"product_tag":[],"class_list":{"0":"post-229464","1":"product","2":"type-product","3":"status-publish","4":"has-post-thumbnail","6":"product_cat-religions","8":"first","9":"instock","10":"taxable","11":"shipping-taxable","12":"purchasable","13":"product-type-simple"},"acf":{"autor":"SADABA, JAVIER","codart":"842048450","libros-coleccion":"","ediciones":"1","encuadernacion":"Carton\u00e9","fecha_de_publicacion":"01\/09\/2016","novedad":"0","paginas":"200","subtitulo":"77 PREGUNTAS SOBRE RELIGIONES PARA NI\u00d1OS","orden":"999","portada":"0","idioma":"spa","editorial":[{"ID":147392,"post_author":"3","post_date":"2022-10-14 11:50:13","post_date_gmt":"2022-10-14 09:50:13","post_content":"","post_title":"ALFAGUARA, EDITORIAL","post_excerpt":"","post_status":"publish","comment_status":"closed","ping_status":"closed","post_password":"","post_name":"alfaguara-editorial","to_ping":"","pinged":"","post_modified":"2022-10-14 11:50:13","post_modified_gmt":"2022-10-14 09:50:13","post_content_filtered":"","post_parent":0,"guid":"http:\/\/dev.claret.cat\/editorial\/alfaguara-editorial\/","menu_order":0,"post_type":"editorial","post_mime_type":"","comment_count":"0","filter":"raw"}]},"aioseo_notices":[],"_links":{"self":[{"href":"https:\/\/www.claret.cat\/es\/wp-json\/wp\/v2\/product\/229464","targetHints":{"allow":["GET"]}}],"collection":[{"href":"https:\/\/www.claret.cat\/es\/wp-json\/wp\/v2\/product"}],"about":[{"href":"https:\/\/www.claret.cat\/es\/wp-json\/wp\/v2\/types\/product"}],"wp:featuredmedia":[{"embeddable":true,"href":"https:\/\/www.claret.cat\/es\/wp-json\/wp\/v2\/media\/229465"}],"wp:attachment":[{"href":"https:\/\/www.claret.cat\/es\/wp-json\/wp\/v2\/media?parent=229464"}],"wp:term":[{"taxonomy":"product_brand","embeddable":true,"href":"https:\/\/www.claret.cat\/es\/wp-json\/wp\/v2\/product_brand?post=229464"},{"taxonomy":"product_cat","embeddable":true,"href":"https:\/\/www.claret.cat\/es\/wp-json\/wp\/v2\/product_cat?post=229464"},{"taxonomy":"product_tag","embeddable":true,"href":"https:\/\/www.claret.cat\/es\/wp-json\/wp\/v2\/product_tag?post=229464"}],"curies":[{"name":"wp","href":"https:\/\/api.w.org\/{rel}","templated":true}]}}