{"id":229539,"date":"2022-10-20T19:03:52","date_gmt":"2022-10-20T17:03:52","guid":{"rendered":"http:\/\/dev.claret.cat\/producte\/tapes-i-aperitius-amb-bolets\/"},"modified":"2023-01-28T17:31:47","modified_gmt":"2023-01-28T16:31:47","slug":"tapes-i-aperitius-amb-bolets-9788490344934","status":"publish","type":"product","link":"https:\/\/www.claret.cat\/es\/libro\/tapes-i-aperitius-amb-bolets-9788490344934\/","title":{"rendered":"TAPES I APERITIUS AMB BOLETS"},"content":{"rendered":"<p>Els bolets es converteixen en l&#8221;ingredient indiscutible i principal amb bolets de les receptes de tapes, aperitius i entrants d&#8221;aquest llibre. Una setantena de receptes d&#8221;elaboraci\u00f3 f\u00e0cil, senzilla i velo\u00e7, que coincideixen a incorporar bolets del territori. Cuinar\u00e0s hamburgueses, cremes, amanides, bacall\u00e0, risotto, truites, verdures, confitats, pollastre, pasta fresca, minipizzes, farcellets i un llarg etc\u00e8tera. Plats variats en qu\u00e8 el protagonista sempre ser\u00e0 el bolet catal\u00e0. <br \/> Es tracta d&#8221;un llibre regit pels principis de proximitat, simplicitat i economia, i acompanyat de fotografies a tot color.<\/p>\n","protected":false},"excerpt":{"rendered":"<p>ROBAFUM (PSEUD\u00d2NIM), CARLOS<\/p>\n","protected":false},"featured_media":320134,"template":"","meta":{"_acf_changed":false,"om_disable_all_campaigns":false,"rs_blank_template":"","rs_page_bg_color":"","slide_template_v7":"","inline_featured_image":false,"_monsterinsights_skip_tracking":false,"_monsterinsights_sitenote_active":false,"_monsterinsights_sitenote_note":"","_monsterinsights_sitenote_category":0},"product_brand":[],"product_cat":[553,103],"product_tag":[],"class_list":{"0":"post-229539","1":"product","2":"type-product","3":"status-publish","4":"has-post-thumbnail","6":"product_cat-cocina","7":"product_cat-cuina","9":"first","10":"instock","11":"taxable","12":"shipping-taxable","13":"purchasable","14":"product-type-simple"},"acf":{"autor":"ROBAFUM (PSEUD\u00d2NIM), CARLOS","codart":"849034493","libros-coleccion":"","ediciones":"1","encuadernacion":"R\u00fastica","fecha_de_publicacion":"01\/09\/2016","novedad":"0","paginas":"143","subtitulo":"","orden":"999","portada":"0","idioma":"cat","editorial":[{"ID":6171,"post_author":"3","post_date":"2022-07-28 17:46:25","post_date_gmt":"2022-07-28 15:46:25","post_content":"","post_title":"COSSETANIA EDICIONS","post_excerpt":"","post_status":"publish","comment_status":"closed","ping_status":"closed","post_password":"","post_name":"cossetania-edicions","to_ping":"","pinged":"","post_modified":"2022-07-28 17:46:25","post_modified_gmt":"2022-07-28 15:46:25","post_content_filtered":"","post_parent":0,"guid":"http:\/\/dev.claret.cat\/editorial\/cossetania-edicions\/","menu_order":0,"post_type":"editorial","post_mime_type":"","comment_count":"0","filter":"raw"}],"autores-libros":[{"ID":320133,"post_author":"3","post_date":"2023-01-03 00:01:19","post_date_gmt":"2023-01-02 23:01:19","post_content":"","post_title":"CARLOS ROBAFUM (PSEUD\u00d2NIM)","post_excerpt":"","post_status":"publish","comment_status":"closed","ping_status":"closed","post_password":"","post_name":"carlos-robafum-pseudonim","to_ping":"","pinged":"","post_modified":"2023-01-03 00:01:19","post_modified_gmt":"2023-01-02 23:01:19","post_content_filtered":"","post_parent":0,"guid":"https:\/\/www.claret.cat\/autor\/carlos-robafum-pseudonim\/","menu_order":0,"post_type":"autor","post_mime_type":"","comment_count":"0","filter":"raw"}]},"aioseo_notices":[],"_links":{"self":[{"href":"https:\/\/www.claret.cat\/es\/wp-json\/wp\/v2\/product\/229539","targetHints":{"allow":["GET"]}}],"collection":[{"href":"https:\/\/www.claret.cat\/es\/wp-json\/wp\/v2\/product"}],"about":[{"href":"https:\/\/www.claret.cat\/es\/wp-json\/wp\/v2\/types\/product"}],"wp:featuredmedia":[{"embeddable":true,"href":"https:\/\/www.claret.cat\/es\/wp-json\/wp\/v2\/media\/320134"}],"wp:attachment":[{"href":"https:\/\/www.claret.cat\/es\/wp-json\/wp\/v2\/media?parent=229539"}],"wp:term":[{"taxonomy":"product_brand","embeddable":true,"href":"https:\/\/www.claret.cat\/es\/wp-json\/wp\/v2\/product_brand?post=229539"},{"taxonomy":"product_cat","embeddable":true,"href":"https:\/\/www.claret.cat\/es\/wp-json\/wp\/v2\/product_cat?post=229539"},{"taxonomy":"product_tag","embeddable":true,"href":"https:\/\/www.claret.cat\/es\/wp-json\/wp\/v2\/product_tag?post=229539"}],"curies":[{"name":"wp","href":"https:\/\/api.w.org\/{rel}","templated":true}]}}