{"id":229542,"date":"2022-10-20T19:03:56","date_gmt":"2022-10-20T17:03:56","guid":{"rendered":"http:\/\/dev.claret.cat\/producte\/els-sabors-de-la-terra\/"},"modified":"2023-01-28T00:54:19","modified_gmt":"2023-01-27T23:54:19","slug":"els-sabors-de-la-terra-9788490345269","status":"publish","type":"product","link":"https:\/\/www.claret.cat\/es\/libro\/els-sabors-de-la-terra-9788490345269\/","title":{"rendered":"ELS SABORS DE LA TERRA"},"content":{"rendered":"<p>En aquesta guia tur\u00edstica resseguireu la gastronomia i els productes tradicionals de les comarques de Barcelona. La coca de Llavaneres, la maduixa del Maresme, la cirera d&#8221;en Roca, la carxofa del Prat, el gall del Pened\u00e8s o els embotits d&#8221;Osona s\u00f3n alguns dels aliments que es poden trobar en aquest territori, on es produeixen una muni\u00f3 de productes avalats per denominacions d&#8221;origen (DO) i indicacions geogr\u00e0fiques protegides (IGP), i on s&#8221;organitzen tot un c\u00famul de fires, mercats i jornades gastron\u00f2miques que els promocionen. En aquest llibre, dividit en onze comarques administratives i una de natural, descobrirem tots els productes distribu\u00efts per temporades, els mercats on els podem adquirir, les fires i jornades gastron\u00f2miques per tastar-los, aix\u00ed com els col\u00b7lectius de cuina que els promulguen. Tot plegat acompanyat d&#8221;algunes receptes tradicionals. Una nova forma de fer turisme que es complementa amb la descoberta del patrimoni natural i monumental. Perqu\u00e8 l&#8221;alimentaci\u00f3 i els productes locals i tradicionals s&#8221;han convertit en una part primordial de qualsevol viatge.<\/p>\n","protected":false},"excerpt":{"rendered":"<p>BASTART I CASS\u00c9, JORDI<\/p>\n","protected":false},"featured_media":320200,"template":"","meta":{"_acf_changed":false,"om_disable_all_campaigns":false,"rs_blank_template":"","rs_page_bg_color":"","slide_template_v7":"","inline_featured_image":false,"_monsterinsights_skip_tracking":false,"_monsterinsights_sitenote_active":false,"_monsterinsights_sitenote_note":"","_monsterinsights_sitenote_category":0},"product_brand":[],"product_cat":[557,107],"product_tag":[],"class_list":{"0":"post-229542","1":"product","2":"type-product","3":"status-publish","4":"has-post-thumbnail","6":"product_cat-guias-de-viaje","7":"product_cat-guies-de-viatge","9":"first","10":"instock","11":"taxable","12":"shipping-taxable","13":"purchasable","14":"product-type-simple"},"acf":{"autor":"BASTART I CASS\u00c9, JORDI","codart":"849034526","libros-coleccion":"","ediciones":"1","encuadernacion":"R\u00fastica","fecha_de_publicacion":"01\/09\/2016","novedad":"0","paginas":"180","subtitulo":"COMARQUES DE BARCELONA","orden":"999","portada":"0","idioma":"cat","editorial":[{"ID":6171,"post_author":"3","post_date":"2022-07-28 17:46:25","post_date_gmt":"2022-07-28 15:46:25","post_content":"","post_title":"COSSETANIA EDICIONS","post_excerpt":"","post_status":"publish","comment_status":"closed","ping_status":"closed","post_password":"","post_name":"cossetania-edicions","to_ping":"","pinged":"","post_modified":"2022-07-28 17:46:25","post_modified_gmt":"2022-07-28 15:46:25","post_content_filtered":"","post_parent":0,"guid":"http:\/\/dev.claret.cat\/editorial\/cossetania-edicions\/","menu_order":0,"post_type":"editorial","post_mime_type":"","comment_count":"0","filter":"raw"}],"autores-libros":[{"ID":159827,"post_author":"3","post_date":"2022-10-14 15:48:03","post_date_gmt":"2022-10-14 13:48:03","post_content":"","post_title":"JORDI BASTART I CASS\u00c9","post_excerpt":"","post_status":"publish","comment_status":"closed","ping_status":"closed","post_password":"","post_name":"jordi-bastart-i-casse","to_ping":"","pinged":"","post_modified":"2022-10-14 15:48:03","post_modified_gmt":"2022-10-14 13:48:03","post_content_filtered":"","post_parent":0,"guid":"http:\/\/dev.claret.cat\/autor\/jordi-bastart-i-casse\/","menu_order":0,"post_type":"autor","post_mime_type":"","comment_count":"0","filter":"raw"}]},"aioseo_notices":[],"_links":{"self":[{"href":"https:\/\/www.claret.cat\/es\/wp-json\/wp\/v2\/product\/229542","targetHints":{"allow":["GET"]}}],"collection":[{"href":"https:\/\/www.claret.cat\/es\/wp-json\/wp\/v2\/product"}],"about":[{"href":"https:\/\/www.claret.cat\/es\/wp-json\/wp\/v2\/types\/product"}],"wp:featuredmedia":[{"embeddable":true,"href":"https:\/\/www.claret.cat\/es\/wp-json\/wp\/v2\/media\/320200"}],"wp:attachment":[{"href":"https:\/\/www.claret.cat\/es\/wp-json\/wp\/v2\/media?parent=229542"}],"wp:term":[{"taxonomy":"product_brand","embeddable":true,"href":"https:\/\/www.claret.cat\/es\/wp-json\/wp\/v2\/product_brand?post=229542"},{"taxonomy":"product_cat","embeddable":true,"href":"https:\/\/www.claret.cat\/es\/wp-json\/wp\/v2\/product_cat?post=229542"},{"taxonomy":"product_tag","embeddable":true,"href":"https:\/\/www.claret.cat\/es\/wp-json\/wp\/v2\/product_tag?post=229542"}],"curies":[{"name":"wp","href":"https:\/\/api.w.org\/{rel}","templated":true}]}}