{"id":229704,"date":"2022-10-20T19:07:42","date_gmt":"2022-10-20T17:07:42","guid":{"rendered":"http:\/\/dev.claret.cat\/producte\/31-dies-exercicis-descriptura-creativa-per-a-joves\/"},"modified":"2023-01-28T03:17:32","modified_gmt":"2023-01-28T02:17:32","slug":"31-dies-exercicis-descriptura-creativa-per-a-joves-9788461750115","status":"publish","type":"product","link":"https:\/\/www.claret.cat\/es\/libro\/31-dies-exercicis-descriptura-creativa-per-a-joves-9788461750115\/","title":{"rendered":"31 DIES &#8211; EXERCICIS D&#8217;ESCRIPTURA CREATIVA PER A JOVES"},"content":{"rendered":"<p>Aquest llibre proposa exercicis d&#8221;escriptura creativa perqu\u00e8 els joves s&#8221;endinsin en el m\u00f3n creatiu i gaudeixin escrivint.<\/p>\n","protected":false},"excerpt":{"rendered":"<p>F\u00c0BREGAS FERR\u00daS, LAIA<\/p>\n","protected":false},"featured_media":229705,"template":"","meta":{"_acf_changed":false,"om_disable_all_campaigns":false,"rs_blank_template":"","rs_page_bg_color":"","slide_template_v7":"","inline_featured_image":false,"_monsterinsights_skip_tracking":false,"_monsterinsights_sitenote_active":false,"_monsterinsights_sitenote_note":"","_monsterinsights_sitenote_category":0},"product_brand":[],"product_cat":[87,101],"product_tag":[],"class_list":{"0":"post-229704","1":"product","2":"type-product","3":"status-publish","4":"has-post-thumbnail","6":"product_cat-literatura","7":"product_cat-manualitats","9":"first","10":"instock","11":"taxable","12":"shipping-taxable","13":"purchasable","14":"product-type-simple"},"acf":{"autor":"F\u00c0BREGAS FERR\u00daS, LAIA","codart":"846175011","libros-coleccion":"","ediciones":"1","encuadernacion":"R\u00fastica","fecha_de_publicacion":"01\/09\/2016","novedad":"1","paginas":"65","subtitulo":"","orden":"0","portada":"0","idioma":"cat","editorial":[{"ID":147864,"post_author":"3","post_date":"2022-10-14 11:53:48","post_date_gmt":"2022-10-14 09:53:48","post_content":"","post_title":"Ediciones Vivir el Vino","post_excerpt":"","post_status":"publish","comment_status":"closed","ping_status":"closed","post_password":"","post_name":"ediciones-vivir-el-vino","to_ping":"","pinged":"","post_modified":"2022-10-14 11:53:48","post_modified_gmt":"2022-10-14 09:53:48","post_content_filtered":"","post_parent":0,"guid":"http:\/\/dev.claret.cat\/editorial\/ediciones-vivir-el-vino\/","menu_order":0,"post_type":"editorial","post_mime_type":"","comment_count":"0","filter":"raw"}],"autores-libros":[{"ID":161833,"post_author":"3","post_date":"2022-10-14 17:26:14","post_date_gmt":"2022-10-14 15:26:14","post_content":"","post_title":"LAIA F\u00c0BREGAS FERR\u00daS","post_excerpt":"","post_status":"publish","comment_status":"closed","ping_status":"closed","post_password":"","post_name":"laia-fabregas-ferrus","to_ping":"","pinged":"","post_modified":"2022-10-14 17:26:14","post_modified_gmt":"2022-10-14 15:26:14","post_content_filtered":"","post_parent":0,"guid":"http:\/\/dev.claret.cat\/autor\/laia-fabregas-ferrus\/","menu_order":0,"post_type":"autor","post_mime_type":"","comment_count":"0","filter":"raw"}]},"aioseo_notices":[],"_links":{"self":[{"href":"https:\/\/www.claret.cat\/es\/wp-json\/wp\/v2\/product\/229704","targetHints":{"allow":["GET"]}}],"collection":[{"href":"https:\/\/www.claret.cat\/es\/wp-json\/wp\/v2\/product"}],"about":[{"href":"https:\/\/www.claret.cat\/es\/wp-json\/wp\/v2\/types\/product"}],"wp:featuredmedia":[{"embeddable":true,"href":"https:\/\/www.claret.cat\/es\/wp-json\/wp\/v2\/media\/229705"}],"wp:attachment":[{"href":"https:\/\/www.claret.cat\/es\/wp-json\/wp\/v2\/media?parent=229704"}],"wp:term":[{"taxonomy":"product_brand","embeddable":true,"href":"https:\/\/www.claret.cat\/es\/wp-json\/wp\/v2\/product_brand?post=229704"},{"taxonomy":"product_cat","embeddable":true,"href":"https:\/\/www.claret.cat\/es\/wp-json\/wp\/v2\/product_cat?post=229704"},{"taxonomy":"product_tag","embeddable":true,"href":"https:\/\/www.claret.cat\/es\/wp-json\/wp\/v2\/product_tag?post=229704"}],"curies":[{"name":"wp","href":"https:\/\/api.w.org\/{rel}","templated":true}]}}