{"id":229788,"date":"2022-10-20T19:09:44","date_gmt":"2022-10-20T17:09:44","guid":{"rendered":"http:\/\/dev.claret.cat\/producte\/catalunya-triomfant\/"},"modified":"2026-01-02T11:35:59","modified_gmt":"2026-01-02T10:35:59","slug":"catalunya-triomfant-9788416700141","status":"publish","type":"product","link":"https:\/\/www.claret.cat\/es\/libro\/catalunya-triomfant-9788416700141\/","title":{"rendered":"CATALUNYA TRIOMFANT"},"content":{"rendered":"<p>Catalunya triomfant \u00e9s un llibre d&#8217;humor gr\u00e0fic, humor nostrat i que a la vegada inaugura un nou g\u00e8nere, el de l&#8217;humor pfff. Pol\u00edtica ficci\u00f3, garrulisme, seny (5%) i rauxa (95%) s\u00f3n els ingredients d&#8217;aquesta broma en forma de llibre, on es recuperen una s\u00e8rie d&#8217;icones catalanes a trav\u00e9s de la reinterpretaci\u00f3. Una revisi\u00f3 en clau c\u00f2mica del conjunt de personatges i altres elements que s\u00f3n part de l&#8217;imaginari col\u00b7lectiu catal\u00e0: l&#8217;art, la literatura, la m\u00fasica, el folklore, la cultura popular contempor\u00e0nia i aquells fets remarcables que conformen la hist\u00f2ria de Catalunya.<\/p>\n","protected":false},"excerpt":{"rendered":"<p>BUSTOS, MIGUEL<\/p>\n","protected":false},"featured_media":1072428,"template":"","meta":{"_acf_changed":false,"om_disable_all_campaigns":false,"rs_blank_template":"","rs_page_bg_color":"","slide_template_v7":"","inline_featured_image":false,"_monsterinsights_skip_tracking":false,"_monsterinsights_sitenote_active":false,"_monsterinsights_sitenote_note":"","_monsterinsights_sitenote_category":0},"product_brand":[],"product_cat":[90,540],"product_tag":[],"class_list":{"0":"post-229788","1":"product","2":"type-product","3":"status-publish","4":"has-post-thumbnail","6":"product_cat-altres","7":"product_cat-otros","9":"first","10":"outofstock","11":"taxable","12":"shipping-taxable","13":"purchasable","14":"product-type-simple"},"acf":{"autor":"BUSTOS, MIGUEL","codart":"841670014","libros-coleccion":"","ediciones":"1","encuadernacion":"R\u00fastica","fecha_de_publicacion":"01\/09\/2016","novedad":"0","paginas":"128","subtitulo":"","orden":"999","portada":"0","idioma":"cat","autores-libros":[{"ID":164965,"post_author":"3","post_date":"2022-10-14 17:51:18","post_date_gmt":"2022-10-14 15:51:18","post_content":"","post_title":"MIGUEL BUSTOS","post_excerpt":"","post_status":"publish","comment_status":"closed","ping_status":"closed","post_password":"","post_name":"miguel-bustos","to_ping":"","pinged":"","post_modified":"2022-10-14 17:51:18","post_modified_gmt":"2022-10-14 15:51:18","post_content_filtered":"","post_parent":0,"guid":"http:\/\/dev.claret.cat\/autor\/miguel-bustos\/","menu_order":0,"post_type":"autor","post_mime_type":"","comment_count":"0","filter":"raw"}],"editorial":[{"ID":262442,"post_author":"3","post_date":"2022-10-24 11:24:25","post_date_gmt":"2022-10-24 09:24:25","post_content":"","post_title":"ROCA EDITORIAL (DE LIBROS), S.L.","post_excerpt":"","post_status":"publish","comment_status":"closed","ping_status":"closed","post_password":"","post_name":"roca-editorial-de-libros-s-l","to_ping":"","pinged":"","post_modified":"2022-10-24 11:24:25","post_modified_gmt":"2022-10-24 09:24:25","post_content_filtered":"","post_parent":0,"guid":"http:\/\/dev.claret.cat\/editorial\/roca-editorial-de-libros-s-l\/","menu_order":0,"post_type":"editorial","post_mime_type":"","comment_count":"0","filter":"raw"}],"booktrailer":"","resenas":""},"aioseo_notices":[],"_links":{"self":[{"href":"https:\/\/www.claret.cat\/es\/wp-json\/wp\/v2\/product\/229788","targetHints":{"allow":["GET"]}}],"collection":[{"href":"https:\/\/www.claret.cat\/es\/wp-json\/wp\/v2\/product"}],"about":[{"href":"https:\/\/www.claret.cat\/es\/wp-json\/wp\/v2\/types\/product"}],"wp:featuredmedia":[{"embeddable":true,"href":"https:\/\/www.claret.cat\/es\/wp-json\/wp\/v2\/media\/1072428"}],"wp:attachment":[{"href":"https:\/\/www.claret.cat\/es\/wp-json\/wp\/v2\/media?parent=229788"}],"wp:term":[{"taxonomy":"product_brand","embeddable":true,"href":"https:\/\/www.claret.cat\/es\/wp-json\/wp\/v2\/product_brand?post=229788"},{"taxonomy":"product_cat","embeddable":true,"href":"https:\/\/www.claret.cat\/es\/wp-json\/wp\/v2\/product_cat?post=229788"},{"taxonomy":"product_tag","embeddable":true,"href":"https:\/\/www.claret.cat\/es\/wp-json\/wp\/v2\/product_tag?post=229788"}],"curies":[{"name":"wp","href":"https:\/\/api.w.org\/{rel}","templated":true}]}}