{"id":229912,"date":"2022-10-20T19:12:38","date_gmt":"2022-10-20T17:12:38","guid":{"rendered":"http:\/\/dev.claret.cat\/producte\/lampara-adhesiva-el-principito\/"},"modified":"2023-01-28T15:05:16","modified_gmt":"2023-01-28T14:05:16","slug":"lampara-adhesiva-el-principito-9788868219567","status":"publish","type":"product","link":"https:\/\/www.claret.cat\/es\/libro\/lampara-adhesiva-el-principito-9788868219567\/","title":{"rendered":"L\u00c1MPARA ADHESIVA EL PRINCIPITO"},"content":{"rendered":"<p>Preciosa y original l\u00e1mpara adhesiva con los personajes m\u00e1s populares entre los ni\u00f1os.<\/p>\n<p>Funciona con tres potentes leds (pilas incluidas). Original, pr\u00e1ctica y decorativa. Se puede fijar en cualquier superficie. Se enciende al tocar la pantalla.<\/p>\n","protected":false},"excerpt":{"rendered":"<p>DE SAINT-EXUPERY, ANTOINE<\/p>\n","protected":false},"featured_media":229913,"template":"","meta":{"_acf_changed":false,"om_disable_all_campaigns":false,"rs_blank_template":"","rs_page_bg_color":"","slide_template_v7":"","inline_featured_image":false,"_monsterinsights_skip_tracking":false,"_monsterinsights_sitenote_active":false,"_monsterinsights_sitenote_note":"","_monsterinsights_sitenote_category":0},"product_brand":[],"product_cat":[86],"product_tag":[],"class_list":{"0":"post-229912","1":"product","2":"type-product","3":"status-publish","4":"has-post-thumbnail","6":"product_cat-infantil","8":"first","9":"instock","10":"taxable","11":"shipping-taxable","12":"purchasable","13":"product-type-simple"},"acf":{"autor":"DE SAINT-EXUPERY, ANTOINE","codart":"886821956","libros-coleccion":"","ediciones":"1","encuadernacion":"Tela","fecha_de_publicacion":"01\/09\/2016","novedad":"0","paginas":"0","subtitulo":"","orden":"999","portada":"0","idioma":"spa","editorial":[{"ID":148487,"post_author":"3","post_date":"2022-10-14 11:58:38","post_date_gmt":"2022-10-14 09:58:38","post_content":"","post_title":"MAGAZZINI SALANI","post_excerpt":"","post_status":"publish","comment_status":"closed","ping_status":"closed","post_password":"","post_name":"magazzini-salani","to_ping":"","pinged":"","post_modified":"2022-10-14 11:58:38","post_modified_gmt":"2022-10-14 09:58:38","post_content_filtered":"","post_parent":0,"guid":"http:\/\/dev.claret.cat\/editorial\/magazzini-salani\/","menu_order":0,"post_type":"editorial","post_mime_type":"","comment_count":"0","filter":"raw"}],"autores-libros":[{"ID":150786,"post_author":"3","post_date":"2022-10-14 14:35:44","post_date_gmt":"2022-10-14 12:35:44","post_content":"","post_title":"ANTOINE DE SAINT-EXUPERY","post_excerpt":"","post_status":"publish","comment_status":"closed","ping_status":"closed","post_password":"","post_name":"antoine-de-saint-exupery-3","to_ping":"","pinged":"","post_modified":"2022-10-14 14:35:44","post_modified_gmt":"2022-10-14 12:35:44","post_content_filtered":"","post_parent":0,"guid":"http:\/\/dev.claret.cat\/autor\/antoine-de-saint-exupery-3\/","menu_order":0,"post_type":"autor","post_mime_type":"","comment_count":"0","filter":"raw"}]},"aioseo_notices":[],"_links":{"self":[{"href":"https:\/\/www.claret.cat\/es\/wp-json\/wp\/v2\/product\/229912","targetHints":{"allow":["GET"]}}],"collection":[{"href":"https:\/\/www.claret.cat\/es\/wp-json\/wp\/v2\/product"}],"about":[{"href":"https:\/\/www.claret.cat\/es\/wp-json\/wp\/v2\/types\/product"}],"wp:featuredmedia":[{"embeddable":true,"href":"https:\/\/www.claret.cat\/es\/wp-json\/wp\/v2\/media\/229913"}],"wp:attachment":[{"href":"https:\/\/www.claret.cat\/es\/wp-json\/wp\/v2\/media?parent=229912"}],"wp:term":[{"taxonomy":"product_brand","embeddable":true,"href":"https:\/\/www.claret.cat\/es\/wp-json\/wp\/v2\/product_brand?post=229912"},{"taxonomy":"product_cat","embeddable":true,"href":"https:\/\/www.claret.cat\/es\/wp-json\/wp\/v2\/product_cat?post=229912"},{"taxonomy":"product_tag","embeddable":true,"href":"https:\/\/www.claret.cat\/es\/wp-json\/wp\/v2\/product_tag?post=229912"}],"curies":[{"name":"wp","href":"https:\/\/api.w.org\/{rel}","templated":true}]}}