{"id":230029,"date":"2022-10-20T19:15:19","date_gmt":"2022-10-20T17:15:19","guid":{"rendered":"http:\/\/dev.claret.cat\/producte\/que-vino-con-este-pato\/"},"modified":"2023-01-28T04:39:30","modified_gmt":"2023-01-28T03:39:30","slug":"que-vino-con-este-pato-9788408159551","status":"publish","type":"product","link":"https:\/\/www.claret.cat\/es\/libro\/que-vino-con-este-pato-9788408159551\/","title":{"rendered":"\u00bfQU\u00c9 VINO CON ESTE PATO?"},"content":{"rendered":"<p>Magistral obra de divulgaci\u00f3n en la que se combinan con equilibrada elegancia las an\u00e9cdotas personales de Ferran Centelles como sumiller del restaurante m\u00e1s m\u00edtico del planeta, el Bulli, con una detallada explicaci\u00f3n de las teor\u00edas cl\u00e1sicas y las m\u00e1s actuales sobre el maridaje, es decir, la combinaci\u00f3n mutuamente potenciadora del vino y la comida. Una obra muy completa que recoge por primera vez las distintas filosof\u00edas sobre el maridaje, incluida la del propio autor, que permitir\u00e1 al lector disfrutar de una experiencia sensorial \u00fanica. No en vano, Ferran Centelles trabaj\u00f3 durante 13 a\u00f1os en el equipo de vinos de el Bulli y uno se los sumilleres con mayor reconocimiento en Espa\u00f1a. Un libro imprescindible para amantes de la buena mesa y para todos los estudiantes de hosteler\u00eda, enolog\u00eda y sumilleria.<\/p>\n","protected":false},"excerpt":{"rendered":"<p>CENTELLES, FERRAN<\/p>\n","protected":false},"featured_media":230030,"template":"","meta":{"_acf_changed":false,"om_disable_all_campaigns":false,"rs_blank_template":"","rs_page_bg_color":"","slide_template_v7":"","inline_featured_image":false,"_monsterinsights_skip_tracking":false,"_monsterinsights_sitenote_active":false,"_monsterinsights_sitenote_note":"","_monsterinsights_sitenote_category":0},"product_brand":[],"product_cat":[103],"product_tag":[],"class_list":{"0":"post-230029","1":"product","2":"type-product","3":"status-publish","4":"has-post-thumbnail","6":"product_cat-cuina","8":"first","9":"instock","10":"taxable","11":"shipping-taxable","12":"purchasable","13":"product-type-simple"},"acf":{"autor":"CENTELLES, FERRAN","codart":"840815955","libros-coleccion":"","ediciones":"1","encuadernacion":"R\u00fastica","fecha_de_publicacion":"01\/09\/2016","novedad":"0","paginas":"305","subtitulo":"UNA APROXIMACI\u00d3N A LA ESENCIA DE LOS MARIDAJES","orden":"999","portada":"0","idioma":"spa","editorial":[{"ID":148676,"post_author":"3","post_date":"2022-10-14 12:00:07","post_date_gmt":"2022-10-14 10:00:07","post_content":"","post_title":"Planeta Gastro","post_excerpt":"","post_status":"publish","comment_status":"closed","ping_status":"closed","post_password":"","post_name":"planeta-gastro","to_ping":"","pinged":"","post_modified":"2022-10-14 12:00:07","post_modified_gmt":"2022-10-14 10:00:07","post_content_filtered":"","post_parent":0,"guid":"http:\/\/dev.claret.cat\/editorial\/planeta-gastro\/","menu_order":0,"post_type":"editorial","post_mime_type":"","comment_count":"0","filter":"raw"}],"autores-libros":[{"ID":155894,"post_author":"3","post_date":"2022-10-14 15:16:28","post_date_gmt":"2022-10-14 13:16:28","post_content":"","post_title":"FERRAN CENTELLES","post_excerpt":"","post_status":"publish","comment_status":"closed","ping_status":"closed","post_password":"","post_name":"ferran-centelles","to_ping":"","pinged":"","post_modified":"2022-10-14 15:16:28","post_modified_gmt":"2022-10-14 13:16:28","post_content_filtered":"","post_parent":0,"guid":"http:\/\/dev.claret.cat\/autor\/ferran-centelles\/","menu_order":0,"post_type":"autor","post_mime_type":"","comment_count":"0","filter":"raw"}]},"aioseo_notices":[],"_links":{"self":[{"href":"https:\/\/www.claret.cat\/es\/wp-json\/wp\/v2\/product\/230029","targetHints":{"allow":["GET"]}}],"collection":[{"href":"https:\/\/www.claret.cat\/es\/wp-json\/wp\/v2\/product"}],"about":[{"href":"https:\/\/www.claret.cat\/es\/wp-json\/wp\/v2\/types\/product"}],"wp:featuredmedia":[{"embeddable":true,"href":"https:\/\/www.claret.cat\/es\/wp-json\/wp\/v2\/media\/230030"}],"wp:attachment":[{"href":"https:\/\/www.claret.cat\/es\/wp-json\/wp\/v2\/media?parent=230029"}],"wp:term":[{"taxonomy":"product_brand","embeddable":true,"href":"https:\/\/www.claret.cat\/es\/wp-json\/wp\/v2\/product_brand?post=230029"},{"taxonomy":"product_cat","embeddable":true,"href":"https:\/\/www.claret.cat\/es\/wp-json\/wp\/v2\/product_cat?post=230029"},{"taxonomy":"product_tag","embeddable":true,"href":"https:\/\/www.claret.cat\/es\/wp-json\/wp\/v2\/product_tag?post=230029"}],"curies":[{"name":"wp","href":"https:\/\/api.w.org\/{rel}","templated":true}]}}