{"id":230260,"date":"2022-10-20T19:20:34","date_gmt":"2022-10-20T17:20:34","guid":{"rendered":"http:\/\/dev.claret.cat\/producte\/anatomia-de-les-distancies-curtes\/"},"modified":"2023-01-28T18:13:27","modified_gmt":"2023-01-28T17:13:27","slug":"anatomia-de-les-distancies-curtes-9788494440953","status":"publish","type":"product","link":"https:\/\/www.claret.cat\/es\/libro\/anatomia-de-les-distancies-curtes-9788494440953\/","title":{"rendered":"ANATOMIA DE LES DIST\u00c0NCIES CURTES"},"content":{"rendered":"<p>trav\u00e9s de personatges fuga\u00e7os i d&#8221;imatges senzilles que condensen grans emocions en petits<br \/> gestos, aquest recull de contes retrata la infinitat de relacions a qu\u00e8 ens condueix l&#8221;amor. L&#8221;estima,<br \/> el dolor, les ren\u00fancies impl\u00edcites, els oblits o les p\u00e8rdues es relacionen \u00edntimament en uns textos en qu\u00e8 els protagonistes s&#8221;enfronten de manera quasi imperceptible amb l&#8221;exterior mentre proven d&#8221;oblidar els somnis, els desitjos laborals i sexuals i, fins i tot, el dret a enfadar-se.<br \/> Un calidoscopi proper i emp\u00e0tic que ens aproxima de manera natural als sentiments que maquillem per por d&#8221;alterar el curs de les nostres vides. Anatomia de les dist\u00e0ncies curtes \u00e9s un paisatge l\u00facid i emocional reblert dels silencis que protegim.<\/p>\n","protected":false},"excerpt":{"rendered":"<p>ORRIOLS BALAGUER, MARTA<\/p>\n","protected":false},"featured_media":230261,"template":"","meta":{"_acf_changed":false,"om_disable_all_campaigns":false,"rs_blank_template":"","rs_page_bg_color":"","slide_template_v7":"","inline_featured_image":false,"_monsterinsights_skip_tracking":false,"_monsterinsights_sitenote_active":false,"_monsterinsights_sitenote_note":"","_monsterinsights_sitenote_category":0},"product_brand":[],"product_cat":[87],"product_tag":[],"class_list":{"0":"post-230260","1":"product","2":"type-product","3":"status-publish","4":"has-post-thumbnail","6":"product_cat-literatura","8":"first","9":"instock","10":"taxable","11":"shipping-taxable","12":"purchasable","13":"product-type-simple"},"acf":{"autor":"ORRIOLS BALAGUER, MARTA","codart":"849444095","libros-coleccion":"","ediciones":"1","encuadernacion":"R\u00fastica","fecha_de_publicacion":"01\/08\/2016","novedad":"0","paginas":"184","subtitulo":"","orden":"999","portada":"0","idioma":"cat","editorial":[{"ID":147867,"post_author":"3","post_date":"2022-10-14 11:53:49","post_date_gmt":"2022-10-14 09:53:49","post_content":"","post_title":"EDICIONS  DEL PERISCOPI","post_excerpt":"","post_status":"publish","comment_status":"closed","ping_status":"closed","post_password":"","post_name":"edicions-del-periscopi-2","to_ping":"","pinged":"","post_modified":"2022-10-14 11:53:49","post_modified_gmt":"2022-10-14 09:53:49","post_content_filtered":"","post_parent":0,"guid":"http:\/\/dev.claret.cat\/editorial\/edicions-del-periscopi-2\/","menu_order":0,"post_type":"editorial","post_mime_type":"","comment_count":"0","filter":"raw"}],"autores-libros":[{"ID":164189,"post_author":"3","post_date":"2022-10-14 17:45:05","post_date_gmt":"2022-10-14 15:45:05","post_content":"","post_title":"MARTA ORRIOLS","post_excerpt":"","post_status":"publish","comment_status":"closed","ping_status":"closed","post_password":"","post_name":"marta-orriols","to_ping":"","pinged":"","post_modified":"2022-10-14 17:45:05","post_modified_gmt":"2022-10-14 15:45:05","post_content_filtered":"","post_parent":0,"guid":"http:\/\/dev.claret.cat\/autor\/marta-orriols\/","menu_order":0,"post_type":"autor","post_mime_type":"","comment_count":"0","filter":"raw"}]},"aioseo_notices":[],"_links":{"self":[{"href":"https:\/\/www.claret.cat\/es\/wp-json\/wp\/v2\/product\/230260","targetHints":{"allow":["GET"]}}],"collection":[{"href":"https:\/\/www.claret.cat\/es\/wp-json\/wp\/v2\/product"}],"about":[{"href":"https:\/\/www.claret.cat\/es\/wp-json\/wp\/v2\/types\/product"}],"wp:featuredmedia":[{"embeddable":true,"href":"https:\/\/www.claret.cat\/es\/wp-json\/wp\/v2\/media\/230261"}],"wp:attachment":[{"href":"https:\/\/www.claret.cat\/es\/wp-json\/wp\/v2\/media?parent=230260"}],"wp:term":[{"taxonomy":"product_brand","embeddable":true,"href":"https:\/\/www.claret.cat\/es\/wp-json\/wp\/v2\/product_brand?post=230260"},{"taxonomy":"product_cat","embeddable":true,"href":"https:\/\/www.claret.cat\/es\/wp-json\/wp\/v2\/product_cat?post=230260"},{"taxonomy":"product_tag","embeddable":true,"href":"https:\/\/www.claret.cat\/es\/wp-json\/wp\/v2\/product_tag?post=230260"}],"curies":[{"name":"wp","href":"https:\/\/api.w.org\/{rel}","templated":true}]}}