{"id":230278,"date":"2022-10-20T19:20:59","date_gmt":"2022-10-20T17:20:59","guid":{"rendered":"http:\/\/dev.claret.cat\/producte\/families-i-mestres-entendrens-per-educar\/"},"modified":"2025-10-06T18:56:01","modified_gmt":"2025-10-06T16:56:01","slug":"families-i-mestres-entendrens-per-educar-9788497665742","status":"publish","type":"product","link":"https:\/\/www.claret.cat\/es\/libro\/families-i-mestres-entendrens-per-educar-9788497665742\/","title":{"rendered":"FAM\u00cdLIES I MESTRES, ENTENDRE&#8221;NS PER EDUCAR"},"content":{"rendered":"<p>Heu sortit d&#8221;una entrevista amb els mestres dels vostres fills decebuts o sense entendre el que us han explicat? I els que sou docents, no heu sentit mai la frustraci\u00f3 d&#8221;esperar uns pares que no s&#8221;han presentat a la cita? Tots, fam\u00edlies i mestres, hem viscut experi\u00e8ncies de comunicacions fallides. <br \/> Anna Ramis analitza el context de relaci\u00f3 fam\u00edlia-escola (les entrevistes amb els tutors, les entrades i sortides de l&#8221;escola, les reunions amb els docents o amb l&#8221;AMPA, els grups de whatsapp de pares i mares&#8230;) i fa propostes de millora a l&#8221;abast de tothom amb l&#8221;objectiu de construir vincles basats en la confian\u00e7a i procurar la millor educaci\u00f3 per a les criatures.<\/p>\n","protected":false},"excerpt":{"rendered":"<p>RAMIS ASSENS, ANNA<\/p>\n","protected":false},"featured_media":1057485,"template":"","meta":{"_acf_changed":false,"om_disable_all_campaigns":false,"rs_blank_template":"","rs_page_bg_color":"","slide_template_v7":"","inline_featured_image":false,"_monsterinsights_skip_tracking":false,"_monsterinsights_sitenote_active":false,"_monsterinsights_sitenote_note":"","_monsterinsights_sitenote_category":0},"product_brand":[],"product_cat":[82,348],"product_tag":[],"class_list":{"0":"post-230278","1":"product","2":"type-product","3":"status-publish","4":"has-post-thumbnail","6":"product_cat-pedagogia","7":"product_cat-pedagogia-2_humanidades","9":"first","10":"outofstock","11":"taxable","12":"shipping-taxable","13":"purchasable","14":"product-type-simple"},"acf":{"autor":"RAMIS ASSENS, ANNA","codart":"849766574","libros-coleccion":"","ediciones":"1","encuadernacion":"R\u00fastica","fecha_de_publicacion":"01\/08\/2016","novedad":"0","paginas":"176","subtitulo":"","orden":"999","portada":"0","idioma":"cat","editorial":[{"ID":148123,"post_author":"3","post_date":"2022-10-14 11:55:49","post_date_gmt":"2022-10-14 09:55:49","post_content":"","post_title":"EUMO, EDITORIAL","post_excerpt":"","post_status":"publish","comment_status":"closed","ping_status":"closed","post_password":"","post_name":"eumo-editorial","to_ping":"","pinged":"","post_modified":"2022-10-14 11:55:49","post_modified_gmt":"2022-10-14 09:55:49","post_content_filtered":"","post_parent":0,"guid":"http:\/\/dev.claret.cat\/editorial\/eumo-editorial\/","menu_order":0,"post_type":"editorial","post_mime_type":"","comment_count":"0","filter":"raw"}],"autores-libros":[{"ID":150638,"post_author":"3","post_date":"2022-10-14 14:34:34","post_date_gmt":"2022-10-14 12:34:34","post_content":"","post_title":"ANNA RAMIS ASSENS","post_excerpt":"","post_status":"publish","comment_status":"closed","ping_status":"closed","post_password":"","post_name":"anna-ramis-assens","to_ping":"","pinged":"","post_modified":"2022-10-14 14:34:34","post_modified_gmt":"2022-10-14 12:34:34","post_content_filtered":"","post_parent":0,"guid":"http:\/\/dev.claret.cat\/autor\/anna-ramis-assens\/","menu_order":0,"post_type":"autor","post_mime_type":"","comment_count":"0","filter":"raw"}],"booktrailer":"","resenas":""},"aioseo_notices":[],"_links":{"self":[{"href":"https:\/\/www.claret.cat\/es\/wp-json\/wp\/v2\/product\/230278","targetHints":{"allow":["GET"]}}],"collection":[{"href":"https:\/\/www.claret.cat\/es\/wp-json\/wp\/v2\/product"}],"about":[{"href":"https:\/\/www.claret.cat\/es\/wp-json\/wp\/v2\/types\/product"}],"wp:featuredmedia":[{"embeddable":true,"href":"https:\/\/www.claret.cat\/es\/wp-json\/wp\/v2\/media\/1057485"}],"wp:attachment":[{"href":"https:\/\/www.claret.cat\/es\/wp-json\/wp\/v2\/media?parent=230278"}],"wp:term":[{"taxonomy":"product_brand","embeddable":true,"href":"https:\/\/www.claret.cat\/es\/wp-json\/wp\/v2\/product_brand?post=230278"},{"taxonomy":"product_cat","embeddable":true,"href":"https:\/\/www.claret.cat\/es\/wp-json\/wp\/v2\/product_cat?post=230278"},{"taxonomy":"product_tag","embeddable":true,"href":"https:\/\/www.claret.cat\/es\/wp-json\/wp\/v2\/product_tag?post=230278"}],"curies":[{"name":"wp","href":"https:\/\/api.w.org\/{rel}","templated":true}]}}