{"id":230339,"date":"2022-10-20T19:22:27","date_gmt":"2022-10-20T17:22:27","guid":{"rendered":"http:\/\/dev.claret.cat\/producte\/seis-de-cuervos\/"},"modified":"2023-01-28T20:37:08","modified_gmt":"2023-01-28T19:37:08","slug":"seis-de-cuervos-9788416387588","status":"publish","type":"product","link":"https:\/\/www.claret.cat\/es\/libro\/seis-de-cuervos-9788416387588\/","title":{"rendered":"SEIS DE CUERVOS"},"content":{"rendered":"<p>Ketterdam:Un desbordante foco de comercio internacional donde todo se puede conseguir por el precio adecuado, como bien sabe el prodigio criminal Kaz Brekker. A Kaz le acaban de ofrecer la oportunidad de llevar a cabo un gran robo, un arriesgado golpe que podr\u00eda hacerle m\u00e1s rico de lo que se jam\u00e1s se ha atrevido a imaginar en sus sue\u00f1os m\u00e1s salvajes. Pero no podr\u00e1 llevarlo a cabo por s\u00ed solo: tendr\u00e1 que reclutar a un peculiar equipo formado por un convicto, una esp\u00eda, un pistolero, una Grisha, un ladr\u00f3n y un fugitivo.<br \/> Aunque ellos no lo saben, llegado el momento los miembros del grupo de Kaz ser\u00e1n los \u00fanicos capaces de salvar el mundo de la aniquilaci\u00f3n total. Bueno, lo ser\u00e1n si no se matan entre ellos primero.<\/p>\n","protected":false},"excerpt":{"rendered":"<p>BARDUGO, LEIGH<\/p>\n","protected":false},"featured_media":230340,"template":"","meta":{"_acf_changed":false,"om_disable_all_campaigns":false,"rs_blank_template":"","rs_page_bg_color":"","slide_template_v7":"","inline_featured_image":false,"_monsterinsights_skip_tracking":false,"_monsterinsights_sitenote_active":false,"_monsterinsights_sitenote_note":"","_monsterinsights_sitenote_category":0},"product_brand":[],"product_cat":[87],"product_tag":[],"class_list":{"0":"post-230339","1":"product","2":"type-product","3":"status-publish","4":"has-post-thumbnail","6":"product_cat-literatura","8":"first","9":"instock","10":"taxable","11":"shipping-taxable","12":"purchasable","13":"product-type-simple"},"acf":{"autor":"BARDUGO, LEIGH","codart":"841638758","libros-coleccion":"","ediciones":"1","encuadernacion":"R\u00fastica","fecha_de_publicacion":"01\/08\/2016","novedad":"0","paginas":"544","subtitulo":"","orden":"999","portada":"0","idioma":"spa","autores-libros":[{"ID":162082,"post_author":"3","post_date":"2022-10-14 17:28:13","post_date_gmt":"2022-10-14 15:28:13","post_content":"","post_title":"LEIGH BARDUGO","post_excerpt":"","post_status":"publish","comment_status":"closed","ping_status":"closed","post_password":"","post_name":"leigh-bardugo","to_ping":"","pinged":"","post_modified":"2022-10-14 17:28:13","post_modified_gmt":"2022-10-14 15:28:13","post_content_filtered":"","post_parent":0,"guid":"http:\/\/dev.claret.cat\/autor\/leigh-bardugo\/","menu_order":0,"post_type":"autor","post_mime_type":"","comment_count":"0","filter":"raw"}]},"aioseo_notices":[],"_links":{"self":[{"href":"https:\/\/www.claret.cat\/es\/wp-json\/wp\/v2\/product\/230339","targetHints":{"allow":["GET"]}}],"collection":[{"href":"https:\/\/www.claret.cat\/es\/wp-json\/wp\/v2\/product"}],"about":[{"href":"https:\/\/www.claret.cat\/es\/wp-json\/wp\/v2\/types\/product"}],"wp:featuredmedia":[{"embeddable":true,"href":"https:\/\/www.claret.cat\/es\/wp-json\/wp\/v2\/media\/230340"}],"wp:attachment":[{"href":"https:\/\/www.claret.cat\/es\/wp-json\/wp\/v2\/media?parent=230339"}],"wp:term":[{"taxonomy":"product_brand","embeddable":true,"href":"https:\/\/www.claret.cat\/es\/wp-json\/wp\/v2\/product_brand?post=230339"},{"taxonomy":"product_cat","embeddable":true,"href":"https:\/\/www.claret.cat\/es\/wp-json\/wp\/v2\/product_cat?post=230339"},{"taxonomy":"product_tag","embeddable":true,"href":"https:\/\/www.claret.cat\/es\/wp-json\/wp\/v2\/product_tag?post=230339"}],"curies":[{"name":"wp","href":"https:\/\/api.w.org\/{rel}","templated":true}]}}