{"id":230381,"date":"2022-10-20T19:23:26","date_gmt":"2022-10-20T17:23:26","guid":{"rendered":"http:\/\/dev.claret.cat\/producte\/revelacion-y-religiones\/"},"modified":"2026-01-28T12:04:22","modified_gmt":"2026-01-28T11:04:22","slug":"revelacion-y-religiones-9788425438387","status":"publish","type":"product","link":"https:\/\/www.claret.cat\/es\/libro\/revelacion-y-religiones-9788425438387\/","title":{"rendered":"REVELACI\u00d3N Y RELIGIONES"},"content":{"rendered":"<p>Los textos recogidos en este libro son el resultado del seminario Teolog\u00eda y Religiones que tuvo lugar en la Facultat de Teologia de Catalunya (2008-2014), en el que doce expertos se reunieron para debatir en torno a la idea de revelaci\u00f3n, o sus expresiones an\u00e1logas, en las grandes tradiciones religiosas. <\/p>\n<p>En la primera parte, los expertos se preguntan sobre el grado de centralidad de la experiencia de revelaci\u00f3n divina en diferentes tradiciones religiosas. La exposici\u00f3n sigue un orden cronol\u00f3gico, se inicia con las principales tradiciones religiosas orientales: el confucianismo y el tao\u00edsmo (Antoni Prevosti), las diversas corrientes del hinduismo (Javier Melloni) y el budismo (Ramon N. Prats). A continuaci\u00f3n, en el \u00e1mbito de las llamadas religiones prof\u00e9ticas, se trata la naturaleza de la revelaci\u00f3n en el juda\u00edsmo (Enric Cort\u00e8s), el cristianismo (Armand Puig i Francesc Torralba) y la tradici\u00f3n isl\u00e1mica (Francesc-Xavier Mar\u00edn y Merc\u00e8 Viladrich).<\/p>\n<p>La segunda parte del libro aborda el tema de la revelaci\u00f3n desde un enfoque transversal y pluralista. Llu\u00eds Duch ofrece un tratamiento fenomenol\u00f3gico del tema y expone su tesis sobre la imposibilidad de una experiencia humana sin alg\u00fan tipo de gram\u00e1tica. Siguen Javier Melloni, con su teor\u00eda sobre el com\u00fan denominador de toda experiencia religiosa; Gaspar Mora, con una reflexi\u00f3n sobre las diversas experiencias de revelaci\u00f3n y la \u00e9tica; y, finalmente, dos contribuciones de car\u00e1cter m\u00e1s monogr\u00e1fico a cargo de Xavier Morlans y Jaume Flaquer.<\/p>\n","protected":false},"excerpt":{"rendered":"<p>MORLANS I MOLINA, XAVIER<\/p>\n","protected":false},"featured_media":331427,"template":"","meta":{"_acf_changed":false,"om_disable_all_campaigns":false,"rs_blank_template":"","rs_page_bg_color":"","slide_template_v7":"","inline_featured_image":false,"_monsterinsights_skip_tracking":false,"_monsterinsights_sitenote_active":false,"_monsterinsights_sitenote_note":"","_monsterinsights_sitenote_category":0},"product_brand":[],"product_cat":[90,540],"product_tag":[],"class_list":{"0":"post-230381","1":"product","2":"type-product","3":"status-publish","4":"has-post-thumbnail","6":"product_cat-altres","7":"product_cat-otros","9":"first","10":"instock","11":"taxable","12":"shipping-taxable","13":"purchasable","14":"product-type-simple"},"acf":{"autor":"MORLANS I MOLINA, XAVIER","codart":"842543838","libros-coleccion":"","ediciones":"1","encuadernacion":"R\u00fastica","fecha_de_publicacion":"01\/08\/2016","novedad":"0","paginas":"364","subtitulo":"","orden":"999","portada":"0","idioma":"spa","editorial":[{"ID":6266,"post_author":"3","post_date":"2022-07-28 17:48:31","post_date_gmt":"2022-07-28 15:48:31","post_content":"","post_title":"HERDER","post_excerpt":"","post_status":"publish","comment_status":"closed","ping_status":"closed","post_password":"","post_name":"herder","to_ping":"","pinged":"","post_modified":"2022-07-28 17:48:31","post_modified_gmt":"2022-07-28 15:48:31","post_content_filtered":"","post_parent":0,"guid":"http:\/\/dev.claret.cat\/editorial\/herder\/","menu_order":0,"post_type":"editorial","post_mime_type":"","comment_count":"0","filter":"raw"}],"autores-libros":[{"ID":281589,"post_author":"3","post_date":"2022-12-09 23:22:53","post_date_gmt":"2022-12-09 22:22:53","post_content":"<strong>Xavier Morlans i Molina<\/strong> (Llinars del Vall\u00e8s 1949) \u00e9s professor em\u00e8rit de la Facultat de Teologia de Catalunya, consultor del dicasteri per a l\u2019Evangelitzaci\u00f3, Missioner de la Miseric\u00f2rdia, i vicari de la parr\u00f2quia Hospital de Campanya de Santa Anna de Barcelona. Ha fet tamb\u00e9 interessants aportacions en el terreny de la recerca de nous llenguatges art\u00edstics, musicals i audiovisuals per a l\u2019Evangelitzaci\u00f3.\r\n\r\nEntre d'altres llibres, Xavier Morlans ha publicat <a href=\"https:\/\/www.claret.cat\/llibre\/de-zero-a-deu-en-55-dies-9788487023781\/?c=\"><em><strong>De zero a D\u00e9u en 55 dies<\/strong><\/em><\/a>, <a href=\"https:\/\/www.editorialclaret.cat\/producte\/capellans-celibes-i-capellans-casats-9788491365358\/?c\"><em><strong>Capellans c\u00e8libes i capellans casats<\/strong><\/em><\/a> i <a href=\"https:\/\/www.claret.cat\/llibre\/salvacio-i-religions-9788412837452\/?c=\"><em><strong>Salvaci\u00f3 i religions<\/strong><\/em><\/a>.","post_title":"XAVIER MORLANS I MOLINA","post_excerpt":"","post_status":"publish","comment_status":"closed","ping_status":"closed","post_password":"","post_name":"xavier-morlans-i-molina","to_ping":"","pinged":"","post_modified":"2024-07-08 19:14:09","post_modified_gmt":"2024-07-08 17:14:09","post_content_filtered":"","post_parent":0,"guid":"http:\/\/dev.claret.cat\/autor\/xavier-morlans-i-molina\/","menu_order":0,"post_type":"autor","post_mime_type":"","comment_count":"0","filter":"raw"}],"booktrailer":"","resenas":""},"aioseo_notices":[],"_links":{"self":[{"href":"https:\/\/www.claret.cat\/es\/wp-json\/wp\/v2\/product\/230381","targetHints":{"allow":["GET"]}}],"collection":[{"href":"https:\/\/www.claret.cat\/es\/wp-json\/wp\/v2\/product"}],"about":[{"href":"https:\/\/www.claret.cat\/es\/wp-json\/wp\/v2\/types\/product"}],"wp:featuredmedia":[{"embeddable":true,"href":"https:\/\/www.claret.cat\/es\/wp-json\/wp\/v2\/media\/331427"}],"wp:attachment":[{"href":"https:\/\/www.claret.cat\/es\/wp-json\/wp\/v2\/media?parent=230381"}],"wp:term":[{"taxonomy":"product_brand","embeddable":true,"href":"https:\/\/www.claret.cat\/es\/wp-json\/wp\/v2\/product_brand?post=230381"},{"taxonomy":"product_cat","embeddable":true,"href":"https:\/\/www.claret.cat\/es\/wp-json\/wp\/v2\/product_cat?post=230381"},{"taxonomy":"product_tag","embeddable":true,"href":"https:\/\/www.claret.cat\/es\/wp-json\/wp\/v2\/product_tag?post=230381"}],"curies":[{"name":"wp","href":"https:\/\/api.w.org\/{rel}","templated":true}]}}