{"id":230399,"date":"2022-10-20T19:23:52","date_gmt":"2022-10-20T17:23:52","guid":{"rendered":"http:\/\/dev.claret.cat\/producte\/sentidos-del-sujeto-los\/"},"modified":"2026-01-28T11:01:55","modified_gmt":"2026-01-28T10:01:55","slug":"sentidos-del-sujeto-los-9788425437984","status":"publish","type":"product","link":"https:\/\/www.claret.cat\/es\/libro\/sentidos-del-sujeto-los-9788425437984\/","title":{"rendered":"SENTIDOS DEL SUJETO, LOS"},"content":{"rendered":"<p>Este libro re\u00fane un conjunto de ensayos filos\u00f3ficos escritos a lo largo de dos d\u00e9cadas, con las reflexiones de Judith Butler sobre la funci\u00f3n de las pasiones en la formaci\u00f3n del sujeto. En di\u00e1logo con fil\u00f3sofos tan diversos como Hegel, Spinoza, Descartes, Merleau-Ponty, Freud y Fanon, este libro examina c\u00f3mo las pasiones \u2014como el deseo, la rabia, el amor y el dolor\u2014 est\u00e1n ligadas a la conformaci\u00f3n del sujeto en los marcos hist\u00f3ricos de poder espec\u00edficos.<\/p>\n<p>Butler muestra, en diferentes contextos filos\u00f3ficos, de qu\u00e9 manera el yo que intenta convertirse en s\u00ed mismo se ve afectado, contra su voluntad, por los poderes sociales y discursivos. Y c\u00f3mo, sin embargo, la agencia y la acci\u00f3n no quedan necesariamente anuladas en este choque. Las impresiones sensibles primarias registran esta situaci\u00f3n dual en la que se act\u00faa y se es objeto de una acci\u00f3n, contradiciendo la idea de que la acci\u00f3n requiera superar la situaci\u00f3n de estar afectado por otros y por el mundo social y ling\u00fc\u00edstico. Tomados en conjunto, estos ensayos registran el desarrollo del pensamiento de Butler en torno a las relaciones \u00e9ticas corporeizadas.<\/p>\n","protected":false},"excerpt":{"rendered":"<p>BUTLER, JUDITH<\/p>\n","protected":false},"featured_media":331407,"template":"","meta":{"_acf_changed":false,"om_disable_all_campaigns":false,"rs_blank_template":"","rs_page_bg_color":"","slide_template_v7":"","inline_featured_image":false,"_monsterinsights_skip_tracking":false,"_monsterinsights_sitenote_active":false,"_monsterinsights_sitenote_note":"","_monsterinsights_sitenote_category":0},"product_brand":[],"product_cat":[83,349],"product_tag":[],"class_list":{"0":"post-230399","1":"product","2":"type-product","3":"status-publish","4":"has-post-thumbnail","6":"product_cat-filosofia","7":"product_cat-filosofia-2_humanidades","9":"first","10":"instock","11":"taxable","12":"shipping-taxable","13":"purchasable","14":"product-type-simple"},"acf":{"autor":"BUTLER, JUDITH","codart":"842543798","libros-coleccion":"","ediciones":"1","encuadernacion":"R\u00fastica","fecha_de_publicacion":"01\/08\/2016","novedad":"0","paginas":"254","subtitulo":"","orden":"999","portada":"0","idioma":"spa","editorial":[{"ID":6266,"post_author":"3","post_date":"2022-07-28 17:48:31","post_date_gmt":"2022-07-28 15:48:31","post_content":"","post_title":"HERDER","post_excerpt":"","post_status":"publish","comment_status":"closed","ping_status":"closed","post_password":"","post_name":"herder","to_ping":"","pinged":"","post_modified":"2022-07-28 17:48:31","post_modified_gmt":"2022-07-28 15:48:31","post_content_filtered":"","post_parent":0,"guid":"http:\/\/dev.claret.cat\/editorial\/herder\/","menu_order":0,"post_type":"editorial","post_mime_type":"","comment_count":"0","filter":"raw"}],"autores-libros":[{"ID":161213,"post_author":"3","post_date":"2022-10-14 17:16:24","post_date_gmt":"2022-10-14 15:16:24","post_content":"","post_title":"JUDITH BUTLER","post_excerpt":"","post_status":"publish","comment_status":"closed","ping_status":"closed","post_password":"","post_name":"judith-butler","to_ping":"","pinged":"","post_modified":"2022-10-14 17:16:24","post_modified_gmt":"2022-10-14 15:16:24","post_content_filtered":"","post_parent":0,"guid":"http:\/\/dev.claret.cat\/autor\/judith-butler\/","menu_order":0,"post_type":"autor","post_mime_type":"","comment_count":"0","filter":"raw"}],"booktrailer":"","resenas":""},"aioseo_notices":[],"_links":{"self":[{"href":"https:\/\/www.claret.cat\/es\/wp-json\/wp\/v2\/product\/230399","targetHints":{"allow":["GET"]}}],"collection":[{"href":"https:\/\/www.claret.cat\/es\/wp-json\/wp\/v2\/product"}],"about":[{"href":"https:\/\/www.claret.cat\/es\/wp-json\/wp\/v2\/types\/product"}],"wp:featuredmedia":[{"embeddable":true,"href":"https:\/\/www.claret.cat\/es\/wp-json\/wp\/v2\/media\/331407"}],"wp:attachment":[{"href":"https:\/\/www.claret.cat\/es\/wp-json\/wp\/v2\/media?parent=230399"}],"wp:term":[{"taxonomy":"product_brand","embeddable":true,"href":"https:\/\/www.claret.cat\/es\/wp-json\/wp\/v2\/product_brand?post=230399"},{"taxonomy":"product_cat","embeddable":true,"href":"https:\/\/www.claret.cat\/es\/wp-json\/wp\/v2\/product_cat?post=230399"},{"taxonomy":"product_tag","embeddable":true,"href":"https:\/\/www.claret.cat\/es\/wp-json\/wp\/v2\/product_tag?post=230399"}],"curies":[{"name":"wp","href":"https:\/\/api.w.org\/{rel}","templated":true}]}}