{"id":230417,"date":"2022-10-20T19:24:17","date_gmt":"2022-10-20T17:24:17","guid":{"rendered":"http:\/\/dev.claret.cat\/producte\/lart-deducar-amb-amor\/"},"modified":"2023-01-28T16:05:22","modified_gmt":"2023-01-28T15:05:22","slug":"lart-deducar-amb-amor-9788499757780","status":"publish","type":"product","link":"https:\/\/www.claret.cat\/es\/libro\/lart-deducar-amb-amor-9788499757780\/","title":{"rendered":"L&#8217;ART D&#8221;EDUCAR AMB AMOR"},"content":{"rendered":"<p>Aquest llibre, escrit des del cor, \u00e9s un viatge fascinant que explora l&#8221;univers dels infants i dels qui tenim la responsabilitat i la joia d&#8221;acompanyar-los. Una obra excepcional que ens proposa una reflexi\u00f3 profunda de com eduquem, on som i on volem anar. Adre\u00e7at als pares, a docents i a qualsevol persona interessada en l&#8221;\u00e9sser hum\u00e0, la formaci\u00f3 i l&#8221;educaci\u00f3, t\u00e9 l&#8221;objectiu de contribuir a formar persones satisfetes i creatives que afavoreixin la llibertat i la dignitat individual i col\u00b7lectiva. Amb un llenguatge clar, directe i estimulant ens ofereix eines i alternatives concretes per crear vides on l&#8221;amor, l&#8221;alegria, la sensibilitat i la tendresa en siguin els protagonistes. At\u00e8s que educar i estimar tamb\u00e9 s\u00f3n arts que requereixen una decisi\u00f3 i un aprenentatge constant, s\u00f3n els mateixos infants qui ens regalen un munt de propostes i ens conviden a dur-les a la pr\u00e0ctica. Tot plegat, un repte d&#8221;amor extraordinari!<\/p>\n","protected":false},"excerpt":{"rendered":"<p>CAPARR\u00d3S OBIOLS, XAVIER<\/p>\n","protected":false},"featured_media":230418,"template":"","meta":{"_acf_changed":false,"om_disable_all_campaigns":false,"rs_blank_template":"","rs_page_bg_color":"","slide_template_v7":"","inline_featured_image":false,"_monsterinsights_skip_tracking":false,"_monsterinsights_sitenote_active":false,"_monsterinsights_sitenote_note":"","_monsterinsights_sitenote_category":0},"product_brand":[],"product_cat":[82],"product_tag":[],"class_list":{"0":"post-230417","1":"product","2":"type-product","3":"status-publish","4":"has-post-thumbnail","6":"product_cat-pedagogia","8":"first","9":"instock","10":"taxable","11":"shipping-taxable","12":"purchasable","13":"product-type-simple"},"acf":{"autor":"CAPARR\u00d3S OBIOLS, XAVIER","codart":"9788499757780","libros-coleccion":"","ediciones":"1","encuadernacion":"R\u00fastica","fecha_de_publicacion":"01\/08\/2016","novedad":"0","paginas":"0","subtitulo":"","orden":"999","portada":"0","idioma":"cat","editorial":[{"ID":6322,"post_author":"3","post_date":"2022-07-28 17:49:42","post_date_gmt":"2022-07-28 15:49:42","post_content":"","post_title":"PAG\u00c8S EDITORS","post_excerpt":"","post_status":"publish","comment_status":"closed","ping_status":"closed","post_password":"","post_name":"pages-editors","to_ping":"","pinged":"","post_modified":"2022-07-28 17:49:42","post_modified_gmt":"2022-07-28 15:49:42","post_content_filtered":"","post_parent":0,"guid":"http:\/\/dev.claret.cat\/editorial\/pages-editors\/","menu_order":0,"post_type":"editorial","post_mime_type":"","comment_count":"0","filter":"raw"}]},"aioseo_notices":[],"_links":{"self":[{"href":"https:\/\/www.claret.cat\/es\/wp-json\/wp\/v2\/product\/230417","targetHints":{"allow":["GET"]}}],"collection":[{"href":"https:\/\/www.claret.cat\/es\/wp-json\/wp\/v2\/product"}],"about":[{"href":"https:\/\/www.claret.cat\/es\/wp-json\/wp\/v2\/types\/product"}],"wp:featuredmedia":[{"embeddable":true,"href":"https:\/\/www.claret.cat\/es\/wp-json\/wp\/v2\/media\/230418"}],"wp:attachment":[{"href":"https:\/\/www.claret.cat\/es\/wp-json\/wp\/v2\/media?parent=230417"}],"wp:term":[{"taxonomy":"product_brand","embeddable":true,"href":"https:\/\/www.claret.cat\/es\/wp-json\/wp\/v2\/product_brand?post=230417"},{"taxonomy":"product_cat","embeddable":true,"href":"https:\/\/www.claret.cat\/es\/wp-json\/wp\/v2\/product_cat?post=230417"},{"taxonomy":"product_tag","embeddable":true,"href":"https:\/\/www.claret.cat\/es\/wp-json\/wp\/v2\/product_tag?post=230417"}],"curies":[{"name":"wp","href":"https:\/\/api.w.org\/{rel}","templated":true}]}}