{"id":230495,"date":"2022-10-20T19:26:07","date_gmt":"2022-10-20T17:26:07","guid":{"rendered":"http:\/\/dev.claret.cat\/producte\/cuentas-pendientes-2\/"},"modified":"2023-01-28T04:57:38","modified_gmt":"2023-01-28T03:57:38","slug":"cuentas-pendientes-9788416251506","status":"publish","type":"product","link":"https:\/\/www.claret.cat\/es\/libro\/cuentas-pendientes-9788416251506\/","title":{"rendered":"CUENTAS PENDIENTES"},"content":{"rendered":"<p>&#8216;Hay hombres que no saben qui\u00e9nes son. Que no saben por qu\u00e9 Dios los puso en este mundo. A veces los envidio. Yo no puedo imaginar la vida sin m\u00fasica. Por eso estoy aqu\u00ed&#8217;. Lefty Palmer, un pianista fracasado que regresa a la ciudad en busca de una segunda oportunidad, necesita reunir dinero para operarse de la mano en Europa y poder volver a tocar el piano. Dee-dee, un jockey obsesionado con montar su propia cuadra, tiene un plan: atracar el furg\u00f3n que lleva la recaudaci\u00f3n de una galer\u00eda de arte.<\/p>\n<p> Cuentas pendientes es el regreso de Sergi \u00c1lvarez y Sagar al mundo de Bajo la piel (Astiberri, 2005), en un homenaje al cine y a la novela negra cl\u00e1sicos. Si Bajo la piel era un rompecabezas en torno al asesinato de una mujer, con la mafia de tel\u00f3n de fondo, la trama de Cuentas pendientes gira alrededor de los anhelos de un pianista frustrado y un pintor famoso al que nadie ha visto nunca. Ambas obras comparten algunos personajes, pero la gran protagonista com\u00fan es la ciudad, esa insaciable ciudad que extiende sus grises tent\u00e1culos, en la que hay demasiadas deudas por saldar.<\/p>\n","protected":false},"excerpt":{"rendered":"<p>FORNI\u00c9S, SAGAR \/ \u00c1LVAREZ, SERGI<\/p>\n","protected":false},"featured_media":230496,"template":"","meta":{"_acf_changed":false,"om_disable_all_campaigns":false,"rs_blank_template":"","rs_page_bg_color":"","slide_template_v7":"","inline_featured_image":false,"_monsterinsights_skip_tracking":false,"_monsterinsights_sitenote_active":false,"_monsterinsights_sitenote_note":"","_monsterinsights_sitenote_category":0},"product_brand":[],"product_cat":[108],"product_tag":[],"class_list":{"0":"post-230495","1":"product","2":"type-product","3":"status-publish","4":"has-post-thumbnail","6":"product_cat-comic","8":"first","9":"instock","10":"taxable","11":"shipping-taxable","12":"purchasable","13":"product-type-simple"},"acf":{"autor":"FORNI\u00c9S, SAGAR \/ \u00c1LVAREZ, SERGI","codart":"841625150","libros-coleccion":"","ediciones":"1","encuadernacion":"R\u00fastica","fecha_de_publicacion":"01\/08\/2016","novedad":"0","paginas":"134","subtitulo":"","orden":"999","portada":"0","idioma":"spa","editorial":[{"ID":6130,"post_author":"3","post_date":"2022-07-28 17:45:32","post_date_gmt":"2022-07-28 15:45:32","post_content":"","post_title":"ASTIBERRI EDICIONES","post_excerpt":"","post_status":"publish","comment_status":"closed","ping_status":"closed","post_password":"","post_name":"astiberri-ediciones","to_ping":"","pinged":"","post_modified":"2022-07-28 17:45:32","post_modified_gmt":"2022-07-28 15:45:32","post_content_filtered":"","post_parent":0,"guid":"http:\/\/dev.claret.cat\/editorial\/astiberri-ediciones\/","menu_order":0,"post_type":"editorial","post_mime_type":"","comment_count":"0","filter":"raw"}],"autores-libros":[{"ID":168785,"post_author":"3","post_date":"2022-10-14 22:21:55","post_date_gmt":"2022-10-14 20:21:55","post_content":"","post_title":"SAGAR FORNI\u00c9S","post_excerpt":"","post_status":"publish","comment_status":"closed","ping_status":"closed","post_password":"","post_name":"sagar-fornies","to_ping":"","pinged":"","post_modified":"2022-10-14 22:21:55","post_modified_gmt":"2022-10-14 20:21:55","post_content_filtered":"","post_parent":0,"guid":"http:\/\/dev.claret.cat\/autor\/sagar-fornies\/","menu_order":0,"post_type":"autor","post_mime_type":"","comment_count":"0","filter":"raw"},{"ID":169304,"post_author":"3","post_date":"2022-10-14 22:26:09","post_date_gmt":"2022-10-14 20:26:09","post_content":"","post_title":"SERGI \u00c1LVAREZ","post_excerpt":"","post_status":"publish","comment_status":"closed","ping_status":"closed","post_password":"","post_name":"sergi-alvarez","to_ping":"","pinged":"","post_modified":"2022-10-14 22:26:09","post_modified_gmt":"2022-10-14 20:26:09","post_content_filtered":"","post_parent":0,"guid":"http:\/\/dev.claret.cat\/autor\/sergi-alvarez\/","menu_order":0,"post_type":"autor","post_mime_type":"","comment_count":"0","filter":"raw"}]},"aioseo_notices":[],"_links":{"self":[{"href":"https:\/\/www.claret.cat\/es\/wp-json\/wp\/v2\/product\/230495","targetHints":{"allow":["GET"]}}],"collection":[{"href":"https:\/\/www.claret.cat\/es\/wp-json\/wp\/v2\/product"}],"about":[{"href":"https:\/\/www.claret.cat\/es\/wp-json\/wp\/v2\/types\/product"}],"wp:featuredmedia":[{"embeddable":true,"href":"https:\/\/www.claret.cat\/es\/wp-json\/wp\/v2\/media\/230496"}],"wp:attachment":[{"href":"https:\/\/www.claret.cat\/es\/wp-json\/wp\/v2\/media?parent=230495"}],"wp:term":[{"taxonomy":"product_brand","embeddable":true,"href":"https:\/\/www.claret.cat\/es\/wp-json\/wp\/v2\/product_brand?post=230495"},{"taxonomy":"product_cat","embeddable":true,"href":"https:\/\/www.claret.cat\/es\/wp-json\/wp\/v2\/product_cat?post=230495"},{"taxonomy":"product_tag","embeddable":true,"href":"https:\/\/www.claret.cat\/es\/wp-json\/wp\/v2\/product_tag?post=230495"}],"curies":[{"name":"wp","href":"https:\/\/api.w.org\/{rel}","templated":true}]}}