{"id":230561,"date":"2022-10-20T19:27:36","date_gmt":"2022-10-20T17:27:36","guid":{"rendered":"http:\/\/dev.claret.cat\/producte\/la-conversion-pastoral-misionera\/"},"modified":"2024-05-23T09:01:10","modified_gmt":"2024-05-23T07:01:10","slug":"la-conversion-pastoral-misionera-9788483537794","status":"publish","type":"product","link":"https:\/\/www.claret.cat\/es\/libro\/la-conversion-pastoral-misionera-9788483537794\/","title":{"rendered":"LA CONVERSI\u00d3N PASTORAL &#8211; MISIONERA"},"content":{"rendered":"<p>En los pa\u00edses tradicionalmente cat\u00f3licos, las iglesias se van quedando vac\u00edas y envejecidas, la palabra eclesial es o\u00edda con indiferencia, la acci\u00f3n pastoral no encuentra cauces ni previsiones y aumenta el desconcierto y el des\u00e1nimo. En la Evangelii Gaudium se nos invita a poner los medios necesarios para avanzar en el camino de una conversi\u00f3n pastoral y misionera, que no puede dejar las cosas como est\u00e1n (n. 25). El autor presenta una propuesta que pueda servir para la b\u00fasqueda continuada de una realizaci\u00f3n pastoral de la Iglesia m\u00e1s estimulante y significativa. Para ello, es imprescindible acudir a la saludable necesidad de pensar la pastoral, en concreto, una conversi\u00f3n pastoral-misionera que nos ayude a caminar sinodalmente a fin de procurar que el Reino de Dios vaya creciendo en nuestro mundo desde la escucha atenta de \u201clo que el Esp\u00edritu dice a las iglesias\u201d.<\/p>\n","protected":false},"excerpt":{"rendered":"<p>CALVO P\u00c9REZ, ROBERTO<\/p>\n","protected":false},"featured_media":357625,"template":"","meta":{"_acf_changed":false,"om_disable_all_campaigns":false,"rs_blank_template":"","rs_page_bg_color":"","slide_template_v7":"","inline_featured_image":false,"_monsterinsights_skip_tracking":false,"_monsterinsights_sitenote_active":false,"_monsterinsights_sitenote_note":"","_monsterinsights_sitenote_category":0},"product_brand":[],"product_cat":[90,540],"product_tag":[],"class_list":{"0":"post-230561","1":"product","2":"type-product","3":"status-publish","4":"has-post-thumbnail","6":"product_cat-altres","7":"product_cat-otros","9":"first","10":"instock","11":"taxable","12":"shipping-taxable","13":"purchasable","14":"product-type-simple"},"acf":{"autor":"CALVO P\u00c9REZ, ROBERTO","codart":"848353779","libros-coleccion":"","ediciones":"1","encuadernacion":"R\u00fastica","fecha_de_publicacion":"13\/07\/2016","novedad":"0","paginas":"306","subtitulo":"LO QUE EL ESP\u00cdRITU DICE A LAS IGLESIAS","orden":"999","portada":"0","idioma":"spa","editorial":[{"ID":6309,"post_author":"3","post_date":"2022-07-28 17:49:25","post_date_gmt":"2022-07-28 15:49:25","post_content":"","post_title":"Monte Carmelo","post_excerpt":"","post_status":"publish","comment_status":"closed","ping_status":"closed","post_password":"","post_name":"monte-carmelo","to_ping":"","pinged":"","post_modified":"2022-07-28 17:49:25","post_modified_gmt":"2022-07-28 15:49:25","post_content_filtered":"","post_parent":0,"guid":"http:\/\/dev.claret.cat\/editorial\/monte-carmelo\/","menu_order":0,"post_type":"editorial","post_mime_type":"","comment_count":"0","filter":"raw"}],"autores-libros":[{"ID":168267,"post_author":"3","post_date":"2022-10-14 18:17:51","post_date_gmt":"2022-10-14 16:17:51","post_content":"","post_title":"ROBERTO CALVO PEREZ","post_excerpt":"","post_status":"publish","comment_status":"closed","ping_status":"closed","post_password":"","post_name":"roberto-calvo-perez","to_ping":"","pinged":"","post_modified":"2022-10-14 18:17:51","post_modified_gmt":"2022-10-14 16:17:51","post_content_filtered":"","post_parent":0,"guid":"http:\/\/dev.claret.cat\/autor\/roberto-calvo-perez\/","menu_order":0,"post_type":"autor","post_mime_type":"","comment_count":"0","filter":"raw"}]},"aioseo_notices":[],"_links":{"self":[{"href":"https:\/\/www.claret.cat\/es\/wp-json\/wp\/v2\/product\/230561","targetHints":{"allow":["GET"]}}],"collection":[{"href":"https:\/\/www.claret.cat\/es\/wp-json\/wp\/v2\/product"}],"about":[{"href":"https:\/\/www.claret.cat\/es\/wp-json\/wp\/v2\/types\/product"}],"wp:featuredmedia":[{"embeddable":true,"href":"https:\/\/www.claret.cat\/es\/wp-json\/wp\/v2\/media\/357625"}],"wp:attachment":[{"href":"https:\/\/www.claret.cat\/es\/wp-json\/wp\/v2\/media?parent=230561"}],"wp:term":[{"taxonomy":"product_brand","embeddable":true,"href":"https:\/\/www.claret.cat\/es\/wp-json\/wp\/v2\/product_brand?post=230561"},{"taxonomy":"product_cat","embeddable":true,"href":"https:\/\/www.claret.cat\/es\/wp-json\/wp\/v2\/product_cat?post=230561"},{"taxonomy":"product_tag","embeddable":true,"href":"https:\/\/www.claret.cat\/es\/wp-json\/wp\/v2\/product_tag?post=230561"}],"curies":[{"name":"wp","href":"https:\/\/api.w.org\/{rel}","templated":true}]}}