{"id":230667,"date":"2022-10-20T19:29:59","date_gmt":"2022-10-20T17:29:59","guid":{"rendered":"http:\/\/dev.claret.cat\/producte\/viaje-al-pais-de-las-maravillas\/"},"modified":"2023-01-28T15:48:39","modified_gmt":"2023-01-28T14:48:39","slug":"viaje-al-pais-de-las-maravillas-9788498019100","status":"publish","type":"product","link":"https:\/\/www.claret.cat\/es\/libro\/viaje-al-pais-de-las-maravillas-9788498019100\/","title":{"rendered":"VIAJE AL PA\u00cdS DE LAS MARAVILLAS"},"content":{"rendered":"<p>Infunde vida a la magia de Las aventuras de Alicia en el Pa\u00eds de las Maravillas con este peque\u00f1o libro para colorear, delicadamente ilustrado, adecuado para todas las edades. Cuando Alicia cae accidentalmente en la madriguera del conejo, se pierde en un apasionante mundo repleto de personajes extraordinarios.  Explora esta tierra al mismo tiempo sobrecogedora y maravillosa, al colorear las hermosas y detalladas ilustraciones. Deja que vuele tu imaginaci\u00f3n conforme te encuentras con el Conejo Blanco y el Gato de Cheshire, toma el t\u00e9 con el Sombrerero y juega al croquet con la imponente Reina de Corazones.<\/p>\n","protected":false},"excerpt":{"rendered":"<p>CARROLL, LEWIS \/ GOOD WIVES AND WARRIORS<\/p>\n","protected":false},"featured_media":230668,"template":"","meta":{"_acf_changed":false,"om_disable_all_campaigns":false,"rs_blank_template":"","rs_page_bg_color":"","slide_template_v7":"","inline_featured_image":false,"_monsterinsights_skip_tracking":false,"_monsterinsights_sitenote_active":false,"_monsterinsights_sitenote_note":"","_monsterinsights_sitenote_category":0},"product_brand":[],"product_cat":[101],"product_tag":[],"class_list":{"0":"post-230667","1":"product","2":"type-product","3":"status-publish","4":"has-post-thumbnail","6":"product_cat-manualitats","8":"first","9":"instock","10":"taxable","11":"shipping-taxable","12":"purchasable","13":"product-type-simple"},"acf":{"autor":"CARROLL, LEWIS \/ GOOD WIVES AND WARRIORS","codart":"849801910","libros-coleccion":"","ediciones":"1","encuadernacion":"R\u00fastica","fecha_de_publicacion":"01\/07\/2016","novedad":"0","paginas":"96","subtitulo":"UNA AVENTURA PARA COLOREAR","orden":"999","portada":"0","idioma":"spa","editorial":[{"ID":147470,"post_author":"3","post_date":"2022-10-14 11:50:50","post_date_gmt":"2022-10-14 09:50:50","post_content":"","post_title":"ART BLUME, S. L.","post_excerpt":"","post_status":"publish","comment_status":"closed","ping_status":"closed","post_password":"","post_name":"art-blume-s-l","to_ping":"","pinged":"","post_modified":"2022-10-14 11:50:50","post_modified_gmt":"2022-10-14 09:50:50","post_content_filtered":"","post_parent":0,"guid":"http:\/\/dev.claret.cat\/editorial\/art-blume-s-l\/","menu_order":0,"post_type":"editorial","post_mime_type":"","comment_count":"0","filter":"raw"}],"autores-libros":[{"ID":157063,"post_author":"3","post_date":"2022-10-14 15:25:49","post_date_gmt":"2022-10-14 13:25:49","post_content":"","post_title":"GOOD WIVES AND WARRIORS","post_excerpt":"","post_status":"publish","comment_status":"closed","ping_status":"closed","post_password":"","post_name":"good-wives-and-warriors","to_ping":"","pinged":"","post_modified":"2022-10-14 15:25:49","post_modified_gmt":"2022-10-14 13:25:49","post_content_filtered":"","post_parent":0,"guid":"http:\/\/dev.claret.cat\/autor\/good-wives-and-warriors\/","menu_order":0,"post_type":"autor","post_mime_type":"","comment_count":"0","filter":"raw"},{"ID":162167,"post_author":"3","post_date":"2022-10-14 17:28:53","post_date_gmt":"2022-10-14 15:28:53","post_content":"","post_title":"LEWIS CARROLL","post_excerpt":"","post_status":"publish","comment_status":"closed","ping_status":"closed","post_password":"","post_name":"lewis-carroll","to_ping":"","pinged":"","post_modified":"2022-10-14 17:28:53","post_modified_gmt":"2022-10-14 15:28:53","post_content_filtered":"","post_parent":0,"guid":"http:\/\/dev.claret.cat\/autor\/lewis-carroll\/","menu_order":0,"post_type":"autor","post_mime_type":"","comment_count":"0","filter":"raw"}]},"aioseo_notices":[],"_links":{"self":[{"href":"https:\/\/www.claret.cat\/es\/wp-json\/wp\/v2\/product\/230667","targetHints":{"allow":["GET"]}}],"collection":[{"href":"https:\/\/www.claret.cat\/es\/wp-json\/wp\/v2\/product"}],"about":[{"href":"https:\/\/www.claret.cat\/es\/wp-json\/wp\/v2\/types\/product"}],"wp:featuredmedia":[{"embeddable":true,"href":"https:\/\/www.claret.cat\/es\/wp-json\/wp\/v2\/media\/230668"}],"wp:attachment":[{"href":"https:\/\/www.claret.cat\/es\/wp-json\/wp\/v2\/media?parent=230667"}],"wp:term":[{"taxonomy":"product_brand","embeddable":true,"href":"https:\/\/www.claret.cat\/es\/wp-json\/wp\/v2\/product_brand?post=230667"},{"taxonomy":"product_cat","embeddable":true,"href":"https:\/\/www.claret.cat\/es\/wp-json\/wp\/v2\/product_cat?post=230667"},{"taxonomy":"product_tag","embeddable":true,"href":"https:\/\/www.claret.cat\/es\/wp-json\/wp\/v2\/product_tag?post=230667"}],"curies":[{"name":"wp","href":"https:\/\/api.w.org\/{rel}","templated":true}]}}