{"id":230844,"date":"2022-10-20T19:34:06","date_gmt":"2022-10-20T17:34:06","guid":{"rendered":"http:\/\/dev.claret.cat\/producte\/polonia-4\/"},"modified":"2023-01-28T19:50:44","modified_gmt":"2023-01-28T18:50:44","slug":"polonia-4-9788408152101","status":"publish","type":"product","link":"https:\/\/www.claret.cat\/es\/libro\/polonia-4-9788408152101\/","title":{"rendered":"POLONIA 4"},"content":{"rendered":"<p>Las ra\u00edces de Polonia se remontan al primer cambio de milenio, ofreciendo al viajero otros mil a\u00f1os de legado hist\u00f3rico. Elegantes centros medievales como Cracovia y Gda?sk le disputan a la activa Varsovia el favor urbano del viajero. Fuera de las ciudades, bosques, r\u00edos, lagos y colinas incitan a disfrutar del aire libre. <br \/> Incluye:<br \/> .Actividades al aire libre.Arquitectura comunista.Comer como un polaco.Ciudades hist\u00f3ricas<\/p>\n","protected":false},"excerpt":{"rendered":"<p>DI DUCA, MARC \/ BAKER, MARK \/ RICHARDS, TIM<\/p>\n","protected":false},"featured_media":230845,"template":"","meta":{"_acf_changed":false,"om_disable_all_campaigns":false,"rs_blank_template":"","rs_page_bg_color":"","slide_template_v7":"","inline_featured_image":false,"_monsterinsights_skip_tracking":false,"_monsterinsights_sitenote_active":false,"_monsterinsights_sitenote_note":"","_monsterinsights_sitenote_category":0},"product_brand":[],"product_cat":[107],"product_tag":[],"class_list":{"0":"post-230844","1":"product","2":"type-product","3":"status-publish","4":"has-post-thumbnail","6":"product_cat-guies-de-viatge","8":"first","9":"instock","10":"taxable","11":"shipping-taxable","12":"purchasable","13":"product-type-simple"},"acf":{"autor":"DI DUCA, MARC \/ BAKER, MARK \/ RICHARDS, TIM","codart":"840815210","libros-coleccion":"","ediciones":"1","encuadernacion":"R\u00fastica","fecha_de_publicacion":"01\/07\/2016","novedad":"0","paginas":"472","subtitulo":"","orden":"999","portada":"0","idioma":"spa","editorial":[{"ID":8244,"post_author":"3","post_date":"2022-09-30 09:21:26","post_date_gmt":"2022-09-30 07:21:26","post_content":"","post_title":"GEOPLANETA EDITORIAL","post_excerpt":"","post_status":"publish","comment_status":"closed","ping_status":"closed","post_password":"","post_name":"geoplaneta-editorial","to_ping":"","pinged":"","post_modified":"2022-09-30 09:21:26","post_modified_gmt":"2022-09-30 07:21:26","post_content_filtered":"","post_parent":0,"guid":"http:\/\/dev.claret.cat\/editorial\/geoplaneta-editorial\/","menu_order":0,"post_type":"editorial","post_mime_type":"","comment_count":"0","filter":"raw"}],"autores-libros":[{"ID":163306,"post_author":"3","post_date":"2022-10-14 17:37:58","post_date_gmt":"2022-10-14 15:37:58","post_content":"","post_title":"MARC DI DUCA","post_excerpt":"","post_status":"publish","comment_status":"closed","ping_status":"closed","post_password":"","post_name":"marc-di-duca","to_ping":"","pinged":"","post_modified":"2022-10-14 17:37:58","post_modified_gmt":"2022-10-14 15:37:58","post_content_filtered":"","post_parent":0,"guid":"http:\/\/dev.claret.cat\/autor\/marc-di-duca\/","menu_order":0,"post_type":"autor","post_mime_type":"","comment_count":"0","filter":"raw"},{"ID":164060,"post_author":"3","post_date":"2022-10-14 17:44:02","post_date_gmt":"2022-10-14 15:44:02","post_content":"","post_title":"MARK BAKER","post_excerpt":"","post_status":"publish","comment_status":"closed","ping_status":"closed","post_password":"","post_name":"mark-baker","to_ping":"","pinged":"","post_modified":"2022-10-14 17:44:02","post_modified_gmt":"2022-10-14 15:44:02","post_content_filtered":"","post_parent":0,"guid":"http:\/\/dev.claret.cat\/autor\/mark-baker\/","menu_order":0,"post_type":"autor","post_mime_type":"","comment_count":"0","filter":"raw"}]},"aioseo_notices":[],"_links":{"self":[{"href":"https:\/\/www.claret.cat\/es\/wp-json\/wp\/v2\/product\/230844","targetHints":{"allow":["GET"]}}],"collection":[{"href":"https:\/\/www.claret.cat\/es\/wp-json\/wp\/v2\/product"}],"about":[{"href":"https:\/\/www.claret.cat\/es\/wp-json\/wp\/v2\/types\/product"}],"wp:featuredmedia":[{"embeddable":true,"href":"https:\/\/www.claret.cat\/es\/wp-json\/wp\/v2\/media\/230845"}],"wp:attachment":[{"href":"https:\/\/www.claret.cat\/es\/wp-json\/wp\/v2\/media?parent=230844"}],"wp:term":[{"taxonomy":"product_brand","embeddable":true,"href":"https:\/\/www.claret.cat\/es\/wp-json\/wp\/v2\/product_brand?post=230844"},{"taxonomy":"product_cat","embeddable":true,"href":"https:\/\/www.claret.cat\/es\/wp-json\/wp\/v2\/product_cat?post=230844"},{"taxonomy":"product_tag","embeddable":true,"href":"https:\/\/www.claret.cat\/es\/wp-json\/wp\/v2\/product_tag?post=230844"}],"curies":[{"name":"wp","href":"https:\/\/api.w.org\/{rel}","templated":true}]}}