{"id":230847,"date":"2022-10-20T19:34:10","date_gmt":"2022-10-20T17:34:10","guid":{"rendered":"http:\/\/dev.claret.cat\/producte\/lo-mejor-de-alemania-3\/"},"modified":"2023-01-28T20:47:28","modified_gmt":"2023-01-28T19:47:28","slug":"lo-mejor-de-alemania-3-9788408152156","status":"publish","type":"product","link":"https:\/\/www.claret.cat\/es\/libro\/lo-mejor-de-alemania-3-9788408152156\/","title":{"rendered":"LO MEJOR DE ALEMANIA 3"},"content":{"rendered":"<p>Hay algo art\u00edstico en la manera en que se despliega el paisaje alem\u00e1n; las sinuosas costas del norte, los cambiantes bosques, rom\u00e1nticos valles y extensos vi\u00f1edos del centro, y el esplendor de los Alpes. El viajero se topar\u00e1 con la historia en ciudades cuyas calles fueron trazadas hace milenios y en castillos que se ciernen sobre preciosos pueblos. Las grandes ciudades, como Berl\u00edn, M\u00fanich y Colonia, son muy variadas, pero todas maravillan al visitante con un inigualable caleidoscopio cultural. Sin duda, esta gu\u00eda se convertir\u00e1 en el aliado perfecto para disfrutar de todas estas experiencias sin perderse \u00ablo mejor de Alemania\u00bb.Incluye:.\u00a0Un nuevo dise\u00f1o, m\u00e1s claro y atractivo .\u00a0Los mejores itinerarios .\u00a0Mapa desplegable de Berl\u00edn .\u00a0Consejos de locales para vivir las experiencias m\u00e1s aut\u00e9nticas<\/p>\n","protected":false},"excerpt":{"rendered":"<p>DI DUCA, MARC \/ CHRISTIANI, KERRY \/ LE NEVEZ, CATHERINE \/ MASTERS, TOM \/ SCHULT<\/p>\n","protected":false},"featured_media":230848,"template":"","meta":{"_acf_changed":false,"om_disable_all_campaigns":false,"rs_blank_template":"","rs_page_bg_color":"","slide_template_v7":"","inline_featured_image":false,"_monsterinsights_skip_tracking":false,"_monsterinsights_sitenote_active":false,"_monsterinsights_sitenote_note":"","_monsterinsights_sitenote_category":0},"product_brand":[],"product_cat":[107],"product_tag":[],"class_list":{"0":"post-230847","1":"product","2":"type-product","3":"status-publish","4":"has-post-thumbnail","6":"product_cat-guies-de-viatge","8":"first","9":"instock","10":"taxable","11":"shipping-taxable","12":"purchasable","13":"product-type-simple"},"acf":{"autor":"DI DUCA, MARC \/ CHRISTIANI, KERRY \/ LE NEVEZ, CATHERINE \/ MASTERS, TOM \/ SCHULT","codart":"840815215","libros-coleccion":"","ediciones":"1","encuadernacion":"R\u00fastica","fecha_de_publicacion":"01\/07\/2016","novedad":"0","paginas":"324","subtitulo":"EXPERIENCIAS Y LUGARES AUT\u00c9NTICOS","orden":"999","portada":"0","idioma":"spa","editorial":[{"ID":8244,"post_author":"3","post_date":"2022-09-30 09:21:26","post_date_gmt":"2022-09-30 07:21:26","post_content":"","post_title":"GEOPLANETA EDITORIAL","post_excerpt":"","post_status":"publish","comment_status":"closed","ping_status":"closed","post_password":"","post_name":"geoplaneta-editorial","to_ping":"","pinged":"","post_modified":"2022-09-30 09:21:26","post_modified_gmt":"2022-09-30 07:21:26","post_content_filtered":"","post_parent":0,"guid":"http:\/\/dev.claret.cat\/editorial\/geoplaneta-editorial\/","menu_order":0,"post_type":"editorial","post_mime_type":"","comment_count":"0","filter":"raw"}],"autores-libros":[{"ID":163306,"post_author":"3","post_date":"2022-10-14 17:37:58","post_date_gmt":"2022-10-14 15:37:58","post_content":"","post_title":"MARC DI DUCA","post_excerpt":"","post_status":"publish","comment_status":"closed","ping_status":"closed","post_password":"","post_name":"marc-di-duca","to_ping":"","pinged":"","post_modified":"2022-10-14 17:37:58","post_modified_gmt":"2022-10-14 15:37:58","post_content_filtered":"","post_parent":0,"guid":"http:\/\/dev.claret.cat\/autor\/marc-di-duca\/","menu_order":0,"post_type":"autor","post_mime_type":"","comment_count":"0","filter":"raw"},{"ID":152593,"post_author":"3","post_date":"2022-10-14 14:50:01","post_date_gmt":"2022-10-14 12:50:01","post_content":"","post_title":"CATHERINE LE NEVEZ","post_excerpt":"","post_status":"publish","comment_status":"closed","ping_status":"closed","post_password":"","post_name":"catherine-le-nevez","to_ping":"","pinged":"","post_modified":"2022-10-14 14:50:01","post_modified_gmt":"2022-10-14 12:50:01","post_content_filtered":"","post_parent":0,"guid":"http:\/\/dev.claret.cat\/autor\/catherine-le-nevez\/","menu_order":0,"post_type":"autor","post_mime_type":"","comment_count":"0","filter":"raw"},{"ID":161644,"post_author":"3","post_date":"2022-10-14 17:19:53","post_date_gmt":"2022-10-14 15:19:53","post_content":"","post_title":"KERRY CHRISTIANI","post_excerpt":"","post_status":"publish","comment_status":"closed","ping_status":"closed","post_password":"","post_name":"kerry-christiani","to_ping":"","pinged":"","post_modified":"2022-10-14 17:19:53","post_modified_gmt":"2022-10-14 15:19:53","post_content_filtered":"","post_parent":0,"guid":"http:\/\/dev.claret.cat\/autor\/kerry-christiani\/","menu_order":0,"post_type":"autor","post_mime_type":"","comment_count":"0","filter":"raw"}]},"aioseo_notices":[],"_links":{"self":[{"href":"https:\/\/www.claret.cat\/es\/wp-json\/wp\/v2\/product\/230847","targetHints":{"allow":["GET"]}}],"collection":[{"href":"https:\/\/www.claret.cat\/es\/wp-json\/wp\/v2\/product"}],"about":[{"href":"https:\/\/www.claret.cat\/es\/wp-json\/wp\/v2\/types\/product"}],"wp:featuredmedia":[{"embeddable":true,"href":"https:\/\/www.claret.cat\/es\/wp-json\/wp\/v2\/media\/230848"}],"wp:attachment":[{"href":"https:\/\/www.claret.cat\/es\/wp-json\/wp\/v2\/media?parent=230847"}],"wp:term":[{"taxonomy":"product_brand","embeddable":true,"href":"https:\/\/www.claret.cat\/es\/wp-json\/wp\/v2\/product_brand?post=230847"},{"taxonomy":"product_cat","embeddable":true,"href":"https:\/\/www.claret.cat\/es\/wp-json\/wp\/v2\/product_cat?post=230847"},{"taxonomy":"product_tag","embeddable":true,"href":"https:\/\/www.claret.cat\/es\/wp-json\/wp\/v2\/product_tag?post=230847"}],"curies":[{"name":"wp","href":"https:\/\/api.w.org\/{rel}","templated":true}]}}