{"id":230928,"date":"2022-10-20T19:36:08","date_gmt":"2022-10-20T17:36:08","guid":{"rendered":"http:\/\/dev.claret.cat\/producte\/barcelona-eng\/"},"modified":"2023-01-28T18:01:58","modified_gmt":"2023-01-28T17:01:58","slug":"barcelona-eng-9788484787044","status":"publish","type":"product","link":"https:\/\/www.claret.cat\/es\/libro\/barcelona-eng-9788484787044\/","title":{"rendered":"BARCELONA (ENG)"},"content":{"rendered":"<p>Barcelona es la capital del Mediterr\u00e1neo y la joya del modernismo europeo. Para orientarse por ella nada mejor que esta gu\u00eda, cuyos pr\u00e1cticos m\u00e1s de veinte planos nos ayudan a transitar por el ambiente cosmopolita y el colorido local de sus barrios. La gu\u00eda nos descubre las obras de Gaud\u00ed, Picasso, Mir\u00f3 o T\u00e0pies; recomienda las mejores playas, jardines, museos y monumentos; asesora sobre la gastronom\u00eda local, desde el tapeo a los restaurantes con estrella Michelin; informa de la oferta teatral, musical, deportiva y festiva; rese\u00f1a los mejores comercios de todo tipo, desde las tiendas centenarias y con encanto hasta las m\u00e1s vanguardistas; y nos muestra los mejores atractivos tur\u00edsticos que nos ofrece el territorio cercano a Barcelona. Todo ello de manera \u00e1gil y asequible.<\/p>\n","protected":false},"excerpt":{"rendered":"<p>MOIX PUIG, LL\u00c0TZER \/ LIZ RODR\u00cdGUEZ, JOSEP \/ REGAS IGLESIAS, RICARD<\/p>\n","protected":false},"featured_media":230929,"template":"","meta":{"_acf_changed":false,"om_disable_all_campaigns":false,"rs_blank_template":"","rs_page_bg_color":"","slide_template_v7":"","inline_featured_image":false,"_monsterinsights_skip_tracking":false,"_monsterinsights_sitenote_active":false,"_monsterinsights_sitenote_note":"","_monsterinsights_sitenote_category":0},"product_brand":[],"product_cat":[107],"product_tag":[],"class_list":{"0":"post-230928","1":"product","2":"type-product","3":"status-publish","4":"has-post-thumbnail","6":"product_cat-guies-de-viatge","8":"first","9":"instock","10":"taxable","11":"shipping-taxable","12":"purchasable","13":"product-type-simple"},"acf":{"autor":"MOIX PUIG, LL\u00c0TZER \/ LIZ RODR\u00cdGUEZ, JOSEP \/ REGAS IGLESIAS, RICARD","codart":"848478704","libros-coleccion":"","ediciones":"1","encuadernacion":"R\u00fastica","fecha_de_publicacion":"01\/07\/2016","novedad":"0","paginas":"158","subtitulo":"THE CITY, MAP BY MAP. PRACTICAL GUIDE","orden":"999","portada":"0","idioma":"eng","editorial":[{"ID":148898,"post_author":"3","post_date":"2022-10-14 12:01:51","post_date_gmt":"2022-10-14 10:01:51","post_content":"","post_title":"TRIANGLE POSTALS","post_excerpt":"","post_status":"publish","comment_status":"closed","ping_status":"closed","post_password":"","post_name":"triangle-postals","to_ping":"","pinged":"","post_modified":"2022-10-14 12:01:51","post_modified_gmt":"2022-10-14 10:01:51","post_content_filtered":"","post_parent":0,"guid":"http:\/\/dev.claret.cat\/editorial\/triangle-postals\/","menu_order":0,"post_type":"editorial","post_mime_type":"","comment_count":"0","filter":"raw"}],"autores-libros":[{"ID":160692,"post_author":"3","post_date":"2022-10-14 15:55:07","post_date_gmt":"2022-10-14 13:55:07","post_content":"","post_title":"JOSEP LIZ RODR\u00cdGUEZ","post_excerpt":"","post_status":"publish","comment_status":"closed","ping_status":"closed","post_password":"","post_name":"josep-liz-rodriguez","to_ping":"","pinged":"","post_modified":"2022-10-14 15:55:07","post_modified_gmt":"2022-10-14 13:55:07","post_content_filtered":"","post_parent":0,"guid":"http:\/\/dev.claret.cat\/autor\/josep-liz-rodriguez\/","menu_order":0,"post_type":"autor","post_mime_type":"","comment_count":"0","filter":"raw"},{"ID":168031,"post_author":"3","post_date":"2022-10-14 18:15:58","post_date_gmt":"2022-10-14 16:15:58","post_content":"","post_title":"RICARD REGAS IGLESIAS","post_excerpt":"","post_status":"publish","comment_status":"closed","ping_status":"closed","post_password":"","post_name":"ricard-regas-iglesias","to_ping":"","pinged":"","post_modified":"2022-10-14 18:15:58","post_modified_gmt":"2022-10-14 16:15:58","post_content_filtered":"","post_parent":0,"guid":"http:\/\/dev.claret.cat\/autor\/ricard-regas-iglesias\/","menu_order":0,"post_type":"autor","post_mime_type":"","comment_count":"0","filter":"raw"}]},"aioseo_notices":[],"_links":{"self":[{"href":"https:\/\/www.claret.cat\/es\/wp-json\/wp\/v2\/product\/230928","targetHints":{"allow":["GET"]}}],"collection":[{"href":"https:\/\/www.claret.cat\/es\/wp-json\/wp\/v2\/product"}],"about":[{"href":"https:\/\/www.claret.cat\/es\/wp-json\/wp\/v2\/types\/product"}],"wp:featuredmedia":[{"embeddable":true,"href":"https:\/\/www.claret.cat\/es\/wp-json\/wp\/v2\/media\/230929"}],"wp:attachment":[{"href":"https:\/\/www.claret.cat\/es\/wp-json\/wp\/v2\/media?parent=230928"}],"wp:term":[{"taxonomy":"product_brand","embeddable":true,"href":"https:\/\/www.claret.cat\/es\/wp-json\/wp\/v2\/product_brand?post=230928"},{"taxonomy":"product_cat","embeddable":true,"href":"https:\/\/www.claret.cat\/es\/wp-json\/wp\/v2\/product_cat?post=230928"},{"taxonomy":"product_tag","embeddable":true,"href":"https:\/\/www.claret.cat\/es\/wp-json\/wp\/v2\/product_tag?post=230928"}],"curies":[{"name":"wp","href":"https:\/\/api.w.org\/{rel}","templated":true}]}}