{"id":230952,"date":"2022-10-20T19:36:43","date_gmt":"2022-10-20T17:36:43","guid":{"rendered":"http:\/\/dev.claret.cat\/producte\/la-ville-de-gaudi\/"},"modified":"2023-01-28T13:07:51","modified_gmt":"2023-01-28T12:07:51","slug":"la-ville-de-gaudi-9788484787228","status":"publish","type":"product","link":"https:\/\/www.claret.cat\/es\/libro\/la-ville-de-gaudi-9788484787228\/","title":{"rendered":"LA VILLE DE GAUD\u00cd"},"content":{"rendered":"<p>Barcelona \u00e9s un mosaic de paisatges i ambients: el port i la Rambla, el circuit g\u00f2tic de Ciutat Vella, l?Eixample, el Modernisme i Gaud\u00ed, l?urbanisme ol\u00edmpic, els museus i les escultures, l?oci i la nit? Un complet reportatge visual complementat amb mapes generals i tem\u00e0tics de la ciutat. Gaudiu Barcelona ara tamb\u00e9 en un nou format m\u00e9s gran, nou disseny i noves fotografies.<\/p>\n","protected":false},"excerpt":{"rendered":"<p>VIVAS ORTIZ, PERE \/ MOIX PUIG, LL\u00c0TZER<\/p>\n","protected":false},"featured_media":230953,"template":"","meta":{"_acf_changed":false,"om_disable_all_campaigns":false,"rs_blank_template":"","rs_page_bg_color":"","slide_template_v7":"","inline_featured_image":false,"_monsterinsights_skip_tracking":false,"_monsterinsights_sitenote_active":false,"_monsterinsights_sitenote_note":"","_monsterinsights_sitenote_category":0},"product_brand":[],"product_cat":[107],"product_tag":[],"class_list":{"0":"post-230952","1":"product","2":"type-product","3":"status-publish","4":"has-post-thumbnail","6":"product_cat-guies-de-viatge","8":"first","9":"instock","10":"taxable","11":"shipping-taxable","12":"purchasable","13":"product-type-simple"},"acf":{"autor":"VIVAS ORTIZ, PERE \/ MOIX PUIG, LL\u00c0TZER","codart":"848478722","libros-coleccion":"","ediciones":"1","encuadernacion":"R\u00fastica","fecha_de_publicacion":"01\/07\/2016","novedad":"0","paginas":"240","subtitulo":"","orden":"999","portada":"0","idioma":"fre","editorial":[{"ID":148898,"post_author":"3","post_date":"2022-10-14 12:01:51","post_date_gmt":"2022-10-14 10:01:51","post_content":"","post_title":"TRIANGLE POSTALS","post_excerpt":"","post_status":"publish","comment_status":"closed","ping_status":"closed","post_password":"","post_name":"triangle-postals","to_ping":"","pinged":"","post_modified":"2022-10-14 12:01:51","post_modified_gmt":"2022-10-14 10:01:51","post_content_filtered":"","post_parent":0,"guid":"http:\/\/dev.claret.cat\/editorial\/triangle-postals\/","menu_order":0,"post_type":"editorial","post_mime_type":"","comment_count":"0","filter":"raw"}],"autores-libros":[{"ID":167048,"post_author":"3","post_date":"2022-10-14 18:08:07","post_date_gmt":"2022-10-14 16:08:07","post_content":"","post_title":"PERE VIVAS ORTIZ","post_excerpt":"","post_status":"publish","comment_status":"closed","ping_status":"closed","post_password":"","post_name":"pere-vivas-ortiz","to_ping":"","pinged":"","post_modified":"2022-10-14 18:08:07","post_modified_gmt":"2022-10-14 16:08:07","post_content_filtered":"","post_parent":0,"guid":"http:\/\/dev.claret.cat\/autor\/pere-vivas-ortiz\/","menu_order":0,"post_type":"autor","post_mime_type":"","comment_count":"0","filter":"raw"}]},"aioseo_notices":[],"_links":{"self":[{"href":"https:\/\/www.claret.cat\/es\/wp-json\/wp\/v2\/product\/230952","targetHints":{"allow":["GET"]}}],"collection":[{"href":"https:\/\/www.claret.cat\/es\/wp-json\/wp\/v2\/product"}],"about":[{"href":"https:\/\/www.claret.cat\/es\/wp-json\/wp\/v2\/types\/product"}],"wp:featuredmedia":[{"embeddable":true,"href":"https:\/\/www.claret.cat\/es\/wp-json\/wp\/v2\/media\/230953"}],"wp:attachment":[{"href":"https:\/\/www.claret.cat\/es\/wp-json\/wp\/v2\/media?parent=230952"}],"wp:term":[{"taxonomy":"product_brand","embeddable":true,"href":"https:\/\/www.claret.cat\/es\/wp-json\/wp\/v2\/product_brand?post=230952"},{"taxonomy":"product_cat","embeddable":true,"href":"https:\/\/www.claret.cat\/es\/wp-json\/wp\/v2\/product_cat?post=230952"},{"taxonomy":"product_tag","embeddable":true,"href":"https:\/\/www.claret.cat\/es\/wp-json\/wp\/v2\/product_tag?post=230952"}],"curies":[{"name":"wp","href":"https:\/\/api.w.org\/{rel}","templated":true}]}}