{"id":230979,"date":"2022-10-20T19:37:22","date_gmt":"2022-10-20T17:37:22","guid":{"rendered":"http:\/\/dev.claret.cat\/producte\/tot-el-que-cal-saber-per-cantar-en-una-coral\/"},"modified":"2024-05-22T16:11:48","modified_gmt":"2024-05-22T14:11:48","slug":"tot-el-que-cal-saber-per-cantar-en-una-coral-9788498838534","status":"publish","type":"product","link":"https:\/\/www.claret.cat\/es\/libro\/tot-el-que-cal-saber-per-cantar-en-una-coral-9788498838534\/","title":{"rendered":"TOT EL QUE CAL SABER PER CANTAR EN UNA CORAL"},"content":{"rendered":"<p>Tothom pot cantar en una coral. Hi ha sempre una coral per a cada aspirant a cantaire que la busqui. En aquest llibre, Teresa Forns, se serveix de la seva llarga experi\u00e8ncia com a directora de corals per a confeccionar un breu i entenedor manual per a cantaires. Hi trobarem una mica d&#8221;hist\u00f2ria del cant coral, nocions de t\u00e8cnica vocal, exercicis, i tamb\u00e9 consells per a l&#8221;organitzaci\u00f3 i la gesti\u00f3 d&#8221;una coral.<\/p>\n","protected":false},"excerpt":{"rendered":"<p>LLOBET FORNS, TERESA<\/p>\n","protected":false},"featured_media":368915,"template":"","meta":{"_acf_changed":false,"om_disable_all_campaigns":false,"rs_blank_template":"","rs_page_bg_color":"","slide_template_v7":"","inline_featured_image":false,"_monsterinsights_skip_tracking":false,"_monsterinsights_sitenote_active":false,"_monsterinsights_sitenote_note":"","_monsterinsights_sitenote_category":0},"product_brand":[],"product_cat":[111,332],"product_tag":[],"class_list":{"0":"post-230979","1":"product","2":"type-product","3":"status-publish","4":"has-post-thumbnail","6":"product_cat-musica","7":"product_cat-musica-4_escolar-spa","9":"first","10":"instock","11":"taxable","12":"shipping-taxable","13":"purchasable","14":"product-type-simple"},"acf":{"autor":"LLOBET FORNS, TERESA","codart":"849883853","libros-coleccion":"","ediciones":"1","encuadernacion":"R\u00fastica","fecha_de_publicacion":"01\/07\/2016","novedad":"0","paginas":"0","subtitulo":"","orden":"999","portada":"0","idioma":"cat","editorial":[{"ID":8266,"post_author":"3","post_date":"2022-09-30 09:21:36","post_date_gmt":"2022-09-30 07:21:36","post_content":"","post_title":"PUBLICACIONS DE L'ABADIA DE MONTSERRAT","post_excerpt":"","post_status":"publish","comment_status":"closed","ping_status":"closed","post_password":"","post_name":"publicacions-de-labadia-de-montserrat-5","to_ping":"","pinged":"","post_modified":"2022-09-30 09:21:36","post_modified_gmt":"2022-09-30 07:21:36","post_content_filtered":"","post_parent":0,"guid":"http:\/\/dev.claret.cat\/editorial\/publicacions-de-labadia-de-montserrat-5\/","menu_order":0,"post_type":"editorial","post_mime_type":"","comment_count":"0","filter":"raw"}],"autores-libros":[{"ID":323841,"post_author":"3","post_date":"2023-01-03 05:57:33","post_date_gmt":"2023-01-03 04:57:33","post_content":"","post_title":"TERESA LLOBET FORNS","post_excerpt":"","post_status":"publish","comment_status":"closed","ping_status":"closed","post_password":"","post_name":"teresa-llobet-forns","to_ping":"","pinged":"","post_modified":"2023-01-03 05:57:33","post_modified_gmt":"2023-01-03 04:57:33","post_content_filtered":"","post_parent":0,"guid":"https:\/\/www.claret.cat\/autor\/teresa-llobet-forns\/","menu_order":0,"post_type":"autor","post_mime_type":"","comment_count":"0","filter":"raw"}]},"aioseo_notices":[],"_links":{"self":[{"href":"https:\/\/www.claret.cat\/es\/wp-json\/wp\/v2\/product\/230979","targetHints":{"allow":["GET"]}}],"collection":[{"href":"https:\/\/www.claret.cat\/es\/wp-json\/wp\/v2\/product"}],"about":[{"href":"https:\/\/www.claret.cat\/es\/wp-json\/wp\/v2\/types\/product"}],"wp:featuredmedia":[{"embeddable":true,"href":"https:\/\/www.claret.cat\/es\/wp-json\/wp\/v2\/media\/368915"}],"wp:attachment":[{"href":"https:\/\/www.claret.cat\/es\/wp-json\/wp\/v2\/media?parent=230979"}],"wp:term":[{"taxonomy":"product_brand","embeddable":true,"href":"https:\/\/www.claret.cat\/es\/wp-json\/wp\/v2\/product_brand?post=230979"},{"taxonomy":"product_cat","embeddable":true,"href":"https:\/\/www.claret.cat\/es\/wp-json\/wp\/v2\/product_cat?post=230979"},{"taxonomy":"product_tag","embeddable":true,"href":"https:\/\/www.claret.cat\/es\/wp-json\/wp\/v2\/product_tag?post=230979"}],"curies":[{"name":"wp","href":"https:\/\/api.w.org\/{rel}","templated":true}]}}