{"id":231180,"date":"2022-10-20T19:42:24","date_gmt":"2022-10-20T17:42:24","guid":{"rendered":"http:\/\/dev.claret.cat\/producte\/munich-baviera-y-la-selva-negra-2\/"},"modified":"2023-01-28T23:08:12","modified_gmt":"2023-01-28T22:08:12","slug":"munich-baviera-y-la-selva-negra-2-9788408152125","status":"publish","type":"product","link":"https:\/\/www.claret.cat\/es\/libro\/munich-baviera-y-la-selva-negra-2-9788408152125\/","title":{"rendered":"M\u00daNICH, BAVIERA Y LA SELVA NEGRA 2"},"content":{"rendered":"<p>Tal vez sea por las colinas y los senderos con olor a abeto de la Selva Negra y el Bosque B\u00e1varo, por la cerveza de Franconia y el oscuro turismo de N\u00faremberg o por la conmovedora y tr\u00e1gica historia de Luis II. O quiz\u00e1s sea por la admiraci\u00f3n envidiosa ante la capacidad del sur de Alemania de fabricar autom\u00f3viles o por sus galer\u00edas llenas de arte moderno. El sur de Alemania combina tradici\u00f3n entra\u00f1able y modernidad l\u00facida como ning\u00fan otro lugar del mundo.<br \/> Incluye: .\u00a0Palacios rom\u00e1nticos .\u00a0Informaci\u00f3n sobre la Oktoberfest .\u00a0Cap\u00edtulos sobre actividades al aire libre, comida y bebida, etc.<\/p>\n","protected":false},"excerpt":{"rendered":"<p>CHRISTIANI, KERRY \/ DI DUCA, MARC<\/p>\n","protected":false},"featured_media":231181,"template":"","meta":{"_acf_changed":false,"om_disable_all_campaigns":false,"rs_blank_template":"","rs_page_bg_color":"","slide_template_v7":"","inline_featured_image":false,"_monsterinsights_skip_tracking":false,"_monsterinsights_sitenote_active":false,"_monsterinsights_sitenote_note":"","_monsterinsights_sitenote_category":0},"product_brand":[],"product_cat":[107],"product_tag":[],"class_list":{"0":"post-231180","1":"product","2":"type-product","3":"status-publish","4":"has-post-thumbnail","6":"product_cat-guies-de-viatge","8":"first","9":"instock","10":"taxable","11":"shipping-taxable","12":"purchasable","13":"product-type-simple"},"acf":{"autor":"CHRISTIANI, KERRY \/ DI DUCA, MARC","codart":"840815212","libros-coleccion":"","ediciones":"1","encuadernacion":"R\u00fastica","fecha_de_publicacion":"01\/07\/2016","novedad":"0","paginas":"336","subtitulo":"","orden":"999","portada":"0","idioma":"spa","editorial":[{"ID":8244,"post_author":"3","post_date":"2022-09-30 09:21:26","post_date_gmt":"2022-09-30 07:21:26","post_content":"","post_title":"GEOPLANETA EDITORIAL","post_excerpt":"","post_status":"publish","comment_status":"closed","ping_status":"closed","post_password":"","post_name":"geoplaneta-editorial","to_ping":"","pinged":"","post_modified":"2022-09-30 09:21:26","post_modified_gmt":"2022-09-30 07:21:26","post_content_filtered":"","post_parent":0,"guid":"http:\/\/dev.claret.cat\/editorial\/geoplaneta-editorial\/","menu_order":0,"post_type":"editorial","post_mime_type":"","comment_count":"0","filter":"raw"}],"autores-libros":[{"ID":163306,"post_author":"3","post_date":"2022-10-14 17:37:58","post_date_gmt":"2022-10-14 15:37:58","post_content":"","post_title":"MARC DI DUCA","post_excerpt":"","post_status":"publish","comment_status":"closed","ping_status":"closed","post_password":"","post_name":"marc-di-duca","to_ping":"","pinged":"","post_modified":"2022-10-14 17:37:58","post_modified_gmt":"2022-10-14 15:37:58","post_content_filtered":"","post_parent":0,"guid":"http:\/\/dev.claret.cat\/autor\/marc-di-duca\/","menu_order":0,"post_type":"autor","post_mime_type":"","comment_count":"0","filter":"raw"},{"ID":161644,"post_author":"3","post_date":"2022-10-14 17:19:53","post_date_gmt":"2022-10-14 15:19:53","post_content":"","post_title":"KERRY CHRISTIANI","post_excerpt":"","post_status":"publish","comment_status":"closed","ping_status":"closed","post_password":"","post_name":"kerry-christiani","to_ping":"","pinged":"","post_modified":"2022-10-14 17:19:53","post_modified_gmt":"2022-10-14 15:19:53","post_content_filtered":"","post_parent":0,"guid":"http:\/\/dev.claret.cat\/autor\/kerry-christiani\/","menu_order":0,"post_type":"autor","post_mime_type":"","comment_count":"0","filter":"raw"}]},"aioseo_notices":[],"_links":{"self":[{"href":"https:\/\/www.claret.cat\/es\/wp-json\/wp\/v2\/product\/231180","targetHints":{"allow":["GET"]}}],"collection":[{"href":"https:\/\/www.claret.cat\/es\/wp-json\/wp\/v2\/product"}],"about":[{"href":"https:\/\/www.claret.cat\/es\/wp-json\/wp\/v2\/types\/product"}],"wp:featuredmedia":[{"embeddable":true,"href":"https:\/\/www.claret.cat\/es\/wp-json\/wp\/v2\/media\/231181"}],"wp:attachment":[{"href":"https:\/\/www.claret.cat\/es\/wp-json\/wp\/v2\/media?parent=231180"}],"wp:term":[{"taxonomy":"product_brand","embeddable":true,"href":"https:\/\/www.claret.cat\/es\/wp-json\/wp\/v2\/product_brand?post=231180"},{"taxonomy":"product_cat","embeddable":true,"href":"https:\/\/www.claret.cat\/es\/wp-json\/wp\/v2\/product_cat?post=231180"},{"taxonomy":"product_tag","embeddable":true,"href":"https:\/\/www.claret.cat\/es\/wp-json\/wp\/v2\/product_tag?post=231180"}],"curies":[{"name":"wp","href":"https:\/\/api.w.org\/{rel}","templated":true}]}}