{"id":231183,"date":"2022-10-20T19:42:29","date_gmt":"2022-10-20T17:42:29","guid":{"rendered":"http:\/\/dev.claret.cat\/producte\/peru-6\/"},"modified":"2023-01-28T22:46:10","modified_gmt":"2023-01-28T21:46:10","slug":"peru-6-9788408152132","status":"publish","type":"product","link":"https:\/\/www.claret.cat\/es\/libro\/peru-6-9788408152132\/","title":{"rendered":"PER\u00da 6"},"content":{"rendered":"<p>La gloriosa ciudadela inca de Machu Picchu representa tan solo un fragmento de los 5000 a\u00f1os de historia de Per\u00fa, un pa\u00eds tan complejo como sus m\u00e1s intricados y exquisitos tejidos: los festivales dan vida a antiguos ritos, la vanguardia urbana irradia innovaci\u00f3n y la naturaleza rebosa de espl\u00e9ndida diversidad. Sus paisajes de naturaleza salvaje, desde los picos nevados de los Andes a la profunda Amazonia, refuerzan la conexi\u00f3n con el mundo natural.<br \/> Incluye: .\u00a0Machu Picchu en 3D.\u00a0Rutas por el Camino Inca.\u00a0Per\u00fa al aire libre.\u00a0La cocina de Per\u00fa<\/p>\n","protected":false},"excerpt":{"rendered":"<p>MCCARTHY, CAROLYN \/ BENCHWICK, GREG \/ EGERTON, ALEX \/ TANG, PHILLIP \/ WATERSON,<\/p>\n","protected":false},"featured_media":231184,"template":"","meta":{"_acf_changed":false,"om_disable_all_campaigns":false,"rs_blank_template":"","rs_page_bg_color":"","slide_template_v7":"","inline_featured_image":false,"_monsterinsights_skip_tracking":false,"_monsterinsights_sitenote_active":false,"_monsterinsights_sitenote_note":"","_monsterinsights_sitenote_category":0},"product_brand":[],"product_cat":[107],"product_tag":[],"class_list":{"0":"post-231183","1":"product","2":"type-product","3":"status-publish","4":"has-post-thumbnail","6":"product_cat-guies-de-viatge","8":"first","9":"instock","10":"taxable","11":"shipping-taxable","12":"purchasable","13":"product-type-simple"},"acf":{"autor":"MCCARTHY, CAROLYN \/ BENCHWICK, GREG \/ EGERTON, ALEX \/ TANG, PHILLIP \/ WATERSON,","codart":"840815213","libros-coleccion":"","ediciones":"1","encuadernacion":"R\u00fastica","fecha_de_publicacion":"01\/07\/2016","novedad":"0","paginas":"584","subtitulo":"","orden":"999","portada":"0","idioma":"spa","editorial":[{"ID":8244,"post_author":"3","post_date":"2022-09-30 09:21:26","post_date_gmt":"2022-09-30 07:21:26","post_content":"","post_title":"GEOPLANETA EDITORIAL","post_excerpt":"","post_status":"publish","comment_status":"closed","ping_status":"closed","post_password":"","post_name":"geoplaneta-editorial","to_ping":"","pinged":"","post_modified":"2022-09-30 09:21:26","post_modified_gmt":"2022-09-30 07:21:26","post_content_filtered":"","post_parent":0,"guid":"http:\/\/dev.claret.cat\/editorial\/geoplaneta-editorial\/","menu_order":0,"post_type":"editorial","post_mime_type":"","comment_count":"0","filter":"raw"}],"autores-libros":[{"ID":149635,"post_author":"3","post_date":"2022-10-14 14:26:29","post_date_gmt":"2022-10-14 12:26:29","post_content":"","post_title":"ALEX EGERTON","post_excerpt":"","post_status":"publish","comment_status":"closed","ping_status":"closed","post_password":"","post_name":"alex-egerton","to_ping":"","pinged":"","post_modified":"2022-10-14 14:26:29","post_modified_gmt":"2022-10-14 12:26:29","post_content_filtered":"","post_parent":0,"guid":"http:\/\/dev.claret.cat\/autor\/alex-egerton\/","menu_order":0,"post_type":"autor","post_mime_type":"","comment_count":"0","filter":"raw"},{"ID":167214,"post_author":"3","post_date":"2022-10-14 18:09:26","post_date_gmt":"2022-10-14 16:09:26","post_content":"","post_title":"PHILLIP TANG","post_excerpt":"","post_status":"publish","comment_status":"closed","ping_status":"closed","post_password":"","post_name":"phillip-tang","to_ping":"","pinged":"","post_modified":"2022-10-14 18:09:26","post_modified_gmt":"2022-10-14 16:09:26","post_content_filtered":"","post_parent":0,"guid":"http:\/\/dev.claret.cat\/autor\/phillip-tang\/","menu_order":0,"post_type":"autor","post_mime_type":"","comment_count":"0","filter":"raw"},{"ID":152519,"post_author":"3","post_date":"2022-10-14 14:49:25","post_date_gmt":"2022-10-14 12:49:25","post_content":"","post_title":"CAROLYN MCCARTHY","post_excerpt":"","post_status":"publish","comment_status":"closed","ping_status":"closed","post_password":"","post_name":"carolyn-mccarthy","to_ping":"","pinged":"","post_modified":"2022-10-14 14:49:25","post_modified_gmt":"2022-10-14 12:49:25","post_content_filtered":"","post_parent":0,"guid":"http:\/\/dev.claret.cat\/autor\/carolyn-mccarthy\/","menu_order":0,"post_type":"autor","post_mime_type":"","comment_count":"0","filter":"raw"},{"ID":157111,"post_author":"3","post_date":"2022-10-14 15:26:12","post_date_gmt":"2022-10-14 13:26:12","post_content":"","post_title":"GREG BENCHWICK","post_excerpt":"","post_status":"publish","comment_status":"closed","ping_status":"closed","post_password":"","post_name":"greg-benchwick","to_ping":"","pinged":"","post_modified":"2022-10-14 15:26:12","post_modified_gmt":"2022-10-14 13:26:12","post_content_filtered":"","post_parent":0,"guid":"http:\/\/dev.claret.cat\/autor\/greg-benchwick\/","menu_order":0,"post_type":"autor","post_mime_type":"","comment_count":"0","filter":"raw"}]},"aioseo_notices":[],"_links":{"self":[{"href":"https:\/\/www.claret.cat\/es\/wp-json\/wp\/v2\/product\/231183","targetHints":{"allow":["GET"]}}],"collection":[{"href":"https:\/\/www.claret.cat\/es\/wp-json\/wp\/v2\/product"}],"about":[{"href":"https:\/\/www.claret.cat\/es\/wp-json\/wp\/v2\/types\/product"}],"wp:featuredmedia":[{"embeddable":true,"href":"https:\/\/www.claret.cat\/es\/wp-json\/wp\/v2\/media\/231184"}],"wp:attachment":[{"href":"https:\/\/www.claret.cat\/es\/wp-json\/wp\/v2\/media?parent=231183"}],"wp:term":[{"taxonomy":"product_brand","embeddable":true,"href":"https:\/\/www.claret.cat\/es\/wp-json\/wp\/v2\/product_brand?post=231183"},{"taxonomy":"product_cat","embeddable":true,"href":"https:\/\/www.claret.cat\/es\/wp-json\/wp\/v2\/product_cat?post=231183"},{"taxonomy":"product_tag","embeddable":true,"href":"https:\/\/www.claret.cat\/es\/wp-json\/wp\/v2\/product_tag?post=231183"}],"curies":[{"name":"wp","href":"https:\/\/api.w.org\/{rel}","templated":true}]}}