{"id":231210,"date":"2022-10-20T19:43:07","date_gmt":"2022-10-20T17:43:07","guid":{"rendered":"http:\/\/dev.claret.cat\/producte\/la-buena-compania\/"},"modified":"2023-01-28T11:20:19","modified_gmt":"2023-01-28T10:20:19","slug":"la-buena-compania-9788416685639","status":"publish","type":"product","link":"https:\/\/www.claret.cat\/es\/libro\/la-buena-compania-9788416685639\/","title":{"rendered":"LA BUENA COMPA\u00d1\u00cdA"},"content":{"rendered":"<p>La poes\u00eda de Luis Garc\u00eda Montero (Granada, 1958) tiene la habilidad de aludir personalmente a cada lector, porque le habla en su idioma cotidiano de situaciones cotidianas, sobre las que reflexiona hasta convertirlas en extraordinarias. Sencillez, complicidad y compromiso constituyen, pues, las se\u00f1as de identidad del poeta espa\u00f1ol m\u00e1s conocido y reconocido de las \u00faltimas d\u00e9cadas, tanto en Espa\u00f1a como en Hispanoam\u00e9rica.<br \/> En el presente volumen se re\u00fanen, como en un \u00e1lbum, estampas ordenadas en torno a cinco bloques tem\u00e1ticos: la identidad del personaje, la religi\u00f3n de la palabra, las ciudades del viajero, las edades del hombre y el amor. M\u00e1s de cien ejemplos, en fin, de Luis Garc\u00eda Montero, ese vecino siempre dispuesto a hacernos compa\u00f1\u00eda.    <br \/> Rafael Espejo<\/p>\n","protected":false},"excerpt":{"rendered":"<p>GARC\u00cdA MONTERO, LUIS<\/p>\n","protected":false},"featured_media":231211,"template":"","meta":{"_acf_changed":false,"om_disable_all_campaigns":false,"rs_blank_template":"","rs_page_bg_color":"","slide_template_v7":"","inline_featured_image":false,"_monsterinsights_skip_tracking":false,"_monsterinsights_sitenote_active":false,"_monsterinsights_sitenote_note":"","_monsterinsights_sitenote_category":0},"product_brand":[],"product_cat":[87],"product_tag":[],"class_list":{"0":"post-231210","1":"product","2":"type-product","3":"status-publish","4":"has-post-thumbnail","6":"product_cat-literatura","8":"first","9":"instock","10":"taxable","11":"shipping-taxable","12":"purchasable","13":"product-type-simple"},"acf":{"autor":"GARC\u00cdA MONTERO, LUIS","codart":"841668563","libros-coleccion":"","ediciones":"1","encuadernacion":"R\u00fastica","fecha_de_publicacion":"01\/07\/2016","novedad":"0","paginas":"332","subtitulo":"ANTOLOG\u00cdA PO\u00c9TICA","orden":"999","portada":"0","idioma":"spa","autores-libros":[{"ID":162719,"post_author":"3","post_date":"2022-10-14 17:33:15","post_date_gmt":"2022-10-14 15:33:15","post_content":"","post_title":"LUIS GARC\u00cdA MONTERO","post_excerpt":"","post_status":"publish","comment_status":"closed","ping_status":"closed","post_password":"","post_name":"luis-garcia-montero","to_ping":"","pinged":"","post_modified":"2022-10-14 17:33:15","post_modified_gmt":"2022-10-14 15:33:15","post_content_filtered":"","post_parent":0,"guid":"http:\/\/dev.claret.cat\/autor\/luis-garcia-montero\/","menu_order":0,"post_type":"autor","post_mime_type":"","comment_count":"0","filter":"raw"}]},"aioseo_notices":[],"_links":{"self":[{"href":"https:\/\/www.claret.cat\/es\/wp-json\/wp\/v2\/product\/231210","targetHints":{"allow":["GET"]}}],"collection":[{"href":"https:\/\/www.claret.cat\/es\/wp-json\/wp\/v2\/product"}],"about":[{"href":"https:\/\/www.claret.cat\/es\/wp-json\/wp\/v2\/types\/product"}],"wp:featuredmedia":[{"embeddable":true,"href":"https:\/\/www.claret.cat\/es\/wp-json\/wp\/v2\/media\/231211"}],"wp:attachment":[{"href":"https:\/\/www.claret.cat\/es\/wp-json\/wp\/v2\/media?parent=231210"}],"wp:term":[{"taxonomy":"product_brand","embeddable":true,"href":"https:\/\/www.claret.cat\/es\/wp-json\/wp\/v2\/product_brand?post=231210"},{"taxonomy":"product_cat","embeddable":true,"href":"https:\/\/www.claret.cat\/es\/wp-json\/wp\/v2\/product_cat?post=231210"},{"taxonomy":"product_tag","embeddable":true,"href":"https:\/\/www.claret.cat\/es\/wp-json\/wp\/v2\/product_tag?post=231210"}],"curies":[{"name":"wp","href":"https:\/\/api.w.org\/{rel}","templated":true}]}}