{"id":231222,"date":"2022-10-20T19:43:24","date_gmt":"2022-10-20T17:43:24","guid":{"rendered":"http:\/\/dev.claret.cat\/producte\/murk-el-hombre-del-pantano\/"},"modified":"2023-01-28T01:48:47","modified_gmt":"2023-01-28T00:48:47","slug":"murk-el-hombre-del-pantano-9788408157328","status":"publish","type":"product","link":"https:\/\/www.claret.cat\/es\/libro\/murk-el-hombre-del-pantano-9788408157328\/","title":{"rendered":"MURK. EL HOMBRE DEL PANTANO"},"content":{"rendered":"<p>Por dondequiera que va, Tom solo encuentra ruinas y destrucci\u00f3n, obra del Brujo Velmal. Tom no solo deber\u00e1 enfrentarse a Murk, el hombre del pantano, sino tambi\u00e9n al asesino que han enviado a matarlo?<\/p>\n","protected":false},"excerpt":{"rendered":"<p>BLADE, ADAM<\/p>\n","protected":false},"featured_media":231223,"template":"","meta":{"_acf_changed":false,"om_disable_all_campaigns":false,"rs_blank_template":"","rs_page_bg_color":"","slide_template_v7":"","inline_featured_image":false,"_monsterinsights_skip_tracking":false,"_monsterinsights_sitenote_active":false,"_monsterinsights_sitenote_note":"","_monsterinsights_sitenote_category":0},"product_brand":[],"product_cat":[86],"product_tag":[],"class_list":{"0":"post-231222","1":"product","2":"type-product","3":"status-publish","4":"has-post-thumbnail","6":"product_cat-infantil","8":"first","9":"instock","10":"taxable","11":"shipping-taxable","12":"purchasable","13":"product-type-simple"},"acf":{"autor":"BLADE, ADAM","codart":"840815732","libros-coleccion":"","ediciones":"1","encuadernacion":"R\u00fastica","fecha_de_publicacion":"01\/07\/2016","novedad":"0","paginas":"128","subtitulo":"BUSCAFIERAS 34","orden":"999","portada":"0","idioma":"spa","editorial":[{"ID":6182,"post_author":"3","post_date":"2022-07-28 17:46:40","post_date_gmt":"2022-07-28 15:46:40","post_content":"","post_title":"DESTINO, S.L.","post_excerpt":"","post_status":"publish","comment_status":"closed","ping_status":"closed","post_password":"","post_name":"destino-s-l","to_ping":"","pinged":"","post_modified":"2022-07-28 17:46:40","post_modified_gmt":"2022-07-28 15:46:40","post_content_filtered":"","post_parent":0,"guid":"http:\/\/dev.claret.cat\/editorial\/destino-s-l\/","menu_order":0,"post_type":"editorial","post_mime_type":"","comment_count":"0","filter":"raw"}],"autores-libros":[{"ID":149108,"post_author":"3","post_date":"2022-10-14 14:22:13","post_date_gmt":"2022-10-14 12:22:13","post_content":"","post_title":"ADAM BLADE","post_excerpt":"","post_status":"publish","comment_status":"closed","ping_status":"closed","post_password":"","post_name":"adam-blade","to_ping":"","pinged":"","post_modified":"2022-10-14 14:22:13","post_modified_gmt":"2022-10-14 12:22:13","post_content_filtered":"","post_parent":0,"guid":"http:\/\/dev.claret.cat\/autor\/adam-blade\/","menu_order":0,"post_type":"autor","post_mime_type":"","comment_count":"0","filter":"raw"}]},"aioseo_notices":[],"_links":{"self":[{"href":"https:\/\/www.claret.cat\/es\/wp-json\/wp\/v2\/product\/231222","targetHints":{"allow":["GET"]}}],"collection":[{"href":"https:\/\/www.claret.cat\/es\/wp-json\/wp\/v2\/product"}],"about":[{"href":"https:\/\/www.claret.cat\/es\/wp-json\/wp\/v2\/types\/product"}],"wp:featuredmedia":[{"embeddable":true,"href":"https:\/\/www.claret.cat\/es\/wp-json\/wp\/v2\/media\/231223"}],"wp:attachment":[{"href":"https:\/\/www.claret.cat\/es\/wp-json\/wp\/v2\/media?parent=231222"}],"wp:term":[{"taxonomy":"product_brand","embeddable":true,"href":"https:\/\/www.claret.cat\/es\/wp-json\/wp\/v2\/product_brand?post=231222"},{"taxonomy":"product_cat","embeddable":true,"href":"https:\/\/www.claret.cat\/es\/wp-json\/wp\/v2\/product_cat?post=231222"},{"taxonomy":"product_tag","embeddable":true,"href":"https:\/\/www.claret.cat\/es\/wp-json\/wp\/v2\/product_tag?post=231222"}],"curies":[{"name":"wp","href":"https:\/\/api.w.org\/{rel}","templated":true}]}}