{"id":231258,"date":"2022-10-20T19:44:17","date_gmt":"2022-10-20T17:44:17","guid":{"rendered":"http:\/\/dev.claret.cat\/producte\/lesglesia-del-mar-edicio-commemorativa-10e-aniversari-2\/"},"modified":"2023-01-28T00:52:21","modified_gmt":"2023-01-27T23:52:21","slug":"lesglesia-del-mar-edicio-commemorativa-10e-aniversari-9788466337359","status":"publish","type":"product","link":"https:\/\/www.claret.cat\/es\/libro\/lesglesia-del-mar-edicio-commemorativa-10e-aniversari-9788466337359\/","title":{"rendered":"L&#8221;ESGL\u00c9SIA DEL MAR (EDICI\u00d3 COMMEMORATIVA 10\u00c8 ANIVERSARI)"},"content":{"rendered":"<p>Nova edici\u00f3 commemorativa del gran fenomen editorial: L&#8221;esgl\u00e9sia del mar, d&#8221;Ildefonso Falcones, amb pr\u00f2leg de l&#8221;autor.Una catedral constru\u00efda pel poble i per al poble a la Barcelona  medieval \u00e9s l&#8221;escenari d&#8221;una trepidant hist\u00f2ria d&#8221;intriga, viol\u00e8ncia i passi\u00f3.Segle XIV. La ciutat de Barcelona \u00e9s en un moment de m\u00e0xima  prosperitat, ha crescut cap a la Ribera, l&#8221;humil barri dels  pescadors,  i els seus habitants decideixen construir, amb els diners d&#8221;uns i  l&#8221;esfor\u00e7 dels altres, el temple mari\u00e0 m\u00e9s gran conegut: Santa Maria de la Mar.Una construcci\u00f3 que \u00e9s paral\u00b7lela a l&#8221;atzarosa hist\u00f2ria d&#8221;Arnau, un serf  de la terra que fuig dels abusos d&#8221;un senyor feudal i es refugia a  Barcelona, on es converteix en un ciutad\u00e0 i, gr\u00e0cies a aix\u00f2, en un home lliure.El jove Arnau treballa com a palafrener, bastaix, soldat i canvista. Una  vida extenuant, sempre a l&#8221;empar de l&#8221;esgl\u00e9sia de la mar, que el portar\u00e0  de la mis\u00e8ria dels fugitius a la noblesa i la riquesa. Per\u00f2 amb aquesta  posici\u00f3 privilegiada tamb\u00e9 arriba l&#8221;enveja d&#8221;altres ciutadans que  ordeixen una s\u00f2rdida conjura que posa la seva vida en mans de la Inquisici\u00f3&#8230;L&#8221;esgl\u00e9sia del mar\u00e9s una obra en la qual s&#8221;encreuen lleialtat i  venjan\u00e7a, tra\u00efci\u00f3 i amor, guerra i pesta, en un m\u00f3n marcat per la  intoler\u00e0ncia religiosa, l&#8221;ambici\u00f3 material i la segregaci\u00f3 social. Per tot aix\u00f2, aquesta no \u00e9s nom\u00e9s una novel\u00b7la excepcional, sin\u00f3 tamb\u00e9 la  m\u00e9s fascinant i ambiciosa recreaci\u00f3 de la llum i les ombres de l&#8221;\u00e8poca feudal.Ressenyes:<br \/>\u00abUn relat que es llegeix amb la mateixa avidesa que s&#8221;ha escrit i que un  voldria continuar tot i saber que s&#8221;ha acabat. Un retaule de meravelles.\u00bb<br \/>Jos\u00e9 Enrique Ruiz-Dom\u00e8nec, La Vanguardia\u00ab L&#8221;esgl\u00e9sia del mar despertar\u00e0 passions entre lectors de tota mena, i amb just\u00edcia. Tant de bo tots els bestsellers fossin com  aquest.\u00bb<br \/>Care Santos, El Mundo\u00abUna trama generosa en secrets i tra\u00efcions&#8230; Una notable hist\u00f2ria d&#8221;autosuperaci\u00f3.\u00bb<br \/>Ricard Ruiz Garz\u00f3n, El Peri\u00f3dico de Catalunya\u00abBarcelona ja t\u00e9 el seu Els pilars de la Terra.\u00bb<br \/>Qu\u00e9 Leer<\/p>\n","protected":false},"excerpt":{"rendered":"<p>FALCONES, ILDEFONSO<\/p>\n","protected":false},"featured_media":231259,"template":"","meta":{"_acf_changed":false,"om_disable_all_campaigns":false,"rs_blank_template":"","rs_page_bg_color":"","slide_template_v7":"","inline_featured_image":false,"_monsterinsights_skip_tracking":false,"_monsterinsights_sitenote_active":false,"_monsterinsights_sitenote_note":"","_monsterinsights_sitenote_category":0},"product_brand":[],"product_cat":[87],"product_tag":[],"class_list":{"0":"post-231258","1":"product","2":"type-product","3":"status-publish","4":"has-post-thumbnail","6":"product_cat-literatura","8":"first","9":"instock","10":"taxable","11":"shipping-taxable","12":"purchasable","13":"product-type-simple"},"acf":{"autor":"FALCONES, ILDEFONSO","codart":"846633735","libros-coleccion":"","ediciones":"1","encuadernacion":"Carton\u00e9","fecha_de_publicacion":"01\/07\/2016","novedad":"0","paginas":"665","subtitulo":"","orden":"999","portada":"0","idioma":"cat","editorial":[{"ID":6178,"post_author":"3","post_date":"2022-07-28 17:46:34","post_date_gmt":"2022-07-28 15:46:34","post_content":"","post_title":"DEBOLSILLO","post_excerpt":"","post_status":"publish","comment_status":"closed","ping_status":"closed","post_password":"","post_name":"debolsillo","to_ping":"","pinged":"","post_modified":"2022-07-28 17:46:34","post_modified_gmt":"2022-07-28 15:46:34","post_content_filtered":"","post_parent":0,"guid":"http:\/\/dev.claret.cat\/editorial\/debolsillo\/","menu_order":0,"post_type":"editorial","post_mime_type":"","comment_count":"0","filter":"raw"}],"autores-libros":[{"ID":157840,"post_author":"3","post_date":"2022-10-14 15:32:03","post_date_gmt":"2022-10-14 13:32:03","post_content":"","post_title":"ILDEFONSO FALCONES","post_excerpt":"","post_status":"publish","comment_status":"closed","ping_status":"closed","post_password":"","post_name":"ildefonso-falcones","to_ping":"","pinged":"","post_modified":"2022-10-14 15:32:03","post_modified_gmt":"2022-10-14 13:32:03","post_content_filtered":"","post_parent":0,"guid":"http:\/\/dev.claret.cat\/autor\/ildefonso-falcones\/","menu_order":0,"post_type":"autor","post_mime_type":"","comment_count":"0","filter":"raw"}]},"aioseo_notices":[],"_links":{"self":[{"href":"https:\/\/www.claret.cat\/es\/wp-json\/wp\/v2\/product\/231258","targetHints":{"allow":["GET"]}}],"collection":[{"href":"https:\/\/www.claret.cat\/es\/wp-json\/wp\/v2\/product"}],"about":[{"href":"https:\/\/www.claret.cat\/es\/wp-json\/wp\/v2\/types\/product"}],"wp:featuredmedia":[{"embeddable":true,"href":"https:\/\/www.claret.cat\/es\/wp-json\/wp\/v2\/media\/231259"}],"wp:attachment":[{"href":"https:\/\/www.claret.cat\/es\/wp-json\/wp\/v2\/media?parent=231258"}],"wp:term":[{"taxonomy":"product_brand","embeddable":true,"href":"https:\/\/www.claret.cat\/es\/wp-json\/wp\/v2\/product_brand?post=231258"},{"taxonomy":"product_cat","embeddable":true,"href":"https:\/\/www.claret.cat\/es\/wp-json\/wp\/v2\/product_cat?post=231258"},{"taxonomy":"product_tag","embeddable":true,"href":"https:\/\/www.claret.cat\/es\/wp-json\/wp\/v2\/product_tag?post=231258"}],"curies":[{"name":"wp","href":"https:\/\/api.w.org\/{rel}","templated":true}]}}