{"id":23129,"date":"2022-10-02T09:59:18","date_gmt":"2022-10-02T07:59:18","guid":{"rendered":"http:\/\/dev.claret.cat\/producte\/como-en-un-espejo\/"},"modified":"2024-05-02T06:50:03","modified_gmt":"2024-05-02T04:50:03","slug":"como-en-un-espejo-9788428824408","status":"publish","type":"product","link":"https:\/\/www.claret.cat\/es\/libro\/como-en-un-espejo-9788428824408\/","title":{"rendered":"COMO EN UN ESPEJO"},"content":{"rendered":"<p>Este peque\u00f1o libro trata de la paradoja a la que nos enfrentamos en la actualidad, en la que nada aparece con la rotundidad del blanco o el negro, o con la nitidez de unas l\u00edneas bien definidas. Afinando la sensibilidad -o lo que algunos llaman la &#8216;fina punta del alma&#8217;- atisbamos algo, pero es un algo incierto y confuso. Seguramente tambi\u00e9n es simplista. Dios es tan superior al hombre, es tan de otra &#8216;naturaleza&#8217;, que somos incapaces de reconocer su Presencia, aunque esta se refleje, nos convoque, nos rodee, nos sostenga. Quiz\u00e1 se haga evidencia a veces en aquel que consigue hacer silencio, en el que se hace capacidad, en el que est\u00e1 tocado de una cierta pureza, pero la mayor\u00eda de la gente pasamos sin descubrir que su brisa suave nos roza y sin saber hacia d\u00f3nde nos lleva.<\/p>\n","protected":false},"excerpt":{"rendered":"<p>LOZANO, MERCEDES<\/p>\n","protected":false},"featured_media":337293,"template":"","meta":{"_acf_changed":false,"om_disable_all_campaigns":false,"rs_blank_template":"","rs_page_bg_color":"","slide_template_v7":"","inline_featured_image":false,"_monsterinsights_skip_tracking":false,"_monsterinsights_sitenote_active":false,"_monsterinsights_sitenote_note":"","_monsterinsights_sitenote_category":0},"product_brand":[],"product_cat":[90,540],"product_tag":[],"class_list":{"0":"post-23129","1":"product","2":"type-product","3":"status-publish","4":"has-post-thumbnail","6":"product_cat-altres","7":"product_cat-otros","9":"first","10":"instock","11":"taxable","12":"shipping-taxable","13":"purchasable","14":"product-type-simple"},"acf":{"autor":"LOZANO, MERCEDES","codart":"842882440","libros-coleccion":"","ediciones":"1","encuadernacion":"R\u00fastica","fecha_de_publicacion":"11\/10\/2012","novedad":"0","paginas":"128","subtitulo":"","orden":"999","portada":"0","idioma":"spa","editorial":[{"ID":6335,"post_author":"3","post_date":"2022-07-28 17:49:59","post_date_gmt":"2022-07-28 15:49:59","post_content":"","post_title":"PPC altres","post_excerpt":"","post_status":"publish","comment_status":"closed","ping_status":"closed","post_password":"","post_name":"ppc-altres","to_ping":"","pinged":"","post_modified":"2022-07-28 17:49:59","post_modified_gmt":"2022-07-28 15:49:59","post_content_filtered":"","post_parent":0,"guid":"http:\/\/dev.claret.cat\/editorial\/ppc-altres\/","menu_order":0,"post_type":"editorial","post_mime_type":"","comment_count":"0","filter":"raw"}],"autores-libros":[{"ID":164725,"post_author":"3","post_date":"2022-10-14 17:49:23","post_date_gmt":"2022-10-14 15:49:23","post_content":"","post_title":"MERCEDES LOZANO","post_excerpt":"","post_status":"publish","comment_status":"closed","ping_status":"closed","post_password":"","post_name":"mercedes-lozano","to_ping":"","pinged":"","post_modified":"2022-10-14 17:49:23","post_modified_gmt":"2022-10-14 15:49:23","post_content_filtered":"","post_parent":0,"guid":"http:\/\/dev.claret.cat\/autor\/mercedes-lozano\/","menu_order":0,"post_type":"autor","post_mime_type":"","comment_count":"0","filter":"raw"}]},"aioseo_notices":[],"_links":{"self":[{"href":"https:\/\/www.claret.cat\/es\/wp-json\/wp\/v2\/product\/23129","targetHints":{"allow":["GET"]}}],"collection":[{"href":"https:\/\/www.claret.cat\/es\/wp-json\/wp\/v2\/product"}],"about":[{"href":"https:\/\/www.claret.cat\/es\/wp-json\/wp\/v2\/types\/product"}],"wp:featuredmedia":[{"embeddable":true,"href":"https:\/\/www.claret.cat\/es\/wp-json\/wp\/v2\/media\/337293"}],"wp:attachment":[{"href":"https:\/\/www.claret.cat\/es\/wp-json\/wp\/v2\/media?parent=23129"}],"wp:term":[{"taxonomy":"product_brand","embeddable":true,"href":"https:\/\/www.claret.cat\/es\/wp-json\/wp\/v2\/product_brand?post=23129"},{"taxonomy":"product_cat","embeddable":true,"href":"https:\/\/www.claret.cat\/es\/wp-json\/wp\/v2\/product_cat?post=23129"},{"taxonomy":"product_tag","embeddable":true,"href":"https:\/\/www.claret.cat\/es\/wp-json\/wp\/v2\/product_tag?post=23129"}],"curies":[{"name":"wp","href":"https:\/\/api.w.org\/{rel}","templated":true}]}}